{"id":18178,"date":"2025-09-16T17:25:58","date_gmt":"2025-09-16T15:25:58","guid":{"rendered":"https:\/\/boreait.com\/fr\/?post_type=product&#038;p=18178"},"modified":"2026-02-09T13:12:23","modified_gmt":"2026-02-09T12:12:23","slug":"cable-lvds-lcd-0rcd0v-dc020019n00-pour-dell-latitude-e6420-14-pieces-de-rechange-pour-ordinateur-portable","status":"publish","type":"product","link":"https:\/\/boreait.com\/fr\/produit\/cable-lvds-lcd-0rcd0v-dc020019n00-pour-dell-latitude-e6420-14-pieces-de-rechange-pour-ordinateur-portable\/","title":{"rendered":"C\u00e2ble LVDS LCD 0RCD0V DC020019N00 pour Dell Latitude E6420 14&Prime; \u2013 Pi\u00e8ces de rechange pour ordinateur portable"},"content":{"rendered":"<p data-start=\"576\" data-end=\"866\">Assurez le parfait fonctionnement de l&rsquo;\u00e9cran de votre ordinateur portable Dell Latitude E6420 gr\u00e2ce \u00e0 ce c\u00e2ble LVDS LCD 14&Prime; de haute qualit\u00e9. Compatible avec les mod\u00e8les <strong data-start=\"717\" data-end=\"727\">0RCD0V<\/strong> et <strong data-start=\"732\" data-end=\"747\">DC020019N00<\/strong>, ce c\u00e2ble relie la carte m\u00e8re de votre ordinateur portable \u00e0 l&rsquo;\u00e9cran, garantissant des images nettes et une performance d&rsquo;affichage stable.<\/p>\n<p data-start=\"868\" data-end=\"1072\">Cette pi\u00e8ce de rechange d&rsquo;origine est id\u00e9ale pour r\u00e9parer les ordinateurs portables dont l&rsquo;\u00e9cran scintille, est inexistant ou dont les c\u00e2bles LVDS sont endommag\u00e9s. Toutes les photos de cette annonce sont des images r\u00e9elles de la pi\u00e8ce que vous recevrez.<\/p>\n<p data-start=\"1074\" data-end=\"1093\"><strong data-start=\"1074\" data-end=\"1091\">Principales caract\u00e9ristiques\u00a0:<\/strong><\/p>\n<ul data-start=\"1094\" data-end=\"1373\">\n<li data-start=\"1094\" data-end=\"1149\">\n<p data-start=\"1096\" data-end=\"1149\">Compatible avec les ordinateurs portables Dell Latitude E6420 14 pouces <strong data-start=\"1112\" data-end=\"1147\">E6420<\/strong><\/p>\n<\/li>\n<li data-start=\"1150\" data-end=\"1185\">\n<p data-start=\"1152\" data-end=\"1185\">Mod\u00e8le\u00a0: <strong data-start=\"1159\" data-end=\"1183\">0RCD0V \/ DC020019N00<\/strong><\/p>\n<\/li>\n<li data-start=\"1186\" data-end=\"1226\">\n<p data-start=\"1188\" data-end=\"1226\">Type\u00a0: <strong data-start=\"1194\" data-end=\"1224\">C\u00e2ble LVDS pour \u00e9cran LCD<\/strong><\/p>\n<\/li>\n<li data-start=\"1227\" data-end=\"1332\">\n<p data-start=\"1229\" data-end=\"1332\">Remplacement facile par un professionnel ou un technicien (pour obtenir des conseils d&rsquo;installation, n&rsquo;h\u00e9sitez pas \u00e0 nous contacter)<\/p>\n<\/li>\n<li data-start=\"1333\" data-end=\"1373\">\n<p data-start=\"1335\" data-end=\"1373\"><strong data-start=\"1335\" data-end=\"1350\">Photos r\u00e9elles<\/strong> de la pi\u00e8ce inclus<\/p>\n<\/li>\n<\/ul>\n<p data-start=\"1375\" data-end=\"1532\">Que vous soyez technicien, revendeur ou bricoleur, ce c\u00e2ble LVDS pour Dell Latitude E6420 est une solution fiable pour restaurer l&rsquo;\u00e9cran de votre ordinateur portable.<\/p>\n<p data-start=\"1534\" data-end=\"1659\"><strong data-start=\"1534\" data-end=\"1547\">Mots-cl\u00e9s\u00a0:<\/strong> pi\u00e8ces d\u00e9tach\u00e9es pour ordinateur portable, pi\u00e8ces d\u00e9tach\u00e9es pour Dell Latitude E6420, c\u00e2ble LVDS LCD, remplacement d&rsquo;\u00e9cran d&rsquo;ordinateur portable, pi\u00e8ces d\u00e9tach\u00e9es pour ordinateur portable Dell.<\/p>\n","protected":false},"excerpt":{"rendered":"<p>Am\u00e9liorez ou r\u00e9parez l&rsquo;\u00e9cran de votre Dell Latitude E6420 avec ce c\u00e2ble LVDS LCD 14&Prime; d&rsquo;origine (0RCD0V \/ DC020019N00). Id\u00e9al pour remplacer les connexions d&rsquo;\u00e9cran d\u00e9fectueuses ou endommag\u00e9es de votre ordinateur portable. Photos de la pi\u00e8ce jointes.<\/p>\n","protected":false},"featured_media":18240,"template":"","meta":[],"product_brand":[],"product_cat":[56],"product_tag":[53],"class_list":{"0":"post-18178","1":"product","2":"type-product","3":"status-publish","4":"has-post-thumbnail","6":"product_cat-cables","7":"product_tag-dell","9":"first","10":"instock","11":"taxable","12":"shipping-taxable","13":"purchasable","14":"product-type-simple"},"_links":{"self":[{"href":"https:\/\/boreait.com\/fr\/wp-json\/wp\/v2\/product\/18178","targetHints":{"allow":["GET"]}}],"collection":[{"href":"https:\/\/boreait.com\/fr\/wp-json\/wp\/v2\/product"}],"about":[{"href":"https:\/\/boreait.com\/fr\/wp-json\/wp\/v2\/types\/product"}],"wp:featuredmedia":[{"embeddable":true,"href":"https:\/\/boreait.com\/fr\/wp-json\/wp\/v2\/media\/18240"}],"wp:attachment":[{"href":"https:\/\/boreait.com\/fr\/wp-json\/wp\/v2\/media?parent=18178"}],"wp:term":[{"taxonomy":"product_brand","embeddable":true,"href":"https:\/\/boreait.com\/fr\/wp-json\/wp\/v2\/product_brand?post=18178"},{"taxonomy":"product_cat","embeddable":true,"href":"https:\/\/boreait.com\/fr\/wp-json\/wp\/v2\/product_cat?post=18178"},{"taxonomy":"product_tag","embeddable":true,"href":"https:\/\/boreait.com\/fr\/wp-json\/wp\/v2\/product_tag?post=18178"}],"curies":[{"name":"wp","href":"https:\/\/api.w.org\/{rel}","templated":true}]}}