{"id":18177,"date":"2025-09-16T17:25:58","date_gmt":"2025-09-16T15:25:58","guid":{"rendered":"https:\/\/boreait.com\/fr\/?post_type=product&#038;p=18177"},"modified":"2025-09-16T17:28:11","modified_gmt":"2025-09-16T15:28:11","slug":"cache-inferieur-pour-ordinateur-portable-dell-latitude-e6420-r1x1k-cn-0r1x1k-piece-de-rechange-pieces-detachees-pour-ordinateur-portable","status":"publish","type":"product","link":"https:\/\/boreait.com\/fr\/produit\/cache-inferieur-pour-ordinateur-portable-dell-latitude-e6420-r1x1k-cn-0r1x1k-piece-de-rechange-pieces-detachees-pour-ordinateur-portable\/","title":{"rendered":"Cache inf\u00e9rieur pour ordinateur portable Dell Latitude E6420 R1X1K CN-0R1X1K, pi\u00e8ce de rechange \u2013 Pi\u00e8ces d\u00e9tach\u00e9es pour ordinateur portable"},"content":{"rendered":"<p data-start=\"534\" data-end=\"778\">Assurez-vous que votre ordinateur portable Dell Latitude E6420 reste prot\u00e9g\u00e9 et fonctionnel avec cette coque de base d&rsquo;origine. Cette pi\u00e8ce de rechange (R1X1K \/ CN-0R1X1K) est con\u00e7ue pour s&rsquo;adapter parfaitement \u00e0 votre ordinateur portable, lui offrant durabilit\u00e9 et stabilit\u00e9.<\/p>\n<p data-start=\"780\" data-end=\"805\"><strong data-start=\"780\" data-end=\"803\">Points forts du produit\u00a0:<\/strong><\/p>\n<ul data-start=\"806\" data-end=\"1087\">\n<li data-start=\"806\" data-end=\"851\">\n<p data-start=\"808\" data-end=\"851\"><strong data-start=\"808\" data-end=\"829\">Mod\u00e8le compatible\u00a0:<\/strong> Dell Latitude E6420<\/p>\n<\/li>\n<li data-start=\"852\" data-end=\"899\">\n<p data-start=\"854\" data-end=\"899\"><strong data-start=\"854\" data-end=\"870\">R\u00e9f\u00e9rence\u00a0: R1X1K \/ 0R1X1K \/ CN-0R1X1K<\/p>\n<\/li>\n<li data-start=\"900\" data-end=\"954\">\n<p data-start=\"902\" data-end=\"954\"><strong data-start=\"902\" data-end=\"916\">\u00c9tat\u00a0: Pi\u00e8ce de rechange neuve et de haute qualit\u00e9.<\/p>\n<\/li>\n<li data-start=\"955\" data-end=\"1019\">\n<p data-start=\"957\" data-end=\"1019\"><strong data-start=\"957\" data-end=\"970\">Mat\u00e9riau\u00a0: Plastique durable pour prot\u00e9ger les composants internes.<\/p>\n<\/li>\n<li data-start=\"1020\" data-end=\"1087\">\n<p data-start=\"1022\" data-end=\"1087\"><strong data-start=\"1022\" data-end=\"1033\">Photos\u00a0:<\/strong> Images r\u00e9elles du produit\u00a0: ce que vous voyez est ce que vous obtenez\u00a0!<\/p>\n<\/li>\n<\/ul>\n<p data-start=\"1089\" data-end=\"1280\">Ce cache inf\u00e9rieur pour ordinateur portable est id\u00e9al si votre mod\u00e8le actuel est endommag\u00e9, ray\u00e9 ou us\u00e9. C&rsquo;est une pi\u00e8ce indispensable pour maintenir votre ordinateur portable Dell Latitude E6420 en parfait \u00e9tat.<\/p>\n<p data-start=\"1282\" data-end=\"1391\"><strong data-start=\"1282\" data-end=\"1291\">Remarque\u00a0:<\/strong> Nous ne fournissons pas d&rsquo;instructions d&rsquo;installation, mais si vous avez besoin d&rsquo;aide, n&rsquo;h\u00e9sitez pas \u00e0 nous contacter.<\/p>\n<p data-start=\"1393\" data-end=\"1522\">Am\u00e9liorez votre ordinateur portable d\u00e8s aujourd&rsquo;hui avec cette pi\u00e8ce de rechange fiable et authentique\u00a0! Id\u00e9ale pour les r\u00e9parations, les r\u00e9novations ou l&rsquo;entretien.<\/p>\n","protected":false},"excerpt":{"rendered":"<p>Am\u00e9liorez ou r\u00e9parez votre Dell Latitude E6420 avec ce cache inf\u00e9rieur d&rsquo;origine (R1X1K \/ CN-0R1X1K). Pi\u00e8ce de rechange de haute qualit\u00e9, pr\u00eate \u00e0 installer. Photos authentiques incluses\u00a0!<\/p>\n","protected":false},"featured_media":18239,"template":"","meta":[],"product_brand":[],"product_cat":[52],"product_tag":[53],"class_list":{"0":"post-18177","1":"product","2":"type-product","3":"status-publish","4":"has-post-thumbnail","6":"product_cat-laptop-housing","7":"product_tag-dell","9":"first","10":"instock","11":"taxable","12":"shipping-taxable","13":"purchasable","14":"product-type-simple"},"_links":{"self":[{"href":"https:\/\/boreait.com\/fr\/wp-json\/wp\/v2\/product\/18177","targetHints":{"allow":["GET"]}}],"collection":[{"href":"https:\/\/boreait.com\/fr\/wp-json\/wp\/v2\/product"}],"about":[{"href":"https:\/\/boreait.com\/fr\/wp-json\/wp\/v2\/types\/product"}],"wp:featuredmedia":[{"embeddable":true,"href":"https:\/\/boreait.com\/fr\/wp-json\/wp\/v2\/media\/18239"}],"wp:attachment":[{"href":"https:\/\/boreait.com\/fr\/wp-json\/wp\/v2\/media?parent=18177"}],"wp:term":[{"taxonomy":"product_brand","embeddable":true,"href":"https:\/\/boreait.com\/fr\/wp-json\/wp\/v2\/product_brand?post=18177"},{"taxonomy":"product_cat","embeddable":true,"href":"https:\/\/boreait.com\/fr\/wp-json\/wp\/v2\/product_cat?post=18177"},{"taxonomy":"product_tag","embeddable":true,"href":"https:\/\/boreait.com\/fr\/wp-json\/wp\/v2\/product_tag?post=18177"}],"curies":[{"name":"wp","href":"https:\/\/api.w.org\/{rel}","templated":true}]}}