{"id":18147,"date":"2025-09-16T17:24:42","date_gmt":"2025-09-16T15:24:42","guid":{"rendered":"https:\/\/boreait.com\/fr\/?post_type=product&#038;p=18147"},"modified":"2025-09-16T17:27:16","modified_gmt":"2025-09-16T15:27:16","slug":"webcam-de-rechange-pour-ordinateur-portable-hp-elitebook-840-820-830-g5-g6-authentique-et-testee","status":"publish","type":"product","link":"https:\/\/boreait.com\/fr\/produit\/webcam-de-rechange-pour-ordinateur-portable-hp-elitebook-840-820-830-g5-g6-authentique-et-testee\/","title":{"rendered":"Webcam de rechange pour ordinateur portable HP EliteBook 840 820 830 G5 G6 \u2013 Authentique et test\u00e9e"},"content":{"rendered":"<p data-start=\"580\" data-end=\"646\"><strong data-start=\"580\" data-end=\"644\">Cam\u00e9ra pour ordinateur portable HP EliteBook 840 820 830 G5 G6 \u2013 Pi\u00e8ce de rechange d&rsquo;origine<\/strong><\/p>\n<p data-start=\"648\" data-end=\"879\">Assurez-vous que vos appels vid\u00e9o, conf\u00e9rences et r\u00e9unions en ligne sont toujours clairs gr\u00e2ce \u00e0 cette <strong data-start=\"741\" data-end=\"778\">cam\u00e9ra pour ordinateur portable HP EliteBook 840 820 830 G5 G6<\/strong>. Con\u00e7ue sp\u00e9cifiquement pour ce mod\u00e8le, elle constitue un remplacement fiable pour une webcam d\u00e9fectueuse ou endommag\u00e9e.<\/p>\n<p data-start=\"881\" data-end=\"900\"><strong data-start=\"881\" data-end=\"898\">Principales caract\u00e9ristiques\u00a0:<\/strong><\/p>\n<ul data-start=\"901\" data-end=\"1176\">\n<li data-start=\"901\" data-end=\"960\">\n<p data-start=\"903\" data-end=\"960\">Compatible avec les ordinateurs portables des s\u00e9ries <strong data-start=\"919\" data-end=\"942\">HP EliteBook\u00a0840 820 830 G5 G6<\/strong>.<\/p>\n<\/li>\n<li data-start=\"961\" data-end=\"1033\">\n<p data-start=\"963\" data-end=\"1033\">Webcam haute qualit\u00e9 Pour les appels vid\u00e9o, les r\u00e9unions en ligne et le streaming.<\/p>\n<\/li>\n<li data-start=\"1034\" data-end=\"1086\">\n<p data-start=\"1036\" data-end=\"1086\">Enti\u00e8rement test\u00e9 et en excellent \u00e9tat de fonctionnement.<\/p>\n<\/li>\n<li data-start=\"1087\" data-end=\"1119\">\n<p data-start=\"1089\" data-end=\"1119\">Pi\u00e8ce de rechange HP d&rsquo;origine.<\/p>\n<\/li>\n<li data-start=\"1120\" data-end=\"1176\">\n<p data-start=\"1122\" data-end=\"1176\"><strong data-start=\"1122\" data-end=\"1137\">Photos r\u00e9elles<\/strong> de la pi\u00e8ce que vous recevrez.<\/p>\n<\/li>\n<\/ul>\n<p data-start=\"1178\" data-end=\"1379\">C&rsquo;est la solution id\u00e9ale si votre cam\u00e9ra int\u00e9gr\u00e9e ne fonctionne pas ou si vous avez besoin d&rsquo;une cam\u00e9ra de remplacement pour r\u00e9paration. Bien que nous ne fournissions pas d&rsquo;instructions d&rsquo;installation, vous pouvez <strong data-start=\"1341\" data-end=\"1376\">nous contacter \u00e0 tout moment pour obtenir de l&rsquo;aide<\/strong>.<\/p>\n<p data-start=\"1381\" data-end=\"1521\">Am\u00e9liorez votre exp\u00e9rience utilisateur avec une <strong data-start=\"1444\" data-end=\"1474\">cam\u00e9ra de remplacement de haute qualit\u00e9 pour HP EliteBook 840 820 830 G5 G6<\/strong> et profitez de performances vid\u00e9o nettes et fiables.<\/p>\n<p data-start=\"1523\" data-end=\"1636\">\n","protected":false},"excerpt":{"rendered":"<p data-start=\"298\" data-end=\"526\">Am\u00e9liorez ou remplacez la webcam de votre ordinateur portable HP EliteBook 840 820 830 G5 G6 par cette cam\u00e9ra authentique et enti\u00e8rement test\u00e9e. Id\u00e9ale pour des appels vid\u00e9o clairs et une utilisation fluide. Photos r\u00e9elles de la pi\u00e8ce incluses. Contactez-nous si vous avez besoin d&rsquo;aide.<\/p>\n","protected":false},"featured_media":18215,"template":"","meta":[],"product_brand":[],"product_cat":[59],"product_tag":[61],"class_list":{"0":"post-18147","1":"product","2":"type-product","3":"status-publish","4":"has-post-thumbnail","6":"product_cat-laptop-camera","7":"product_tag-hp","9":"first","10":"instock","11":"taxable","12":"shipping-taxable","13":"purchasable","14":"product-type-simple"},"_links":{"self":[{"href":"https:\/\/boreait.com\/fr\/wp-json\/wp\/v2\/product\/18147","targetHints":{"allow":["GET"]}}],"collection":[{"href":"https:\/\/boreait.com\/fr\/wp-json\/wp\/v2\/product"}],"about":[{"href":"https:\/\/boreait.com\/fr\/wp-json\/wp\/v2\/types\/product"}],"wp:featuredmedia":[{"embeddable":true,"href":"https:\/\/boreait.com\/fr\/wp-json\/wp\/v2\/media\/18215"}],"wp:attachment":[{"href":"https:\/\/boreait.com\/fr\/wp-json\/wp\/v2\/media?parent=18147"}],"wp:term":[{"taxonomy":"product_brand","embeddable":true,"href":"https:\/\/boreait.com\/fr\/wp-json\/wp\/v2\/product_brand?post=18147"},{"taxonomy":"product_cat","embeddable":true,"href":"https:\/\/boreait.com\/fr\/wp-json\/wp\/v2\/product_cat?post=18147"},{"taxonomy":"product_tag","embeddable":true,"href":"https:\/\/boreait.com\/fr\/wp-json\/wp\/v2\/product_tag?post=18147"}],"curies":[{"name":"wp","href":"https:\/\/api.w.org\/{rel}","templated":true}]}}