{"id":18143,"date":"2025-09-16T17:24:41","date_gmt":"2025-09-16T15:24:41","guid":{"rendered":"https:\/\/boreait.com\/fr\/?post_type=product&#038;p=18143"},"modified":"2025-09-16T17:26:57","modified_gmt":"2025-09-16T15:26:57","slug":"remplacement-des-boutons-du-pave-tactile-pour-hp-elitebook-zbook-piece-compatible-l14381-001","status":"publish","type":"product","link":"https:\/\/boreait.com\/fr\/produit\/remplacement-des-boutons-du-pave-tactile-pour-hp-elitebook-zbook-piece-compatible-l14381-001\/","title":{"rendered":"Remplacement des boutons du pav\u00e9 tactile pour HP EliteBook\/ZBook \u2013 Pi\u00e8ce compatible L14381-001"},"content":{"rendered":"<p data-start=\"542\" data-end=\"798\">Am\u00e9liorez ou r\u00e9parez votre ordinateur portable HP avec ces <strong data-start=\"602\" data-end=\"634\">boutons de pav\u00e9 tactile de remplacement<\/strong> de qualit\u00e9 authentique. Con\u00e7ue pour les mod\u00e8les <strong data-start=\"652\" data-end=\"690\">HP EliteBook 745 et 840 (G5 et G6)<\/strong> ainsi que <strong data-start=\"702\" data-end=\"728\">HP ZBook 14u (G5 et G6)<\/strong>, cette pi\u00e8ce garantit un clic fluide et des performances fiables.<\/p>\n<p data-start=\"800\" data-end=\"820\"><strong data-start=\"800\" data-end=\"820\">D\u00e9tails du produit\u00a0:<\/strong><\/p>\n<ul data-start=\"821\" data-end=\"1153\">\n<li data-start=\"821\" data-end=\"914\">\n<p data-start=\"823\" data-end=\"914\"><strong data-start=\"823\" data-end=\"845\">Mod\u00e8les compatibles\u00a0:<\/strong> HP EliteBook 745 G5\/G6, HP EliteBook 840 G5\/G6, HP ZBook 14u G5\/G6<\/p>\n<\/li>\n<li data-start=\"915\" data-end=\"983\">\n<p data-start=\"917\" data-end=\"983\"><strong data-start=\"917\" data-end=\"934\">R\u00e9f\u00e9rences\u00a0:<\/strong> L14381-001, PS1714, 6037B0137001, 6037B0137601<\/p>\n<\/li>\n<li data-start=\"984\" data-end=\"1038\">\n<p data-start=\"986\" data-end=\"1038\"><strong data-start=\"986\" data-end=\"1000\">\u00c9tat\u00a0:<\/strong> Neuf, haute qualit\u00e9 Remplacement<\/p>\n<\/li>\n<li data-start=\"1039\" data-end=\"1078\">\n<p data-start=\"1041\" data-end=\"1078\"><strong data-start=\"1041\" data-end=\"1054\">Comprend\u00a0:<\/strong> Boutons du pav\u00e9 tactile uniquement<\/p>\n<\/li>\n<li data-start=\"1079\" data-end=\"1153\">\n<p data-start=\"1081\" data-end=\"1153\"><strong data-start=\"1081\" data-end=\"1092\">Photos\u00a0:<\/strong> Toutes les images sont des photos r\u00e9elles du produit que vous recevrez.<\/p>\n<\/li>\n<\/ul>\n<p data-start=\"1155\" data-end=\"1291\">Cette pi\u00e8ce de rechange est id\u00e9ale pour r\u00e9parer les boutons du pav\u00e9 tactile us\u00e9s ou cass\u00e9s sans avoir \u00e0 acheter un pav\u00e9 tactile complet. Assemblage.<\/p>\n<p data-start=\"1293\" data-end=\"1408\"><strong data-start=\"1293\" data-end=\"1302\">Remarque\u00a0:<\/strong> Nous ne fournissons pas d&rsquo;instructions d&rsquo;installation, mais si vous avez besoin d&rsquo;aide, n&rsquo;h\u00e9sitez pas \u00e0 nous <strong data-start=\"1383\" data-end=\"1397\">nous contacter par message<\/strong> \u00e0 tout moment.<\/p>\n<p data-start=\"1410\" data-end=\"1578\">Id\u00e9al pour tous ceux qui recherchent des <strong data-start=\"1439\" data-end=\"1464\">pi\u00e8ces d\u00e9tach\u00e9es fiables pour ordinateur portable<\/strong> afin de restaurer le pav\u00e9 tactile de leur HP EliteBook ou ZBook. Commandez d\u00e8s maintenant pour que votre ordinateur portable fonctionne comme neuf\u00a0!<\/p>\n","protected":false},"excerpt":{"rendered":"<p>Boutons de remplacement de haute qualit\u00e9 pour pav\u00e9 tactile, compatibles avec les HP EliteBook 745\/840 G5 et G6 et ZBook 14u G5 et G6. Photos r\u00e9elles incluses. Contactez-nous si vous avez besoin d&rsquo;aide\u00a0!<\/p>\n","protected":false},"featured_media":18205,"template":"","meta":[],"product_brand":[],"product_cat":[63],"product_tag":[61],"class_list":{"0":"post-18143","1":"product","2":"type-product","3":"status-publish","4":"has-post-thumbnail","6":"product_cat-motherboards-board-parts","7":"product_tag-hp","9":"first","10":"instock","11":"taxable","12":"shipping-taxable","13":"purchasable","14":"product-type-simple"},"_links":{"self":[{"href":"https:\/\/boreait.com\/fr\/wp-json\/wp\/v2\/product\/18143","targetHints":{"allow":["GET"]}}],"collection":[{"href":"https:\/\/boreait.com\/fr\/wp-json\/wp\/v2\/product"}],"about":[{"href":"https:\/\/boreait.com\/fr\/wp-json\/wp\/v2\/types\/product"}],"wp:featuredmedia":[{"embeddable":true,"href":"https:\/\/boreait.com\/fr\/wp-json\/wp\/v2\/media\/18205"}],"wp:attachment":[{"href":"https:\/\/boreait.com\/fr\/wp-json\/wp\/v2\/media?parent=18143"}],"wp:term":[{"taxonomy":"product_brand","embeddable":true,"href":"https:\/\/boreait.com\/fr\/wp-json\/wp\/v2\/product_brand?post=18143"},{"taxonomy":"product_cat","embeddable":true,"href":"https:\/\/boreait.com\/fr\/wp-json\/wp\/v2\/product_cat?post=18143"},{"taxonomy":"product_tag","embeddable":true,"href":"https:\/\/boreait.com\/fr\/wp-json\/wp\/v2\/product_tag?post=18143"}],"curies":[{"name":"wp","href":"https:\/\/api.w.org\/{rel}","templated":true}]}}