{"id":18135,"date":"2025-09-16T17:24:17","date_gmt":"2025-09-16T15:24:17","guid":{"rendered":"https:\/\/boreait.com\/fr\/?post_type=product&#038;p=18135"},"modified":"2025-09-16T17:26:52","modified_gmt":"2025-09-16T15:26:52","slug":"dissipateur-thermique-et-ventilateur-pour-ordinateur-portable-hp-elitebook-zbook-745-g5-840-g5-g6-14u-g5-l14372-001","status":"publish","type":"product","link":"https:\/\/boreait.com\/fr\/produit\/dissipateur-thermique-et-ventilateur-pour-ordinateur-portable-hp-elitebook-zbook-745-g5-840-g5-g6-14u-g5-l14372-001\/","title":{"rendered":"Dissipateur thermique et ventilateur pour ordinateur portable HP EliteBook \/ ZBook 745 G5 840 G5 G6 14u G5 L14372-001"},"content":{"rendered":"<p data-start=\"639\" data-end=\"777\">Assurez-vous des performances optimales et \u00e9vitez la surchauffe avec ce <strong data-start=\"700\" data-end=\"735\">dissipateur thermique et ventilateur pour ordinateur portable HP d&rsquo;origine<\/strong>, con\u00e7u pour un refroidissement fluide et silencieux.<\/p>\n<p data-start=\"779\" data-end=\"799\"><strong data-start=\"779\" data-end=\"797\">Compatibilit\u00e9\u00a0:<\/strong><\/p>\n<ul data-start=\"800\" data-end=\"872\">\n<li data-start=\"800\" data-end=\"823\">\n<p data-start=\"802\" data-end=\"823\">HP EliteBook 745 G5<\/p>\n<\/li>\n<li data-start=\"824\" data-end=\"852\">\n<p data-start=\"826\" data-end=\"852\">HP EliteBook 840 G5 \/ G6<\/p>\n<\/li>\n<li data-start=\"853\" data-end=\"872\">\n<p data-start=\"855\" data-end=\"872\">HP ZBook 14u G5<\/p>\n<\/li>\n<\/ul>\n<p data-start=\"874\" data-end=\"983\"><strong data-start=\"874\" data-end=\"890\">R\u00e9f\u00e9rence\u00a0:<\/strong> L14372-001 \/ EG75050S1-C010-S9A<br data-start=\"922\" data-end=\"925\" \/><strong data-start=\"925\" data-end=\"934\">Type\u00a0:<\/strong> Ventilateur de dissipateur thermique UMA (Unified Memory Architecture)<\/p>\n<p data-start=\"985\" data-end=\"1000\"><strong data-start=\"985\" data-end=\"998\">Caract\u00e9ristiques\u00a0:<\/strong><\/p>\n<ul data-start=\"1001\" data-end=\"1237\">\n<li data-start=\"1001\" data-end=\"1050\">\n<p data-start=\"1003\" data-end=\"1050\">Refroidissement efficace pour les ordinateurs portables soumis \u00e0 une utilisation intensive<\/p>\n<\/li>\n<li data-start=\"1051\" data-end=\"1096\">\n<p data-start=\"1053\" data-end=\"1096\">Pi\u00e8ce de qualit\u00e9 OEM pour des performances fiables<\/p>\n<\/li>\n<li data-start=\"1097\" data-end=\"1168\">\n<p data-start=\"1099\" data-end=\"1168\">Maintient la temp\u00e9rature de votre ordinateur portable Stable, \u00e9vitant les \u00e9tranglements thermiques.<\/p>\n<\/li>\n<li data-start=\"1169\" data-end=\"1237\">\n<p data-start=\"1171\" data-end=\"1237\">Photos r\u00e9elles de la pi\u00e8ce fournie\u00a0: exactement ce que vous recevrez.<\/p>\n<\/li>\n<\/ul>\n<p data-start=\"1239\" data-end=\"1251\"><strong data-start=\"1239\" data-end=\"1249\">Remarques\u00a0:<\/strong><\/p>\n<ul data-start=\"1252\" data-end=\"1410\">\n<li data-start=\"1252\" data-end=\"1316\">\n<p data-start=\"1254\" data-end=\"1316\">Ceci est une pi\u00e8ce de rechange pour le syst\u00e8me de refroidissement de votre ordinateur portable.<\/p>\n<\/li>\n<li data-start=\"1317\" data-end=\"1410\">\n<p data-start=\"1319\" data-end=\"1410\">Nous ne fournissons pas d&rsquo;instructions d&rsquo;installation, mais vous pouvez nous contacter si vous avez besoin d&rsquo;aide.<\/p>\n<\/li>\n<\/ul>\n<p data-start=\"1412\" data-end=\"1644\">Am\u00e9liorez votre ordinateur portable avec ce <strong data-start=\"1442\" data-end=\"1474\">ventilateur de dissipateur thermique HP de haute qualit\u00e9<\/strong> et assurez-vous que votre syst\u00e8me reste frais pendant le travail, les jeux ou les t\u00e2ches quotidiennes. Id\u00e9al pour tous ceux qui recherchent des <strong data-start=\"1582\" data-end=\"1607\">pi\u00e8ces d\u00e9tach\u00e9es fiables<\/strong> pour les ordinateurs portables HP EliteBook ou ZBook.<\/p>\n","protected":false},"excerpt":{"rendered":"<p>Am\u00e9liorez ou remplacez le syst\u00e8me de refroidissement de votre ordinateur portable avec ce ventilateur de radiateur d&rsquo;origine pour HP EliteBook et ZBook 14u G5. Compatible avec les mod\u00e8les 745 G5, 840 G5\/G6 et ZBook 14u G5, r\u00e9f\u00e9rence <strong data-start=\"489\" data-end=\"524\">L14372-001 \/ EG75050S1-C010-S9A<\/strong>. Photos r\u00e9elles incluses. Contactez-nous pour toute aide \u00e0 l&rsquo;installation.<\/p>\n","protected":false},"featured_media":18204,"template":"","meta":[],"product_brand":[],"product_cat":[69],"product_tag":[61],"class_list":{"0":"post-18135","1":"product","2":"type-product","3":"status-publish","4":"has-post-thumbnail","6":"product_cat-cpu-fans-heatsinks","7":"product_tag-hp","9":"first","10":"instock","11":"taxable","12":"shipping-taxable","13":"purchasable","14":"product-type-simple"},"_links":{"self":[{"href":"https:\/\/boreait.com\/fr\/wp-json\/wp\/v2\/product\/18135","targetHints":{"allow":["GET"]}}],"collection":[{"href":"https:\/\/boreait.com\/fr\/wp-json\/wp\/v2\/product"}],"about":[{"href":"https:\/\/boreait.com\/fr\/wp-json\/wp\/v2\/types\/product"}],"wp:featuredmedia":[{"embeddable":true,"href":"https:\/\/boreait.com\/fr\/wp-json\/wp\/v2\/media\/18204"}],"wp:attachment":[{"href":"https:\/\/boreait.com\/fr\/wp-json\/wp\/v2\/media?parent=18135"}],"wp:term":[{"taxonomy":"product_brand","embeddable":true,"href":"https:\/\/boreait.com\/fr\/wp-json\/wp\/v2\/product_brand?post=18135"},{"taxonomy":"product_cat","embeddable":true,"href":"https:\/\/boreait.com\/fr\/wp-json\/wp\/v2\/product_cat?post=18135"},{"taxonomy":"product_tag","embeddable":true,"href":"https:\/\/boreait.com\/fr\/wp-json\/wp\/v2\/product_tag?post=18135"}],"curies":[{"name":"wp","href":"https:\/\/api.w.org\/{rel}","templated":true}]}}