{"id":18134,"date":"2025-09-16T17:24:17","date_gmt":"2025-09-16T15:24:17","guid":{"rendered":"https:\/\/boreait.com\/fr\/?post_type=product&#038;p=18134"},"modified":"2026-02-09T13:11:05","modified_gmt":"2026-02-09T12:11:05","slug":"remplacement-des-charnieres-de-lecran-lcd-des-hp-elitebook-830-840-g5-g6-doccasion","status":"publish","type":"product","link":"https:\/\/boreait.com\/fr\/produit\/remplacement-des-charnieres-de-lecran-lcd-des-hp-elitebook-830-840-g5-g6-doccasion\/","title":{"rendered":"Remplacement des charni\u00e8res de l&rsquo;\u00e9cran LCD des HP EliteBook 830 840 G5 G6 | D&rsquo;occasion"},"content":{"rendered":"<p data-start=\"548\" data-end=\"809\">Am\u00e9liorez ou r\u00e9parez votre HP EliteBook\u00a0830 840 G5 G6 avec nos <strong data-start=\"600\" data-end=\"627\">charni\u00e8res LCD de haute qualit\u00e9<\/strong>, con\u00e7ues pour restaurer un mouvement fluide et la stabilit\u00e9 de l&rsquo;\u00e9cran. Ces charni\u00e8res de rechange sont <strong data-start=\"716\" data-end=\"754\">r\u00e9sistantes et fabriqu\u00e9es avec pr\u00e9cision<\/strong> pour correspondre aux sp\u00e9cifications d&rsquo;origine de votre ordinateur portable.<\/p>\n<p data-start=\"811\" data-end=\"830\"><strong data-start=\"811\" data-end=\"828\">Caract\u00e9ristiques principales\u00a0:<\/strong><\/p>\n<ul data-start=\"831\" data-end=\"1202\">\n<li data-start=\"831\" data-end=\"882\">\n<p data-start=\"833\" data-end=\"882\">Compatibles avec les mod\u00e8les <strong data-start=\"849\" data-end=\"872\">HP EliteBook\u00a0<\/strong>830 840 G5 G6.<\/p>\n<\/li>\n<li data-start=\"883\" data-end=\"963\">\n<p data-start=\"885\" data-end=\"963\">Fabriqu\u00e9 \u00e0 partir de <strong data-start=\"895\" data-end=\"929\">mat\u00e9riaux robustes et durables<\/strong> pour garantir des performances fiables.<\/p>\n<\/li>\n<li data-start=\"964\" data-end=\"1037\">\n<p data-start=\"966\" data-end=\"1037\"><strong data-start=\"966\" data-end=\"981\">Photos r\u00e9elles<\/strong> incluses\u00a0: ce que vous voyez est exactement ce que vous recevrez.<\/p>\n<\/li>\n<li data-start=\"1038\" data-end=\"1124\">\n<p data-start=\"1040\" data-end=\"1124\">Id\u00e9al pour <strong data-start=\"1050\" data-end=\"1086\">r\u00e9parer des charni\u00e8res cass\u00e9es ou desserr\u00e9es<\/strong> ou remplacer un ordinateur portable us\u00e9 Pi\u00e8ces d\u00e9tach\u00e9es.<\/p>\n<\/li>\n<li data-start=\"1125\" data-end=\"1202\">\n<p data-start=\"1127\" data-end=\"1202\">Facile \u00e0 installer\u00a0; si vous avez besoin de <strong data-start=\"1156\" data-end=\"1199\">conseils suppl\u00e9mentaires, n&rsquo;h\u00e9sitez pas \u00e0 nous contacter<\/strong>.<\/p>\n<\/li>\n<\/ul>\n<p data-start=\"1204\" data-end=\"1454\">Nos <strong data-start=\"1208\" data-end=\"1224\">pi\u00e8ces d\u00e9tach\u00e9es pour ordinateur portable<\/strong> sont soigneusement inspect\u00e9es et emball\u00e9es pour une livraison s\u00e9curis\u00e9e. Que vous soyez amateur d&rsquo;ordinateurs portables ou technicien professionnel, ces charni\u00e8res sont essentielles au maintien en parfait \u00e9tat de fonctionnement de votre EliteBook.<\/p>\n<p data-start=\"1456\" data-end=\"1584\"><strong data-start=\"1456\" data-end=\"1465\">Remarque\u00a0:<\/strong> Nous ne vendons que des pi\u00e8ces. Les instructions de remplacement ne sont pas incluses, mais une assistance est disponible par messagerie si n\u00e9cessaire.<\/p>\n","protected":false},"excerpt":{"rendered":"<p>Charni\u00e8res LCD de remplacement haut de gamme pour HP EliteBook 830 840 G5 G6. Pi\u00e8ces d&rsquo;ordinateur portable durables et de haute qualit\u00e9. Photos r\u00e9elles des charni\u00e8res incluses. Id\u00e9al pour une r\u00e9paration ou une mise \u00e0 niveau. Contactez-nous si vous avez besoin de conseils.<\/p>\n","protected":false},"featured_media":18198,"template":"","meta":[],"product_brand":[],"product_cat":[55],"product_tag":[61],"class_list":{"0":"post-18134","1":"product","2":"type-product","3":"status-publish","4":"has-post-thumbnail","6":"product_cat-screen-hinge","7":"product_tag-hp","9":"first","10":"instock","11":"taxable","12":"shipping-taxable","13":"purchasable","14":"product-type-simple"},"_links":{"self":[{"href":"https:\/\/boreait.com\/fr\/wp-json\/wp\/v2\/product\/18134","targetHints":{"allow":["GET"]}}],"collection":[{"href":"https:\/\/boreait.com\/fr\/wp-json\/wp\/v2\/product"}],"about":[{"href":"https:\/\/boreait.com\/fr\/wp-json\/wp\/v2\/types\/product"}],"wp:featuredmedia":[{"embeddable":true,"href":"https:\/\/boreait.com\/fr\/wp-json\/wp\/v2\/media\/18198"}],"wp:attachment":[{"href":"https:\/\/boreait.com\/fr\/wp-json\/wp\/v2\/media?parent=18134"}],"wp:term":[{"taxonomy":"product_brand","embeddable":true,"href":"https:\/\/boreait.com\/fr\/wp-json\/wp\/v2\/product_brand?post=18134"},{"taxonomy":"product_cat","embeddable":true,"href":"https:\/\/boreait.com\/fr\/wp-json\/wp\/v2\/product_cat?post=18134"},{"taxonomy":"product_tag","embeddable":true,"href":"https:\/\/boreait.com\/fr\/wp-json\/wp\/v2\/product_tag?post=18134"}],"curies":[{"name":"wp","href":"https:\/\/api.w.org\/{rel}","templated":true}]}}