{"id":18123,"date":"2025-09-16T17:23:51","date_gmt":"2025-09-16T15:23:51","guid":{"rendered":"https:\/\/boreait.com\/fr\/?post_type=product&#038;p=18123"},"modified":"2026-02-09T13:10:20","modified_gmt":"2026-02-09T12:10:20","slug":"support-de-disque-dur-oem-avec-vis-pour-hp-elitebook-14-hp-840-g1-g2-850-g1-g2-803389-001-pieces-detachees-pour-ordinateur-portable","status":"publish","type":"product","link":"https:\/\/boreait.com\/fr\/produit\/support-de-disque-dur-oem-avec-vis-pour-hp-elitebook-14-hp-840-g1-g2-850-g1-g2-803389-001-pieces-detachees-pour-ordinateur-portable\/","title":{"rendered":"Support de disque dur OEM avec vis pour HP EliteBook 14&Prime; HP 840 G1\/G2 850 G1\/G2 803389-001 \u2013 Pi\u00e8ces d\u00e9tach\u00e9es pour ordinateur portable"},"content":{"rendered":"<p data-start=\"542\" data-end=\"619\"><strong data-start=\"542\" data-end=\"619\">Support de disque dur OEM avec vis pour HP EliteBook 14&Prime; HP 840 G1\/G2 850 G1\/G2 \u2013 Pi\u00e8ces d\u00e9tach\u00e9es pour ordinateur portable<\/strong><\/p>\n<p data-start=\"621\" data-end=\"896\">Assurez-vous que le stockage de votre ordinateur portable est s\u00e9curis\u00e9 et fonctionnel gr\u00e2ce \u00e0 ce <strong data-start=\"683\" data-end=\"722\">support de disque dur OEM HP d&rsquo;origine<\/strong>, sp\u00e9cialement con\u00e7u pour le <strong data-start=\"754\" data-end=\"781\">HP EliteBook 14&Prime;\u00a0<\/strong>HP 840 G1\/G2 850 G1\/G2. Ce support vous permet de monter et de prot\u00e9ger correctement votre disque dur tout en assurant le bon fonctionnement de votre ordinateur portable.<\/p>\n<p data-start=\"898\" data-end=\"917\"><strong data-start=\"898\" data-end=\"915\">Principales caract\u00e9ristiques\u00a0:<\/strong><\/p>\n<ul data-start=\"918\" data-end=\"1207\">\n<li data-start=\"918\" data-end=\"967\">\n<p data-start=\"920\" data-end=\"967\"><strong data-start=\"920\" data-end=\"941\">Mod\u00e8le compatible\u00a0:<\/strong> HP EliteBook 14 pouces HP 840 G1\/G2 850 G1\/G2<\/p>\n<\/li>\n<li data-start=\"968\" data-end=\"999\">\n<p data-start=\"970\" data-end=\"999\"><strong data-start=\"970\" data-end=\"986\">R\u00e9f\u00e9rence\u00a0: 803389-001<\/p>\n<\/li>\n<li data-start=\"1000\" data-end=\"1038\">\n<p data-start=\"1002\" data-end=\"1038\"><strong data-start=\"1002\" data-end=\"1011\">Type\u00a0: Bo\u00eetier de disque dur OEM<\/p>\n<\/li>\n<li data-start=\"1039\" data-end=\"1072\">\n<p data-start=\"1041\" data-end=\"1072\"><strong data-start=\"1041\" data-end=\"1054\">Comprend\u00a0: Vis de montage<\/p>\n<\/li>\n<li data-start=\"1073\" data-end=\"1119\">\n<p data-start=\"1075\" data-end=\"1119\"><strong data-start=\"1075\" data-end=\"1089\">\u00c9tat\u00a0: Pi\u00e8ce d&rsquo;origine OEM neuve.<\/p>\n<\/li>\n<li data-start=\"1120\" data-end=\"1207\">\n<p data-start=\"1122\" data-end=\"1207\"><strong data-start=\"1122\" data-end=\"1133\">Photos\u00a0: Photos r\u00e9elles du produit incluses pour que vous sachiez exactement ce que vous recevrez.<\/p>\n<\/li>\n<\/ul>\n<p data-start=\"1209\" data-end=\"1443\">Ce support de disque dur est une <strong data-start=\"1247\" data-end=\"1262\">pi\u00e8ce essentielle pour ordinateur portable<\/strong> pour remplacer ou mettre \u00e0 niveau le stockage de votre HP EliteBook HP 840 G1\/G2 850. G1\/G2. Il garantit la fixation s\u00e9curis\u00e9e de votre disque dur, pr\u00e9venant ainsi les dommages et maintenant des performances optimales de votre ordinateur portable.<\/p>\n<p data-start=\"1445\" data-end=\"1561\"><strong data-start=\"1445\" data-end=\"1454\">Remarque\u00a0:<\/strong> Nous ne fournissons pas d&rsquo;instructions d&rsquo;installation, mais si vous avez besoin d&rsquo;aide, vous pouvez <strong data-start=\"1536\" data-end=\"1558\">nous contacter \u00e0 tout moment<\/strong>.<\/p>\n<p data-start=\"1563\" data-end=\"1665\">Id\u00e9al pour tous ceux qui souhaitent entretenir, r\u00e9parer ou mettre \u00e0 niveau leur ordinateur portable HP EliteBook. Livraison dans le monde entier\u00a0!<\/p>\n","protected":false},"excerpt":{"rendered":"<p>Mettez \u00e0 niveau ou remplacez le disque dur de votre HP EliteBook 14&Prime; HP 840 G1\/G2 850 G1\/G2 en toute s\u00e9curit\u00e9 gr\u00e2ce \u00e0 ce support de disque dur d&rsquo;origine. Livr\u00e9 avec vis et r\u00e9f\u00e9rence 803389-001. Photos r\u00e9elles incluses\u00a0\u2013 pr\u00eat \u00e0 \u00eatre exp\u00e9di\u00e9 dans le monde entier\u00a0!<\/p>\n","protected":false},"featured_media":18193,"template":"","meta":[],"product_brand":[],"product_cat":[52],"product_tag":[61],"class_list":{"0":"post-18123","1":"product","2":"type-product","3":"status-publish","4":"has-post-thumbnail","6":"product_cat-laptop-housing","7":"product_tag-hp","9":"first","10":"instock","11":"taxable","12":"shipping-taxable","13":"purchasable","14":"product-type-simple"},"_links":{"self":[{"href":"https:\/\/boreait.com\/fr\/wp-json\/wp\/v2\/product\/18123","targetHints":{"allow":["GET"]}}],"collection":[{"href":"https:\/\/boreait.com\/fr\/wp-json\/wp\/v2\/product"}],"about":[{"href":"https:\/\/boreait.com\/fr\/wp-json\/wp\/v2\/types\/product"}],"wp:featuredmedia":[{"embeddable":true,"href":"https:\/\/boreait.com\/fr\/wp-json\/wp\/v2\/media\/18193"}],"wp:attachment":[{"href":"https:\/\/boreait.com\/fr\/wp-json\/wp\/v2\/media?parent=18123"}],"wp:term":[{"taxonomy":"product_brand","embeddable":true,"href":"https:\/\/boreait.com\/fr\/wp-json\/wp\/v2\/product_brand?post=18123"},{"taxonomy":"product_cat","embeddable":true,"href":"https:\/\/boreait.com\/fr\/wp-json\/wp\/v2\/product_cat?post=18123"},{"taxonomy":"product_tag","embeddable":true,"href":"https:\/\/boreait.com\/fr\/wp-json\/wp\/v2\/product_tag?post=18123"}],"curies":[{"name":"wp","href":"https:\/\/api.w.org\/{rel}","templated":true}]}}