{"id":18122,"date":"2025-09-16T17:23:51","date_gmt":"2025-09-16T15:23:51","guid":{"rendered":"https:\/\/boreait.com\/fr\/?post_type=product&#038;p=18122"},"modified":"2026-02-09T13:09:53","modified_gmt":"2026-02-09T12:09:53","slug":"carte-usb-vga-avec-cable-pour-ordinateur-portable-hp-elitebook-840-850-g1-g2-6050a2638201","status":"publish","type":"product","link":"https:\/\/boreait.com\/fr\/produit\/carte-usb-vga-avec-cable-pour-ordinateur-portable-hp-elitebook-840-850-g1-g2-6050a2638201\/","title":{"rendered":"Carte USB VGA avec c\u00e2ble pour ordinateur portable HP EliteBook 840 850 G1 G2 (6050A2638201)"},"content":{"rendered":"<p data-start=\"601\" data-end=\"766\">Il s&rsquo;agit d&rsquo;une <strong data-start=\"619\" data-end=\"660\">carte USB et VGA d&rsquo;origine pour HP EliteBook 840 850 G1 G2<\/strong> (r\u00e9f\u00e9rence 6050A2638201), con\u00e7ue pour remplacer ou r\u00e9parer les fonctionnalit\u00e9s USB et VGA de votre ordinateur portable.<\/p>\n<p data-start=\"768\" data-end=\"787\"><strong data-start=\"768\" data-end=\"785\">Principales caract\u00e9ristiques\u00a0:<\/strong><\/p>\n<ul data-start=\"788\" data-end=\"1011\">\n<li data-start=\"788\" data-end=\"843\">\n<p data-start=\"790\" data-end=\"843\">Compatible avec <strong data-start=\"806\" data-end=\"833\">HP EliteBook 840 Ordinateurs portables 850 G1 G2 14&Prime;<\/strong><\/p>\n<\/li>\n<li data-start=\"844\" data-end=\"883\">\n<p data-start=\"846\" data-end=\"883\">Comprend un <strong data-start=\"855\" data-end=\"881\">port USB et une carte VGA<\/strong><\/p>\n<\/li>\n<li data-start=\"884\" data-end=\"932\">\n<p data-start=\"886\" data-end=\"932\">Livr\u00e9 avec le <strong data-start=\"901\" data-end=\"930\">c\u00e2ble de connexion d&rsquo;origine<\/strong><\/p>\n<\/li>\n<li data-start=\"933\" data-end=\"964\">\n<p data-start=\"935\" data-end=\"964\">Test\u00e9 et enti\u00e8rement fonctionnel<\/p>\n<\/li>\n<li data-start=\"965\" data-end=\"1011\">\n<p data-start=\"967\" data-end=\"1011\"><strong data-start=\"967\" data-end=\"982\">Photos r\u00e9elles<\/strong> de la pi\u00e8ce fournie.<\/p>\n<\/li>\n<\/ul>\n<p data-start=\"1013\" data-end=\"1181\">Cette carte est id\u00e9ale pour remplacer une connexion USB ou VGA endommag\u00e9e ou non fonctionnelle de votre ordinateur portable. Cette pi\u00e8ce de haute qualit\u00e9 est id\u00e9ale pour les r\u00e9parations ou les mises \u00e0 niveau.<\/p>\n<p data-start=\"1183\" data-end=\"1205\"><strong data-start=\"1183\" data-end=\"1203\">Remarques importantes\u00a0:<\/strong><\/p>\n<ul data-start=\"1206\" data-end=\"1393\">\n<li data-start=\"1206\" data-end=\"1311\">\n<p data-start=\"1208\" data-end=\"1311\">Nous <strong data-start=\"1211\" data-end=\"1254\">ne fournissons pas d&rsquo;instructions de remplacement<\/strong>, mais les acheteurs peuvent <strong data-start=\"1271\" data-end=\"1285\">nous contacter<\/strong> pour obtenir des conseils si n\u00e9cessaire.<\/p>\n<\/li>\n<li data-start=\"1312\" data-end=\"1393\">\n<p data-start=\"1314\" data-end=\"1393\">Cette pi\u00e8ce est <strong data-start=\"1326\" data-end=\"1359\">authentique et s\u00e9lectionn\u00e9e avec soin<\/strong>, garantissant des performances fiables.<\/p>\n<\/li>\n<\/ul>\n<p data-start=\"1395\" data-end=\"1511\">Am\u00e9liorez votre HP EliteBook 840 G1 d\u00e8s aujourd&rsquo;hui avec cette pi\u00e8ce essentielle pour ordinateur portable. restaurer toutes les fonctionnalit\u00e9s USB et VGA.<\/p>\n","protected":false},"excerpt":{"rendered":"<p>Am\u00e9liorez ou r\u00e9parez votre HP EliteBook 840 850 G1 G2 avec cette carte USB et VGA d&rsquo;origine (r\u00e9f\u00e9rence 6050A2638201). C\u00e2ble de connexion inclus. Photos r\u00e9elles incluses. Contactez-nous si vous avez besoin d&rsquo;aide pour l&rsquo;installation.<\/p>\n","protected":false},"featured_media":18185,"template":"","meta":[],"product_brand":[],"product_cat":[63],"product_tag":[61],"class_list":{"0":"post-18122","1":"product","2":"type-product","3":"status-publish","4":"has-post-thumbnail","6":"product_cat-motherboards-board-parts","7":"product_tag-hp","9":"first","10":"instock","11":"taxable","12":"shipping-taxable","13":"purchasable","14":"product-type-simple"},"_links":{"self":[{"href":"https:\/\/boreait.com\/fr\/wp-json\/wp\/v2\/product\/18122","targetHints":{"allow":["GET"]}}],"collection":[{"href":"https:\/\/boreait.com\/fr\/wp-json\/wp\/v2\/product"}],"about":[{"href":"https:\/\/boreait.com\/fr\/wp-json\/wp\/v2\/types\/product"}],"wp:featuredmedia":[{"embeddable":true,"href":"https:\/\/boreait.com\/fr\/wp-json\/wp\/v2\/media\/18185"}],"wp:attachment":[{"href":"https:\/\/boreait.com\/fr\/wp-json\/wp\/v2\/media?parent=18122"}],"wp:term":[{"taxonomy":"product_brand","embeddable":true,"href":"https:\/\/boreait.com\/fr\/wp-json\/wp\/v2\/product_brand?post=18122"},{"taxonomy":"product_cat","embeddable":true,"href":"https:\/\/boreait.com\/fr\/wp-json\/wp\/v2\/product_cat?post=18122"},{"taxonomy":"product_tag","embeddable":true,"href":"https:\/\/boreait.com\/fr\/wp-json\/wp\/v2\/product_tag?post=18122"}],"curies":[{"name":"wp","href":"https:\/\/api.w.org\/{rel}","templated":true}]}}