{"id":18121,"date":"2025-09-16T17:23:51","date_gmt":"2025-09-16T15:23:51","guid":{"rendered":"https:\/\/boreait.com\/fr\/?post_type=product&#038;p=18121"},"modified":"2026-02-09T13:09:32","modified_gmt":"2026-02-09T12:09:32","slug":"carte-mere-pour-ordinateur-portable-hp-756748-001-intel-wireless-n-7265ngw-m-2-ngff-wi-fi-bluetooth","status":"publish","type":"product","link":"https:\/\/boreait.com\/fr\/produit\/carte-mere-pour-ordinateur-portable-hp-756748-001-intel-wireless-n-7265ngw-m-2-ngff-wi-fi-bluetooth\/","title":{"rendered":"Carte m\u00e8re pour ordinateur portable HP 756748-001 Intel Wireless-N 7265NGW M.2 NGFF Wi-Fi Bluetooth"},"content":{"rendered":"<p data-start=\"687\" data-end=\"985\">Am\u00e9liorez les performances sans fil de votre ordinateur portable avec cette <strong data-start=\"740\" data-end=\"808\">carte Wi-Fi et Bluetooth HP 756748-001 Intel Wireless-N 7265NGW M.2<\/strong>. Cette <strong data-start=\"815\" data-end=\"838\">pi\u00e8ce d&rsquo;origine pour ordinateur portable<\/strong> est con\u00e7ue pour une int\u00e9gration transparente avec les ordinateurs portables HP compatibles et offre des connexions stables et haut d\u00e9bit pour les appareils Wi-Fi et Bluetooth.<\/p>\n<p data-start=\"987\" data-end=\"1006\"><strong data-start=\"987\" data-end=\"1004\">Caract\u00e9ristiques principales\u00a0:<\/strong><\/p>\n<ul data-start=\"1007\" data-end=\"1364\">\n<li data-start=\"1007\" data-end=\"1062\">\n<p data-start=\"1009\" data-end=\"1062\">Mod\u00e8le\u00a0: <strong data-start=\"1016\" data-end=\"1060\">HP 756748-001 \/ Intel Wireless-N 7265NGW<\/strong><\/p>\n<\/li>\n<li data-start=\"1063\" data-end=\"1115\">\n<p data-start=\"1065\" data-end=\"1115\">Interface\u00a0: <strong data-start=\"1076\" data-end=\"1113\">NGFF M.2 (\u00e9galement appel\u00e9 M.2 2230)<\/strong><\/p>\n<\/li>\n<li data-start=\"1116\" data-end=\"1185\">\n<p data-start=\"1118\" data-end=\"1185\">Connectivit\u00e9\u00a0: <strong data-start=\"1132\" data-end=\"1183\">Wi-Fi double bande (802.11 a\/b\/g\/n) + Bluetooth 4.0<\/strong><\/p>\n<\/li>\n<li data-start=\"1186\" data-end=\"1263\">\n<p data-start=\"1188\" data-end=\"1263\">R\u00e9seau sans fil haut d\u00e9bit pour Internet, streaming et transfert de fichiers<\/p>\n<\/li>\n<li data-start=\"1264\" data-end=\"1312\">\n<p data-start=\"1266\" data-end=\"1312\">Installation facile pour remplacement ou mise \u00e0 niveau<\/p>\n<\/li>\n<li data-start=\"1313\" data-end=\"1364\">\n<p data-start=\"1315\" data-end=\"1364\">Pi\u00e8ce HP d&rsquo;origine pour la fiabilit\u00e9 et les performances<\/p>\n<\/li>\n<\/ul>\n<p data-start=\"1366\" data-end=\"1639\"><strong data-start=\"1366\" data-end=\"1391\">Pourquoi choisir cette pi\u00e8ce\u00a0:<\/strong><br data-start=\"1391\" data-end=\"1394\" \/>Cette carte est id\u00e9ale pour les ordinateurs portables n\u00e9cessitant une <strong data-start=\"1437\" data-end=\"1474\">module WiFi\/Bluetooth de remplacement<\/strong> ou pour ceux qui cherchent \u00e0 passer \u00e0 une connexion sans fil plus stable. Il est compatible avec une vari\u00e9t\u00e9 d&rsquo;ordinateurs portables HP et assure une connectivit\u00e9 fluide pour une utilisation quotidienne.<\/p>\n<p data-start=\"1641\" data-end=\"1663\"><strong data-start=\"1641\" data-end=\"1661\">Remarques importantes\u00a0:<\/strong><\/p>\n<ul data-start=\"1664\" data-end=\"1871\">\n<li data-start=\"1664\" data-end=\"1743\">\n<p data-start=\"1666\" data-end=\"1743\">Les photos pr\u00e9sent\u00e9es dans l&rsquo;annonce sont de <strong data-start=\"1692\" data-end=\"1725\">v\u00e9ritables photos de la pi\u00e8ce<\/strong> que vous recevrez.<\/p>\n<\/li>\n<li data-start=\"1744\" data-end=\"1871\">\n<p data-start=\"1746\" data-end=\"1871\">Non Des instructions de remplacement sont fournies\u00a0; si vous avez besoin d&rsquo;aide pour l&rsquo;installation, n&rsquo;h\u00e9sitez pas \u00e0 nous <strong data-start=\"1841\" data-end=\"1868\">contacter pour obtenir des conseils<\/strong>.<\/p>\n<\/li>\n<\/ul>\n","protected":false},"excerpt":{"rendered":"<p>Am\u00e9liorez ou remplacez la connectivit\u00e9 sans fil de votre ordinateur portable avec cette carte Intel Wireless-N 7265NGW M.2 HP 756748-001 d&rsquo;origine. Compatible Wi-Fi et Bluetooth, elle offre des connexions rapides et fiables. Id\u00e9ale pour les ordinateurs portables n\u00e9cessitant un remplacement ou des performances sans fil am\u00e9lior\u00e9es. Photos authentiques incluses.<\/p>\n","protected":false},"featured_media":18184,"template":"","meta":[],"product_brand":[],"product_cat":[63],"product_tag":[],"class_list":{"0":"post-18121","1":"product","2":"type-product","3":"status-publish","4":"has-post-thumbnail","6":"product_cat-motherboards-board-parts","8":"first","9":"instock","10":"taxable","11":"shipping-taxable","12":"purchasable","13":"product-type-simple"},"_links":{"self":[{"href":"https:\/\/boreait.com\/fr\/wp-json\/wp\/v2\/product\/18121","targetHints":{"allow":["GET"]}}],"collection":[{"href":"https:\/\/boreait.com\/fr\/wp-json\/wp\/v2\/product"}],"about":[{"href":"https:\/\/boreait.com\/fr\/wp-json\/wp\/v2\/types\/product"}],"wp:featuredmedia":[{"embeddable":true,"href":"https:\/\/boreait.com\/fr\/wp-json\/wp\/v2\/media\/18184"}],"wp:attachment":[{"href":"https:\/\/boreait.com\/fr\/wp-json\/wp\/v2\/media?parent=18121"}],"wp:term":[{"taxonomy":"product_brand","embeddable":true,"href":"https:\/\/boreait.com\/fr\/wp-json\/wp\/v2\/product_brand?post=18121"},{"taxonomy":"product_cat","embeddable":true,"href":"https:\/\/boreait.com\/fr\/wp-json\/wp\/v2\/product_cat?post=18121"},{"taxonomy":"product_tag","embeddable":true,"href":"https:\/\/boreait.com\/fr\/wp-json\/wp\/v2\/product_tag?post=18121"}],"curies":[{"name":"wp","href":"https:\/\/api.w.org\/{rel}","templated":true}]}}