{"id":18112,"date":"2025-09-16T17:23:27","date_gmt":"2025-09-16T15:23:27","guid":{"rendered":"https:\/\/boreait.com\/fr\/?post_type=product&#038;p=18112"},"modified":"2026-02-09T13:07:19","modified_gmt":"2026-02-09T12:07:19","slug":"carte-dalimentation-dorigine-pour-hp-elitebook-745-g2-avec-cable-piece-de-rechange-pour-ordinateur-portable-6c50a2560301","status":"publish","type":"product","link":"https:\/\/boreait.com\/fr\/produit\/carte-dalimentation-dorigine-pour-hp-elitebook-745-g2-avec-cable-piece-de-rechange-pour-ordinateur-portable-6c50a2560301\/","title":{"rendered":"Carte d&rsquo;alimentation d&rsquo;origine pour HP EliteBook 745 G2 avec c\u00e2ble \u2013 Pi\u00e8ce de rechange pour ordinateur portable 6C50A2560301"},"content":{"rendered":"<p data-start=\"531\" data-end=\"727\">Am\u00e9liorez ou r\u00e9parez votre HP EliteBook 745 G2 avec cette <strong data-start=\"584\" data-end=\"630\">carte bouton d&rsquo;alimentation d&rsquo;origine (6C50A2560301)<\/strong>. Cette pi\u00e8ce de rechange de haute qualit\u00e9 garantit le parfait fonctionnement de l&rsquo;alimentation de votre ordinateur portable.<\/p>\n<p data-start=\"729\" data-end=\"751\"><strong data-start=\"729\" data-end=\"749\">D\u00e9tails du produit\u00a0:<\/strong><\/p>\n<ul data-start=\"752\" data-end=\"1000\">\n<li data-start=\"752\" data-end=\"786\">\n<p data-start=\"754\" data-end=\"786\">Mod\u00e8le\u00a0: <strong data-start=\"761\" data-end=\"784\">HP EliteBook 745 G2<\/strong><\/p>\n<\/li>\n<li data-start=\"787\" data-end=\"824\">\n<p data-start=\"789\" data-end=\"824\">Type de pi\u00e8ce\u00a0: <strong data-start=\"800\" data-end=\"822\">Carte du bouton d&rsquo;alimentation &#8211; avec c\u00e2ble plat<\/strong><\/p>\n<\/li>\n<li data-start=\"825\" data-end=\"862\">\n<p data-start=\"827\" data-end=\"862\">R\u00e9f\u00e9rence OEM\u00a0: <strong data-start=\"844\" data-end=\"860\">6C50A2560301<\/strong><\/p>\n<\/li>\n<li data-start=\"863\" data-end=\"920\">\n<p data-start=\"865\" data-end=\"920\">\u00c9tat\u00a0: <strong data-start=\"876\" data-end=\"918\">Original, test\u00e9 et enti\u00e8rement fonctionnel<\/strong><\/p>\n<\/li>\n<li data-start=\"921\" data-end=\"1000\">\n<p data-start=\"923\" data-end=\"1000\">Photos\u00a0: <strong data-start=\"931\" data-end=\"998\">Toutes les photos de l&rsquo;article que vous recevrez sont r\u00e9elles.<\/strong><\/p>\n<\/li>\n<\/ul>\n<p data-start=\"1002\" data-end=\"1199\">Cette carte d&rsquo;alimentation est une <strong data-start=\"1042\" data-end=\"1069\">pi\u00e8ce de rechange essentielle pour ordinateur portable<\/strong> afin de maintenir ou de restaurer le fonctionnement de votre EliteBook. Elle est id\u00e9ale pour toute personne rencontrant des probl\u00e8mes d&rsquo;alimentation.<\/p>\n<p data-start=\"1201\" data-end=\"1369\">Nous <strong data-start=\"1204\" data-end=\"1248\">ne fournissons pas d&rsquo;instructions d&rsquo;installation<\/strong>, mais notre \u00e9quipe se fera un plaisir de r\u00e9pondre \u00e0 toutes vos questions. Pour plus d&rsquo;informations ou de conseils, envoyez-nous simplement un <strong data-start=\"1304\" data-end=\"1325\">message<\/strong>.<\/p>\n<p data-start=\"1371\" data-end=\"1475\">Id\u00e9al pour les propri\u00e9taires d&rsquo;ordinateurs portables HP \u00e0 la recherche de <strong data-start=\"1405\" data-end=\"1430\">pi\u00e8ces d\u00e9tach\u00e9es fiables pour ordinateurs portables<\/strong>, livr\u00e9es rapidement en Europe et dans le monde entier.<\/p>\n","protected":false},"excerpt":{"rendered":"<p>Carte d&rsquo;alimentation d&rsquo;origine pour HP EliteBook 745 G2 (6C50A2560301) \u2013 pi\u00e8ce de rechange de haute qualit\u00e9 pour votre ordinateur portable. Photos du produit incluses. Pour toute aide \u00e0 l&rsquo;installation, n&rsquo;h\u00e9sitez pas \u00e0 nous contacter.<\/p>\n","protected":false},"featured_media":18182,"template":"","meta":[],"product_brand":[],"product_cat":[63],"product_tag":[61],"class_list":{"0":"post-18112","1":"product","2":"type-product","3":"status-publish","4":"has-post-thumbnail","6":"product_cat-motherboards-board-parts","7":"product_tag-hp","9":"first","10":"instock","11":"taxable","12":"shipping-taxable","13":"purchasable","14":"product-type-simple"},"_links":{"self":[{"href":"https:\/\/boreait.com\/fr\/wp-json\/wp\/v2\/product\/18112","targetHints":{"allow":["GET"]}}],"collection":[{"href":"https:\/\/boreait.com\/fr\/wp-json\/wp\/v2\/product"}],"about":[{"href":"https:\/\/boreait.com\/fr\/wp-json\/wp\/v2\/types\/product"}],"wp:featuredmedia":[{"embeddable":true,"href":"https:\/\/boreait.com\/fr\/wp-json\/wp\/v2\/media\/18182"}],"wp:attachment":[{"href":"https:\/\/boreait.com\/fr\/wp-json\/wp\/v2\/media?parent=18112"}],"wp:term":[{"taxonomy":"product_brand","embeddable":true,"href":"https:\/\/boreait.com\/fr\/wp-json\/wp\/v2\/product_brand?post=18112"},{"taxonomy":"product_cat","embeddable":true,"href":"https:\/\/boreait.com\/fr\/wp-json\/wp\/v2\/product_cat?post=18112"},{"taxonomy":"product_tag","embeddable":true,"href":"https:\/\/boreait.com\/fr\/wp-json\/wp\/v2\/product_tag?post=18112"}],"curies":[{"name":"wp","href":"https:\/\/api.w.org\/{rel}","templated":true}]}}