{"id":18110,"date":"2025-09-16T17:23:26","date_gmt":"2025-09-16T15:23:26","guid":{"rendered":"https:\/\/boreait.com\/fr\/?post_type=product&#038;p=18110"},"modified":"2026-02-09T13:06:52","modified_gmt":"2026-02-09T12:06:52","slug":"haut-parleur-de-rechange-pour-ordinateur-portable-hp-elitebook-840-g2-haut-parleur-interne-de-haute-qualite-teste-et-authentique","status":"publish","type":"product","link":"https:\/\/boreait.com\/fr\/produit\/haut-parleur-de-rechange-pour-ordinateur-portable-hp-elitebook-840-g2-haut-parleur-interne-de-haute-qualite-teste-et-authentique\/","title":{"rendered":"Haut-parleur de rechange pour ordinateur portable HP EliteBook 840 G2 \u2013 Haut-parleur interne de haute qualit\u00e9, test\u00e9 et authentique."},"content":{"rendered":"<p data-start=\"624\" data-end=\"815\">Redonnez vie \u00e0 votre HP EliteBook 840 G2 avec ce haut-parleur interne de remplacement pour ordinateur portable d&rsquo;origine. Cette pi\u00e8ce est id\u00e9ale pour les utilisateurs dont le son est faible, d\u00e9form\u00e9 ou inexistant sur leur ordinateur portable.<\/p>\n<p data-start=\"817\" data-end=\"842\"><strong data-start=\"817\" data-end=\"840\">Points forts du produit\u00a0:<\/strong><\/p>\n<ul data-start=\"843\" data-end=\"1154\">\n<li data-start=\"843\" data-end=\"895\">\n<p data-start=\"845\" data-end=\"895\">Compatible avec les ordinateurs portables <strong data-start=\"861\" data-end=\"884\">HP EliteBook 840 G2<\/strong>.<\/p>\n<\/li>\n<li data-start=\"896\" data-end=\"965\">\n<p data-start=\"898\" data-end=\"965\">Haute qualit\u00e9 <strong data-start=\"911\" data-end=\"938\">Haut-parleur interne pour ordinateur portable<\/strong> pour un son cristallin.<\/p>\n<\/li>\n<li data-start=\"966\" data-end=\"1016\">\n<p data-start=\"968\" data-end=\"1016\">Enti\u00e8rement test\u00e9 et fonctionnel\u00a0; Pr\u00eat \u00e0 installer.<\/p>\n<\/li>\n<li data-start=\"1017\" data-end=\"1085\">\n<p data-start=\"1019\" data-end=\"1085\">Photos r\u00e9elles de la pi\u00e8ce incluses\u00a0: vous recevrez ce que vous voyez.<\/p>\n<\/li>\n<li data-start=\"1086\" data-end=\"1154\">\n<p data-start=\"1088\" data-end=\"1154\">Id\u00e9al pour remplacer des haut-parleurs endommag\u00e9s, cass\u00e9s ou d\u00e9fectueux.<\/p>\n<\/li>\n<\/ul>\n<p data-start=\"1156\" data-end=\"1376\">Ce haut-parleur est une <strong data-start=\"1174\" data-end=\"1197\">pi\u00e8ce d&rsquo;origine pour ordinateur portable<\/strong>, con\u00e7ue pour restaurer la qualit\u00e9 sonore d&rsquo;origine de votre appareil. Que vous en ayez besoin pour le travail, les m\u00e9dias ou une utilisation occasionnelle, ce remplacement garantit des performances audio fiables.<\/p>\n<p data-start=\"1378\" data-end=\"1538\"><strong data-start=\"1378\" data-end=\"1387\">Remarque\u00a0:<\/strong> Nous ne fournissons pas d&rsquo;instructions d&rsquo;installation, mais si vous avez besoin d&rsquo;aide pour identifier ou installer la pi\u00e8ce, n&rsquo;h\u00e9sitez pas \u00e0 nous contacter\u00a0; nous serons ravis de vous aider.<\/p>\n<p data-start=\"1540\" data-end=\"1719\">Id\u00e9al pour tous ceux qui recherchent des <strong data-start=\"1581\" data-end=\"1600\">pi\u00e8ces d\u00e9tach\u00e9es pour ordinateur portable HP<\/strong> authentiques, avec une livraison rapide en Europe et dans le monde entier. Am\u00e9liorez votre EliteBook 840 G2 d\u00e8s aujourd&rsquo;hui avec cette pi\u00e8ce essentielle pour ordinateur portable\u00a0!<\/p>\n","protected":false},"excerpt":{"rendered":"<p>Am\u00e9liorez ou remplacez le haut-parleur interne de votre HP EliteBook 840 G2 avec cette pi\u00e8ce de rechange de haute qualit\u00e9. Pi\u00e8ce d&rsquo;origine pour ordinateur portable, enti\u00e8rement test\u00e9e, pr\u00eate \u00e0 restaurer un son clair et puissant. Contactez-nous si vous avez besoin d&rsquo;aide\u00a0!<\/p>\n","protected":false},"featured_media":18181,"template":"","meta":[],"product_brand":[],"product_cat":[54],"product_tag":[61],"class_list":{"0":"post-18110","1":"product","2":"type-product","3":"status-publish","4":"has-post-thumbnail","6":"product_cat-laptop-speakers","7":"product_tag-hp","9":"first","10":"instock","11":"taxable","12":"shipping-taxable","13":"purchasable","14":"product-type-simple"},"_links":{"self":[{"href":"https:\/\/boreait.com\/fr\/wp-json\/wp\/v2\/product\/18110","targetHints":{"allow":["GET"]}}],"collection":[{"href":"https:\/\/boreait.com\/fr\/wp-json\/wp\/v2\/product"}],"about":[{"href":"https:\/\/boreait.com\/fr\/wp-json\/wp\/v2\/types\/product"}],"wp:featuredmedia":[{"embeddable":true,"href":"https:\/\/boreait.com\/fr\/wp-json\/wp\/v2\/media\/18181"}],"wp:attachment":[{"href":"https:\/\/boreait.com\/fr\/wp-json\/wp\/v2\/media?parent=18110"}],"wp:term":[{"taxonomy":"product_brand","embeddable":true,"href":"https:\/\/boreait.com\/fr\/wp-json\/wp\/v2\/product_brand?post=18110"},{"taxonomy":"product_cat","embeddable":true,"href":"https:\/\/boreait.com\/fr\/wp-json\/wp\/v2\/product_cat?post=18110"},{"taxonomy":"product_tag","embeddable":true,"href":"https:\/\/boreait.com\/fr\/wp-json\/wp\/v2\/product_tag?post=18110"}],"curies":[{"name":"wp","href":"https:\/\/api.w.org\/{rel}","templated":true}]}}