{"id":18108,"date":"2025-09-16T17:23:26","date_gmt":"2025-09-16T15:23:26","guid":{"rendered":"https:\/\/boreait.com\/fr\/?post_type=product&#038;p=18108"},"modified":"2025-09-16T17:25:51","modified_gmt":"2025-09-16T15:25:51","slug":"couvercle-inferieur-765809-001-pour-hp-elitebook-840-g1-g2-piece-de-rechange-pour-ordinateur-portable","status":"publish","type":"product","link":"https:\/\/boreait.com\/fr\/produit\/couvercle-inferieur-765809-001-pour-hp-elitebook-840-g1-g2-piece-de-rechange-pour-ordinateur-portable\/","title":{"rendered":"Couvercle inf\u00e9rieur 765809-001 pour HP EliteBook 840 G1 G2 &#8211; Pi\u00e8ce de rechange pour ordinateur portable"},"content":{"rendered":"<p data-start=\"576\" data-end=\"769\">Remplacez ou mettez \u00e0 niveau votre HP EliteBook 840 G1 \/ G2 avec ce couvercle inf\u00e9rieur de haute qualit\u00e9. Con\u00e7ue sp\u00e9cifiquement pour le mod\u00e8le 840 G2, cette pi\u00e8ce pour ordinateur portable assure la protection et la robustesse de votre appareil.<\/p>\n<p data-start=\"771\" data-end=\"790\"><strong data-start=\"771\" data-end=\"788\">Caract\u00e9ristiques principales\u00a0:<\/strong><\/p>\n<ul data-start=\"791\" data-end=\"1099\">\n<li data-start=\"791\" data-end=\"863\">\n<p data-start=\"793\" data-end=\"863\">Cache inf\u00e9rieur de rechange d&rsquo;origine compatible avec HP EliteBook 840 G1 G2 \/ 765809-001<\/p>\n<\/li>\n<li data-start=\"864\" data-end=\"936\">\n<p data-start=\"866\" data-end=\"936\">Durable et l\u00e9ger, il prot\u00e8ge votre ordinateur portable de l&rsquo;usure. d\u00e9chirure<\/p>\n<\/li>\n<li data-start=\"937\" data-end=\"1020\">\n<p data-start=\"939\" data-end=\"1020\">Ajustement parfait pour une installation facile (n&rsquo;h\u00e9sitez pas \u00e0 nous contacter si vous avez besoin de conseils)<\/p>\n<\/li>\n<li data-start=\"1021\" data-end=\"1099\">\n<p data-start=\"1023\" data-end=\"1099\">Photos r\u00e9elles du produit que vous recevrez, gage de transparence et de confiance.<\/p>\n<\/li>\n<\/ul>\n<p data-start=\"1101\" data-end=\"1315\">Ce cache inf\u00e9rieur est id\u00e9al pour r\u00e9parer une base d&rsquo;ordinateur portable endommag\u00e9e ou us\u00e9e, restaurant ainsi la stabilit\u00e9 et l&rsquo;apparence de votre HP EliteBook. C&rsquo;est une pi\u00e8ce essentielle pour tous ceux qui entretiennent ou r\u00e9novent leur ordinateur portable.<\/p>\n<p data-start=\"1317\" data-end=\"1422\"><strong data-start=\"1317\" data-end=\"1326\">Remarque\u00a0:<\/strong> Nous ne fournissons pas d&rsquo;instructions d&rsquo;installation, mais vous pouvez nous contacter si vous avez besoin d&rsquo;aide.<\/p>\n<p data-start=\"1424\" data-end=\"1559\">Am\u00e9liorez votre ordinateur portable d\u00e8s aujourd&rsquo;hui avec ce cache inf\u00e9rieur fiable pour HP EliteBook 840 G1 et G2\u00a0\u2013 une pi\u00e8ce indispensable pour garantir long\u00e9vit\u00e9 et protection.<\/p>\n","protected":false},"excerpt":{"rendered":"<p>Am\u00e9liorez ou r\u00e9parez votre HP EliteBook 840 G2 avec ce cache inf\u00e9rieur d&rsquo;origine. Pi\u00e8ce d&rsquo;ordinateur portable durable et de haute qualit\u00e9, avec de vraies photos du produit que vous recevrez.<\/p>\n","protected":false},"featured_media":18174,"template":"","meta":[],"product_brand":[],"product_cat":[52],"product_tag":[],"class_list":{"0":"post-18108","1":"product","2":"type-product","3":"status-publish","4":"has-post-thumbnail","6":"product_cat-laptop-housing","8":"first","9":"instock","10":"taxable","11":"shipping-taxable","12":"purchasable","13":"product-type-simple"},"_links":{"self":[{"href":"https:\/\/boreait.com\/fr\/wp-json\/wp\/v2\/product\/18108","targetHints":{"allow":["GET"]}}],"collection":[{"href":"https:\/\/boreait.com\/fr\/wp-json\/wp\/v2\/product"}],"about":[{"href":"https:\/\/boreait.com\/fr\/wp-json\/wp\/v2\/types\/product"}],"wp:featuredmedia":[{"embeddable":true,"href":"https:\/\/boreait.com\/fr\/wp-json\/wp\/v2\/media\/18174"}],"wp:attachment":[{"href":"https:\/\/boreait.com\/fr\/wp-json\/wp\/v2\/media?parent=18108"}],"wp:term":[{"taxonomy":"product_brand","embeddable":true,"href":"https:\/\/boreait.com\/fr\/wp-json\/wp\/v2\/product_brand?post=18108"},{"taxonomy":"product_cat","embeddable":true,"href":"https:\/\/boreait.com\/fr\/wp-json\/wp\/v2\/product_cat?post=18108"},{"taxonomy":"product_tag","embeddable":true,"href":"https:\/\/boreait.com\/fr\/wp-json\/wp\/v2\/product_tag?post=18108"}],"curies":[{"name":"wp","href":"https:\/\/api.w.org\/{rel}","templated":true}]}}