{"id":18096,"date":"2025-09-16T17:23:00","date_gmt":"2025-09-16T15:23:00","guid":{"rendered":"https:\/\/boreait.com\/fr\/?post_type=product&#038;p=18096"},"modified":"2025-09-16T17:25:17","modified_gmt":"2025-09-16T15:25:17","slug":"pieces-detachees-pour-ordinateur-portable-hp-elitebook-840-g1-g2-740-745-pn-779682-001","status":"publish","type":"product","link":"https:\/\/boreait.com\/fr\/produit\/pieces-detachees-pour-ordinateur-portable-hp-elitebook-840-g1-g2-740-745-pn-779682-001\/","title":{"rendered":"Pi\u00e8ces d\u00e9tach\u00e9es pour ordinateur portable HP EliteBook 840 G1 G2 740 745 PN 779682-001"},"content":{"rendered":"<p data-start=\"796\" data-end=\"1117\">Ceci est une pi\u00e8ce d&rsquo;origine pour ordinateur portable\u00a0: le <strong data-start=\"814\" data-end=\"829\">couvercle sup\u00e9rieur ou avant A+B de l&rsquo;\u00e9cran LCD<\/strong> con\u00e7u pour la s\u00e9rie HP EliteBook. Il est enti\u00e8rement compatible avec les mod\u00e8les <strong data-start=\"929\" data-end=\"996\">HP EliteBook 840 G1, 840 G2, 740 G1, 745 G1, 740 G2 et 745 G2<\/strong>. Les r\u00e9f\u00e9rences de pi\u00e8ces incluent <strong data-start=\"1030\" data-end=\"1044\">779682-001<\/strong> et <strong data-start=\"1049\" data-end=\"1063\">730949-001<\/strong>, garantissant un ajustement et une finition parfaits pour votre appareil.<\/p>\n<p data-start=\"1119\" data-end=\"1373\">Que votre coque d&rsquo;origine soit ray\u00e9e, fissur\u00e9e ou cass\u00e9e, cette coque de rechange donne \u00e0 votre ordinateur portable un aspect neuf et professionnel. En tant que coque HP d&rsquo;origine, elle offre une durabilit\u00e9, un alignement correct et une finition impeccable par rapport aux remplacements g\u00e9n\u00e9riques.<\/p>\n<p data-start=\"1375\" data-end=\"1402\">\u2714 <strong data-start=\"1377\" data-end=\"1400\">Points forts du produit\u00a0:<\/strong><\/p>\n<ul data-start=\"1403\" data-end=\"1722\">\n<li data-start=\"1403\" data-end=\"1454\">\n<p data-start=\"1405\" data-end=\"1454\">Pi\u00e8ce d&rsquo;origine pour ordinateur portable <strong data-start=\"1413\" data-end=\"1428\">HP EliteBook<\/p>\n<\/li>\n<li data-start=\"1455\" data-end=\"1484\">\n<p data-start=\"1457\" data-end=\"1484\">Couvercle sup\u00e9rieur\/avant A+B de l&rsquo;\u00e9cran LCD<\/p>\n<\/li>\n<li data-start=\"1485\" data-end=\"1555\">\n<p data-start=\"1487\" data-end=\"1555\">Compatible avec <strong data-start=\"1503\" data-end=\"1553\">840 G1, 840 G2, 740 G1, 745 G1, 740 G2, 745 G2<\/strong><\/p>\n<\/li>\n<li data-start=\"1556\" data-end=\"1600\">\n<p data-start=\"1558\" data-end=\"1600\">R\u00e9f\u00e9rences\u00a0: <strong data-start=\"1572\" data-end=\"1598\">779682-001, 730949-001<\/strong><\/p>\n<\/li>\n<li data-start=\"1601\" data-end=\"1658\">\n<p data-start=\"1603\" data-end=\"1658\">Id\u00e9al pour restaurer l&rsquo;apparence d&rsquo;origine de votre ordinateur portable.<\/p>\n<\/li>\n<li data-start=\"1659\" data-end=\"1722\">\n<p data-start=\"1661\" data-end=\"1722\">Photos r\u00e9elles du produit\u00a0: vous recevrez exactement ce que vous voyez.<\/p>\n<\/li>\n<\/ul>\n<p data-start=\"1724\" data-end=\"1850\">\ud83d\udd27 <strong data-start=\"1727\" data-end=\"1743\">Remarque\u00a0:<\/strong><br data-start=\"1743\" data-end=\"1746\" \/>Les instructions d&rsquo;installation ne sont pas incluses, mais si vous Besoin de conseils\u00a0? N&rsquo;h\u00e9sitez pas \u00e0 nous contacter \u00e0 tout moment.<\/p>\n<p data-start=\"1852\" data-end=\"1931\">\ud83d\udcf8 Les photos de l&rsquo;annonce sont r\u00e9elles et repr\u00e9sentent exactement la pi\u00e8ce que vous recevrez.<\/p>\n<p data-start=\"1933\" data-end=\"2136\">Cette housse est une solution fiable pour restaurer l&rsquo;aspect de votre HP EliteBook sans compromettre la qualit\u00e9. Id\u00e9ale pour les ateliers de r\u00e9paration, les techniciens informatiques et les bricoleurs amateurs d&rsquo;ordinateurs portables.<\/p>\n","protected":false},"excerpt":{"rendered":"<p>Pi\u00e8ce d&rsquo;origine de haute qualit\u00e9 pour ordinateur portable \u2013 Coque sup\u00e9rieure\/avant A+B compatible avec les s\u00e9ries HP EliteBook 840 G1\/G2, 740 et 745. Pi\u00e8ce de rechange d&rsquo;origine avec r\u00e9f\u00e9rences 779682-001 et 730949-001.<\/p>\n","protected":false},"featured_media":18160,"template":"","meta":[],"product_brand":[],"product_cat":[52],"product_tag":[61],"class_list":{"0":"post-18096","1":"product","2":"type-product","3":"status-publish","4":"has-post-thumbnail","6":"product_cat-laptop-housing","7":"product_tag-hp","9":"first","10":"instock","11":"taxable","12":"shipping-taxable","13":"purchasable","14":"product-type-simple"},"_links":{"self":[{"href":"https:\/\/boreait.com\/fr\/wp-json\/wp\/v2\/product\/18096","targetHints":{"allow":["GET"]}}],"collection":[{"href":"https:\/\/boreait.com\/fr\/wp-json\/wp\/v2\/product"}],"about":[{"href":"https:\/\/boreait.com\/fr\/wp-json\/wp\/v2\/types\/product"}],"wp:featuredmedia":[{"embeddable":true,"href":"https:\/\/boreait.com\/fr\/wp-json\/wp\/v2\/media\/18160"}],"wp:attachment":[{"href":"https:\/\/boreait.com\/fr\/wp-json\/wp\/v2\/media?parent=18096"}],"wp:term":[{"taxonomy":"product_brand","embeddable":true,"href":"https:\/\/boreait.com\/fr\/wp-json\/wp\/v2\/product_brand?post=18096"},{"taxonomy":"product_cat","embeddable":true,"href":"https:\/\/boreait.com\/fr\/wp-json\/wp\/v2\/product_cat?post=18096"},{"taxonomy":"product_tag","embeddable":true,"href":"https:\/\/boreait.com\/fr\/wp-json\/wp\/v2\/product_tag?post=18096"}],"curies":[{"name":"wp","href":"https:\/\/api.w.org\/{rel}","templated":true}]}}