{"id":18088,"date":"2025-09-16T17:22:33","date_gmt":"2025-09-16T15:22:33","guid":{"rendered":"https:\/\/boreait.com\/fr\/?post_type=product&#038;p=18088"},"modified":"2025-09-16T17:25:11","modified_gmt":"2025-09-16T15:25:11","slug":"hp-8-go-ddr3-1600-sodimm-pc3l-12800s-sk-hynix-2rx8-ram-pour-ordinateur-portable-693374-001","status":"publish","type":"product","link":"https:\/\/boreait.com\/fr\/produit\/hp-8-go-ddr3-1600-sodimm-pc3l-12800s-sk-hynix-2rx8-ram-pour-ordinateur-portable-693374-001\/","title":{"rendered":"HP 8 Go DDR3-1600 SODIMM PC3L-12800S SK Hynix 2Rx8 RAM pour ordinateur portable 693374-001"},"content":{"rendered":"<p data-start=\"595\" data-end=\"745\">Am\u00e9liorez les performances de votre ordinateur portable avec ce <strong data-start=\"637\" data-end=\"714\">module de RAM d&rsquo;origine HP SK hynix 8 Go DDR3-1600 SODIMM (PC3L-12800S)<\/strong>, r\u00e9f\u00e9rence <strong data-start=\"728\" data-end=\"742\">693374-001<\/strong>.<\/p>\n<p data-start=\"747\" data-end=\"944\">Ce module fonctionne \u00e0 <strong data-start=\"767\" data-end=\"779\">1600 MHz<\/strong>, avec une <strong data-start=\"788\" data-end=\"810\">configuration 2Rx8<\/strong>, garantissant des performances stables et une compatibilit\u00e9 avec une large gamme d&rsquo;ordinateurs portables HP et de nombreuses autres marques prenant en charge la m\u00e9moire DDR3 SODIMM.<\/p>\n<h3 data-start=\"946\" data-end=\"963\">Principales caract\u00e9ristiques\u00a0:<\/p>\n<ul data-start=\"964\" data-end=\"1182\">\n<li data-start=\"964\" data-end=\"990\">\n<p data-start=\"966\" data-end=\"990\">Marque\u00a0: <strong data-start=\"973\" data-end=\"990\">HP \/ SK hynix<\/strong><\/p>\n<\/li>\n<li data-start=\"991\" data-end=\"1010\">\n<p data-start=\"993\" data-end=\"1010\">Capacit\u00e9\u00a0: <strong data-start=\"1003\" data-end=\"1010\">8\u00a0Go<\/strong><\/p>\n<\/li>\n<li data-start=\"1011\" data-end=\"1034\">\n<p data-start=\"1013\" data-end=\"1034\">Type\u00a0: <strong data-start=\"1019\" data-end=\"1034\">DDR3 SODIMM<\/strong><\/p>\n<\/li>\n<li data-start=\"1035\" data-end=\"1070\">\n<p data-start=\"1037\" data-end=\"1070\">Vitesse\u00a0: <strong data-start=\"1044\" data-end=\"1070\">1\u00a0600\u00a0MHz (PC3L-12800S)<\/strong><\/p>\n<\/li>\n<li data-start=\"1071\" data-end=\"1100\">\n<p data-start=\"1073\" data-end=\"1100\">R\u00e9f\u00e9rence\u00a0: <strong data-start=\"1086\" data-end=\"1100\">693374-001<\/strong><\/p>\n<\/li>\n<li data-start=\"1101\" data-end=\"1126\">\n<p data-start=\"1103\" data-end=\"1126\">Configuration\u00a0: <strong data-start=\"1118\" data-end=\"1126\">2Rx8<\/strong><\/p>\n<\/li>\n<li data-start=\"1127\" data-end=\"1182\">\n<p data-start=\"1129\" data-end=\"1182\">Id\u00e9al pour les <strong data-start=\"1139\" data-end=\"1182\">mises \u00e0 niveau et remplacements de m\u00e9moire pour ordinateur portable<\/strong><\/p>\n<\/li>\n<\/ul>\n<h3 data-start=\"1184\" data-end=\"1216\">Pourquoi choisir cette pi\u00e8ce pour ordinateur portable\u00a0?<\/h3>\n<p data-start=\"1217\" data-end=\"1502\">Que vous souhaitiez remplacer une RAM d\u00e9fectueuse ou la mettre \u00e0 niveau pour une m\u00e9moire plus rapide Multit\u00e2che, ce module m\u00e9moire HP SK hynix authentique offre fiabilit\u00e9 et performances. Issu de notre large s\u00e9lection de <strong data-start=\"1402\" data-end=\"1418\">pi\u00e8ces d\u00e9tach\u00e9es pour ordinateurs portables<\/strong>, il a \u00e9t\u00e9 enti\u00e8rement test\u00e9 et est conforme aux photos fournies.<\/p>\n<p data-start=\"1504\" data-end=\"1646\">\ud83d\udccc <strong data-start=\"1507\" data-end=\"1516\">Remarque\u00a0:<\/strong> Les instructions d&rsquo;installation ne sont pas incluses. Si vous avez besoin d&rsquo;aide concernant la compatibilit\u00e9 ou l&rsquo;installation, n&rsquo;h\u00e9sitez pas \u00e0 nous contacter.<\/p>\n","protected":false},"excerpt":{"rendered":"<p>M\u00e9moire RAM d&rsquo;origine HP SK hynix 8 Go DDR3-1600 SODIMM (PC3L-12800S) pour ordinateur portable, r\u00e9f\u00e9rence 693374-001. Une mise \u00e0 niveau fiable pour un multit\u00e2che et des performances optimis\u00e9s.<\/p>\n","protected":false},"featured_media":18159,"template":"","meta":[],"product_brand":[],"product_cat":[73,72],"product_tag":[],"class_list":{"0":"post-18088","1":"product","2":"type-product","3":"status-publish","4":"has-post-thumbnail","6":"product_cat-ddr3-ddr3l","7":"product_cat-ram-memory","9":"first","10":"instock","11":"taxable","12":"shipping-taxable","13":"purchasable","14":"product-type-simple"},"_links":{"self":[{"href":"https:\/\/boreait.com\/fr\/wp-json\/wp\/v2\/product\/18088","targetHints":{"allow":["GET"]}}],"collection":[{"href":"https:\/\/boreait.com\/fr\/wp-json\/wp\/v2\/product"}],"about":[{"href":"https:\/\/boreait.com\/fr\/wp-json\/wp\/v2\/types\/product"}],"wp:featuredmedia":[{"embeddable":true,"href":"https:\/\/boreait.com\/fr\/wp-json\/wp\/v2\/media\/18159"}],"wp:attachment":[{"href":"https:\/\/boreait.com\/fr\/wp-json\/wp\/v2\/media?parent=18088"}],"wp:term":[{"taxonomy":"product_brand","embeddable":true,"href":"https:\/\/boreait.com\/fr\/wp-json\/wp\/v2\/product_brand?post=18088"},{"taxonomy":"product_cat","embeddable":true,"href":"https:\/\/boreait.com\/fr\/wp-json\/wp\/v2\/product_cat?post=18088"},{"taxonomy":"product_tag","embeddable":true,"href":"https:\/\/boreait.com\/fr\/wp-json\/wp\/v2\/product_tag?post=18088"}],"curies":[{"name":"wp","href":"https:\/\/api.w.org\/{rel}","templated":true}]}}