{"id":18086,"date":"2025-09-16T17:22:33","date_gmt":"2025-09-16T15:22:33","guid":{"rendered":"https:\/\/boreait.com\/fr\/?post_type=product&#038;p=18086"},"modified":"2025-09-16T17:24:57","modified_gmt":"2025-09-16T15:24:57","slug":"pave-tactile-pour-hp-elitebook-840-g1-g2-pieces-de-rechange-pour-ordinateur-portable-6037b0086101","status":"publish","type":"product","link":"https:\/\/boreait.com\/fr\/produit\/pave-tactile-pour-hp-elitebook-840-g1-g2-pieces-de-rechange-pour-ordinateur-portable-6037b0086101\/","title":{"rendered":"Pav\u00e9 tactile pour HP EliteBook 840 G1 G2 | Pi\u00e8ces de rechange pour ordinateur portable 6037B0086101"},"content":{"rendered":"<p data-start=\"515\" data-end=\"865\">Am\u00e9liorez ou r\u00e9parez votre HP EliteBook avec ce pav\u00e9 tactile de remplacement authentique, con\u00e7u sp\u00e9cifiquement pour les mod\u00e8les <strong data-start=\"621\" data-end=\"655\">HP EliteBook 840 G1 et 840 G2<\/strong>. Ce pav\u00e9 tactile (r\u00e9f\u00e9rence <strong data-start=\"691\" data-end=\"707\">6037B0086101<\/strong>) garantit une navigation pr\u00e9cise, une durabilit\u00e9 et une r\u00e9activit\u00e9 optimales, ce qui en fait un <strong data-start=\"800\" data-end=\"815\">composant essentiel pour votre ordinateur portable<\/strong> afin de restaurer toutes les fonctionnalit\u00e9s de votre appareil.<\/p>\n<p data-start=\"867\" data-end=\"1107\">\ud83d\udd39 <strong data-start=\"870\" data-end=\"891\">Mod\u00e8les compatibles<\/strong>\u00a0: HP EliteBook 840 G1 \/ 840 G2<br data-start=\"921\" data-end=\"924\" \/>\ud83d\udd39 <strong data-start=\"927\" data-end=\"942\">R\u00e9f\u00e9rence<\/strong>\u00a0: 6037B0086101<br data-start=\"956\" data-end=\"959\" \/>\ud83d\udd39 <strong data-start=\"962\" data-end=\"975\">\u00c9tat<\/strong>\u00a0: Pi\u00e8ce de rechange d&rsquo;origine pour ordinateur portable.<br data-start=\"1008\" data-end=\"1011\" \/>\ud83d\udd39 <strong data-start=\"1014\" data-end=\"1024\">Photos<\/strong>\u00a0: De vraies photos du pav\u00e9 tactile sont fournies\u00a0; vous recevrez exactement ce que vous voyez.<\/p>\n<p data-start=\"1109\" data-end=\"1300\">Que vous r\u00e9pariez votre ordinateur portable ou que vous remplaciez simplement des composants us\u00e9s, ce pav\u00e9 tactile est une solution fiable. Il s&rsquo;agit d&rsquo;un remplacement direct, garantissant la compatibilit\u00e9 sans modification.<\/p>\n<p data-start=\"1302\" data-end=\"1498\">\ud83d\udca1 <strong data-start=\"1305\" data-end=\"1313\">Remarque<\/strong>\u00a0: Les instructions d&rsquo;installation ne sont pas incluses. Si vous avez besoin d&rsquo;aide pour choisir la pi\u00e8ce d\u00e9tach\u00e9e id\u00e9ale pour votre ordinateur portable ou si vous avez des questions avant d&rsquo;acheter, n&rsquo;h\u00e9sitez pas \u00e0 nous contacter\u00a0; nous serons ravis de vous aider.<\/p>\n","protected":false},"excerpt":{"rendered":"<p>Pav\u00e9 tactile d&rsquo;origine pour ordinateurs portables HP EliteBook 840 G1 et 840 G2. R\u00e9f\u00e9rence 6037B0086101. Pi\u00e8ce de rechange de haute qualit\u00e9 pour des performances optimales.<\/p>\n","protected":false},"featured_media":18152,"template":"","meta":[],"product_brand":[],"product_cat":[78],"product_tag":[61],"class_list":{"0":"post-18086","1":"product","2":"type-product","3":"status-publish","4":"has-post-thumbnail","6":"product_cat-laptop-touchpads","7":"product_tag-hp","9":"first","10":"instock","11":"taxable","12":"shipping-taxable","13":"purchasable","14":"product-type-simple"},"_links":{"self":[{"href":"https:\/\/boreait.com\/fr\/wp-json\/wp\/v2\/product\/18086","targetHints":{"allow":["GET"]}}],"collection":[{"href":"https:\/\/boreait.com\/fr\/wp-json\/wp\/v2\/product"}],"about":[{"href":"https:\/\/boreait.com\/fr\/wp-json\/wp\/v2\/types\/product"}],"wp:featuredmedia":[{"embeddable":true,"href":"https:\/\/boreait.com\/fr\/wp-json\/wp\/v2\/media\/18152"}],"wp:attachment":[{"href":"https:\/\/boreait.com\/fr\/wp-json\/wp\/v2\/media?parent=18086"}],"wp:term":[{"taxonomy":"product_brand","embeddable":true,"href":"https:\/\/boreait.com\/fr\/wp-json\/wp\/v2\/product_brand?post=18086"},{"taxonomy":"product_cat","embeddable":true,"href":"https:\/\/boreait.com\/fr\/wp-json\/wp\/v2\/product_cat?post=18086"},{"taxonomy":"product_tag","embeddable":true,"href":"https:\/\/boreait.com\/fr\/wp-json\/wp\/v2\/product_tag?post=18086"}],"curies":[{"name":"wp","href":"https:\/\/api.w.org\/{rel}","templated":true}]}}