{"id":18085,"date":"2025-09-16T17:22:33","date_gmt":"2025-09-16T15:22:33","guid":{"rendered":"https:\/\/boreait.com\/fr\/?post_type=product&#038;p=18085"},"modified":"2025-09-16T17:24:53","modified_gmt":"2025-09-16T15:24:53","slug":"coque-noire-mate-pour-ordinateur-portable-hp-elitebook-840-g1-766324-001-779684-001","status":"publish","type":"product","link":"https:\/\/boreait.com\/fr\/produit\/coque-noire-mate-pour-ordinateur-portable-hp-elitebook-840-g1-766324-001-779684-001\/","title":{"rendered":"Coque noire mate pour ordinateur portable HP EliteBook 840 G1 \u2013 766324-001 779684-001"},"content":{"rendered":"<p data-start=\"622\" data-end=\"860\">Vous recherchez des <strong data-start=\"643\" data-end=\"659\">pi\u00e8ces d&rsquo;ordinateur portable<\/strong> fiables pour restaurer votre HP EliteBook\u00a0? Cette <strong data-start=\"695\" data-end=\"728\">coque de remplacement noire mate<\/strong> est enti\u00e8rement compatible avec la s\u00e9rie HP EliteBook 840 G1 et est fournie avec les r\u00e9f\u00e9rences HP authentiques <strong data-start=\"824\" data-end=\"838\">766324-001<\/strong> et <strong data-start=\"843\" data-end=\"857\">779684-001<\/strong>.<\/p>\n<p data-start=\"862\" data-end=\"1286\">\u2714\ufe0f <strong data-start=\"865\" data-end=\"883\">Compatibilit\u00e9\u00a0:<\/strong> Con\u00e7ue sp\u00e9cifiquement pour le HP EliteBook 840 G1.<br data-start=\"930\" data-end=\"933\" \/>\u2714\ufe0f <strong data-start=\"936\" data-end=\"955\">Couleur et Finition\u00a0: Finition noire mate professionnelle pour un look \u00e9pur\u00e9 et haut de gamme.<br data-start=\"1014\" data-end=\"1017\" \/>\u2714\ufe0f <strong data-start=\"1020\" data-end=\"1034\">\u00c9tat\u00a0: Pi\u00e8ce de rechange d&rsquo;origine, test\u00e9e et inspect\u00e9e pour garantir sa qualit\u00e9.<br data-start=\"1094\" data-end=\"1097\" \/>\u2714\ufe0f <strong data-start=\"1100\" data-end=\"1116\">Photos r\u00e9elles\u00a0: Toutes les images pr\u00e9sent\u00e9es sont des photos r\u00e9elles des pi\u00e8ces que vous recevrez.<br data-start=\"1182\" data-end=\"1185\" \/>\u2714\ufe0f <strong data-start=\"1188\" data-end=\"1200\">Assistance\u00a0: Bien que les instructions ne soient pas incluses, n&rsquo;h\u00e9sitez pas \u00e0 nous contacter si vous avez besoin d&rsquo;aide.<\/p>\n<p data-start=\"1288\" data-end=\"1508\">Cette pi\u00e8ce est un excellent choix si votre coque actuelle est endommag\u00e9e, ray\u00e9e ou us\u00e9e. En la rempla\u00e7ant, vous pr\u00e9servez la durabilit\u00e9 et l&rsquo;apparence de votre HP EliteBook, lui permettant de conserver son aspect et son fonctionnement d&rsquo;origine.<\/p>\n","protected":false},"excerpt":{"rendered":"<p>Housse de remplacement noire mate compatible avec le HP EliteBook 840 G1. R\u00e9f\u00e9rences HP d&rsquo;origine\u00a0: 766324-001 et 779684-001. Id\u00e9ale pour redonner \u00e0 votre ordinateur portable son aspect professionnel.<\/p>\n","protected":false},"featured_media":18150,"template":"","meta":[],"product_brand":[],"product_cat":[52],"product_tag":[61],"class_list":{"0":"post-18085","1":"product","2":"type-product","3":"status-publish","4":"has-post-thumbnail","6":"product_cat-laptop-housing","7":"product_tag-hp","9":"first","10":"instock","11":"taxable","12":"shipping-taxable","13":"purchasable","14":"product-type-simple"},"_links":{"self":[{"href":"https:\/\/boreait.com\/fr\/wp-json\/wp\/v2\/product\/18085","targetHints":{"allow":["GET"]}}],"collection":[{"href":"https:\/\/boreait.com\/fr\/wp-json\/wp\/v2\/product"}],"about":[{"href":"https:\/\/boreait.com\/fr\/wp-json\/wp\/v2\/types\/product"}],"wp:featuredmedia":[{"embeddable":true,"href":"https:\/\/boreait.com\/fr\/wp-json\/wp\/v2\/media\/18150"}],"wp:attachment":[{"href":"https:\/\/boreait.com\/fr\/wp-json\/wp\/v2\/media?parent=18085"}],"wp:term":[{"taxonomy":"product_brand","embeddable":true,"href":"https:\/\/boreait.com\/fr\/wp-json\/wp\/v2\/product_brand?post=18085"},{"taxonomy":"product_cat","embeddable":true,"href":"https:\/\/boreait.com\/fr\/wp-json\/wp\/v2\/product_cat?post=18085"},{"taxonomy":"product_tag","embeddable":true,"href":"https:\/\/boreait.com\/fr\/wp-json\/wp\/v2\/product_tag?post=18085"}],"curies":[{"name":"wp","href":"https:\/\/api.w.org\/{rel}","templated":true}]}}