{"id":18075,"date":"2025-09-16T17:22:07","date_gmt":"2025-09-16T15:22:07","guid":{"rendered":"https:\/\/boreait.com\/fr\/?post_type=product&#038;p=18075"},"modified":"2025-09-16T17:24:36","modified_gmt":"2025-09-16T15:24:36","slug":"ecran-lcd-hd-14-pour-ordinateur-portable-hp-probook-640-g1-840-g1-440-g2-445-g2","status":"publish","type":"product","link":"https:\/\/boreait.com\/fr\/produit\/ecran-lcd-hd-14-pour-ordinateur-portable-hp-probook-640-g1-840-g1-440-g2-445-g2\/","title":{"rendered":"\u00c9cran LCD HD+ 14&Prime; pour ordinateur portable HP ProBook 640 G1, 840 G1, 440 G2, 445 G2"},"content":{"rendered":"<p data-start=\"500\" data-end=\"814\">Am\u00e9liorez ou remplacez l&rsquo;\u00e9cran de votre ordinateur portable avec cet <strong data-start=\"549\" data-end=\"584\">\u00e9cran LCD HD+ 1600\u00d7900 de 14 pouces<\/strong>, con\u00e7u pour une compatibilit\u00e9 parfaite avec les <strong data-start=\"626\" data-end=\"675\">HP ProBook 640 G1, 840 G1, 440 G2 et 445 G2<\/strong>. Cet \u00e9cran offre une exp\u00e9rience visuelle nette et claire, ce qui en fait une pi\u00e8ce de rechange id\u00e9ale pour les \u00e9crans endommag\u00e9s, fissur\u00e9s ou qui scintillent.<\/p>\n<p data-start=\"816\" data-end=\"834\"><strong data-start=\"816\" data-end=\"832\">D\u00e9tails cl\u00e9s\u00a0:<\/strong><\/p>\n<ul data-start=\"835\" data-end=\"1058\">\n<li data-start=\"835\" data-end=\"865\">\n<p data-start=\"837\" data-end=\"865\">Taille de l&rsquo;\u00e9cran\u00a0: <strong data-start=\"850\" data-end=\"863\">14,0 pouces<\/strong><\/p>\n<\/li>\n<li data-start=\"866\" data-end=\"900\">\n<p data-start=\"868\" data-end=\"900\">R\u00e9solution\u00a0: <strong data-start=\"880\" data-end=\"898\">HD+ 1600 \u00d7 900<\/strong><\/p>\n<\/li>\n<li data-start=\"901\" data-end=\"946\">\n<p data-start=\"903\" data-end=\"946\">\u00c9tat\u00a0: Occasion, fonctionnel<\/p>\n<\/li>\n<li data-start=\"947\" data-end=\"1007\">\n<p data-start=\"949\" data-end=\"1007\">Compatibilit\u00e9\u00a0: HP ProBook 640 G1, 840 G1, 440 G2, 445 G2<\/p>\n<\/li>\n<li data-start=\"1008\" data-end=\"1058\">\n<p data-start=\"1010\" data-end=\"1058\">Mod\u00e8le\u00a0: B140RT02.3<\/p>\n<\/li>\n<\/ul>\n<p data-start=\"1060\" data-end=\"1286\">Cet \u00e9cran LCD est une <strong data-start=\"1089\" data-end=\"1104\">pi\u00e8ce d\u00e9tach\u00e9e fiable pour ordinateur portable<\/strong> qui vous permettra de restaurer la qualit\u00e9 d&rsquo;affichage optimale de votre appareil. Que vous utilisiez votre ordinateur portable pour le travail, les \u00e9tudes ou pour vous divertir, ce remplacement garantit des images nettes et des performances fiables.<\/p>\n<p data-start=\"1288\" data-end=\"1487\">\ud83d\udcf8 <strong data-start=\"1291\" data-end=\"1300\">Remarque\u00a0:<\/strong> Les photos pr\u00e9sent\u00e9es sont des images r\u00e9elles de la pi\u00e8ce que vous recevrez.<br data-start=\"1367\" data-end=\"1370\" \/>\ud83d\udcac Les instructions d&rsquo;installation ne sont pas incluses, mais si vous avez besoin d&rsquo;aide, vous pouvez nous contacter directement.<\/p>\n","protected":false},"excerpt":{"rendered":"<p>\u00c9cran LCD de remplacement 14&Prime; HD+ (1600\u00d7900) de haute qualit\u00e9 pour HP ProBook 640 G1, 840 G1, 440 G2 et 445 G2. Compatible avec les mod\u00e8les B140RTN03.0 et B140RTN02.3.<\/p>\n","protected":false},"featured_media":18141,"template":"","meta":[],"product_brand":[],"product_cat":[74,57],"product_tag":[61],"class_list":{"0":"post-18075","1":"product","2":"type-product","3":"status-publish","4":"has-post-thumbnail","6":"product_cat-74","7":"product_cat-laptop-screens-lcd-panels","8":"product_tag-hp","10":"first","11":"instock","12":"taxable","13":"shipping-taxable","14":"purchasable","15":"product-type-simple"},"_links":{"self":[{"href":"https:\/\/boreait.com\/fr\/wp-json\/wp\/v2\/product\/18075","targetHints":{"allow":["GET"]}}],"collection":[{"href":"https:\/\/boreait.com\/fr\/wp-json\/wp\/v2\/product"}],"about":[{"href":"https:\/\/boreait.com\/fr\/wp-json\/wp\/v2\/types\/product"}],"wp:featuredmedia":[{"embeddable":true,"href":"https:\/\/boreait.com\/fr\/wp-json\/wp\/v2\/media\/18141"}],"wp:attachment":[{"href":"https:\/\/boreait.com\/fr\/wp-json\/wp\/v2\/media?parent=18075"}],"wp:term":[{"taxonomy":"product_brand","embeddable":true,"href":"https:\/\/boreait.com\/fr\/wp-json\/wp\/v2\/product_brand?post=18075"},{"taxonomy":"product_cat","embeddable":true,"href":"https:\/\/boreait.com\/fr\/wp-json\/wp\/v2\/product_cat?post=18075"},{"taxonomy":"product_tag","embeddable":true,"href":"https:\/\/boreait.com\/fr\/wp-json\/wp\/v2\/product_tag?post=18075"}],"curies":[{"name":"wp","href":"https:\/\/api.w.org\/{rel}","templated":true}]}}