{"id":18074,"date":"2025-09-16T17:22:06","date_gmt":"2025-09-16T15:22:06","guid":{"rendered":"https:\/\/boreait.com\/fr\/?post_type=product&#038;p=18074"},"modified":"2025-09-16T17:24:33","modified_gmt":"2025-09-16T15:24:33","slug":"charnieres-gauche-et-droite-pour-ecran-dordinateur-portable-hp-elitebook-820-g3-pieces-de-rechange","status":"publish","type":"product","link":"https:\/\/boreait.com\/fr\/produit\/charnieres-gauche-et-droite-pour-ecran-dordinateur-portable-hp-elitebook-820-g3-pieces-de-rechange\/","title":{"rendered":"Charni\u00e8res gauche et droite pour \u00e9cran d&rsquo;ordinateur portable HP EliteBook 820 G3 \u2013 Pi\u00e8ces de rechange"},"content":{"rendered":"<p data-start=\"674\" data-end=\"1024\">Am\u00e9liorez ou r\u00e9parez votre HP EliteBook 820 G3 avec cet <strong data-start=\"727\" data-end=\"756\">ensemble complet de charni\u00e8res d&rsquo;\u00e9cran<\/strong>. Ces <strong data-start=\"764\" data-end=\"793\">pi\u00e8ces d&rsquo;ordinateur portable de haute qualit\u00e9<\/strong> comprennent les charni\u00e8res gauche et droite, con\u00e7ues sp\u00e9cifiquement pour la s\u00e9rie 820 G3. Si vos charni\u00e8res actuelles sont desserr\u00e9es, cass\u00e9es ou rendent l&rsquo;ouverture et la fermeture du couvercle difficiles, les remplacer par cet ensemble est la solution id\u00e9ale.<\/p>\n<p data-start=\"1026\" data-end=\"1051\">\u2705 <strong data-start=\"1028\" data-end=\"1049\">Caract\u00e9ristiques du produit\u00a0:<\/strong><\/p>\n<ul data-start=\"1052\" data-end=\"1303\">\n<li data-start=\"1052\" data-end=\"1097\">\n<p data-start=\"1054\" data-end=\"1097\">Mod\u00e8le compatible\u00a0: <strong data-start=\"1072\" data-end=\"1095\">HP EliteBook 820 G3<\/strong><\/p>\n<\/li>\n<li data-start=\"1098\" data-end=\"1142\">\n<p data-start=\"1100\" data-end=\"1142\">Comprend\u00a0: <strong data-start=\"1110\" data-end=\"1140\">Gauche et Charni\u00e8res d&rsquo;\u00e9cran droites<\/strong><\/p>\n<\/li>\n<li data-start=\"1143\" data-end=\"1199\">\n<p data-start=\"1145\" data-end=\"1199\">\u00c9tat\u00a0: Pi\u00e8ces de rechange fiables et test\u00e9es pour ordinateur portable<\/p>\n<\/li>\n<li data-start=\"1200\" data-end=\"1246\">\n<p data-start=\"1202\" data-end=\"1246\">R\u00e9tablit un mouvement fluide et stable de l&rsquo;\u00e9cran<\/p>\n<\/li>\n<li data-start=\"1247\" data-end=\"1303\">\n<p data-start=\"1249\" data-end=\"1303\">Les photos pr\u00e9sent\u00e9es sont celles des charni\u00e8res que vous recevrez.<\/p>\n<\/li>\n<\/ul>\n<p data-start=\"1305\" data-end=\"1549\">Ces charni\u00e8res sont fabriqu\u00e9es conform\u00e9ment au mod\u00e8le d&rsquo;origine, garantissant un ajustement parfait et une durabilit\u00e9 optimale pour une utilisation \u00e0 long terme. Bien qu&rsquo;aucune instruction d&rsquo;installation ne soit fournie, n&rsquo;h\u00e9sitez pas \u00e0 nous contacter directement si vous avez besoin de conseils avant l&rsquo;achat.<\/p>\n<p data-start=\"1551\" data-end=\"1670\">\ud83d\udce6 <strong data-start=\"1554\" data-end=\"1563\">Remarque\u00a0:<\/strong> Toutes les images des produits sont des photos r\u00e9elles des pi\u00e8ces en stock\u00a0; ce que vous voyez correspond exactement \u00e0 ce qui sera exp\u00e9di\u00e9.<\/p>\n","protected":false},"excerpt":{"rendered":"<p data-start=\"413\" data-end=\"625\"><em data-start=\"413\" data-end=\"623\">Ensemble de charni\u00e8res d&rsquo;\u00e9cran compatibles pour ordinateur portable HP EliteBook 820 G3 (gauche et droite). Pi\u00e8ces de rechange durables con\u00e7ues pour une ouverture et une fermeture fluides de l&rsquo;\u00e9cran. Photos authentiques des articles que vous recevrez.<\/em><\/p>\n","protected":false},"featured_media":18140,"template":"","meta":[],"product_brand":[],"product_cat":[55],"product_tag":[61],"class_list":{"0":"post-18074","1":"product","2":"type-product","3":"status-publish","4":"has-post-thumbnail","6":"product_cat-screen-hinge","7":"product_tag-hp","9":"first","10":"instock","11":"taxable","12":"shipping-taxable","13":"purchasable","14":"product-type-simple"},"_links":{"self":[{"href":"https:\/\/boreait.com\/fr\/wp-json\/wp\/v2\/product\/18074","targetHints":{"allow":["GET"]}}],"collection":[{"href":"https:\/\/boreait.com\/fr\/wp-json\/wp\/v2\/product"}],"about":[{"href":"https:\/\/boreait.com\/fr\/wp-json\/wp\/v2\/types\/product"}],"wp:featuredmedia":[{"embeddable":true,"href":"https:\/\/boreait.com\/fr\/wp-json\/wp\/v2\/media\/18140"}],"wp:attachment":[{"href":"https:\/\/boreait.com\/fr\/wp-json\/wp\/v2\/media?parent=18074"}],"wp:term":[{"taxonomy":"product_brand","embeddable":true,"href":"https:\/\/boreait.com\/fr\/wp-json\/wp\/v2\/product_brand?post=18074"},{"taxonomy":"product_cat","embeddable":true,"href":"https:\/\/boreait.com\/fr\/wp-json\/wp\/v2\/product_cat?post=18074"},{"taxonomy":"product_tag","embeddable":true,"href":"https:\/\/boreait.com\/fr\/wp-json\/wp\/v2\/product_tag?post=18074"}],"curies":[{"name":"wp","href":"https:\/\/api.w.org\/{rel}","templated":true}]}}