{"id":18059,"date":"2025-09-16T17:21:38","date_gmt":"2025-09-16T15:21:38","guid":{"rendered":"https:\/\/boreait.com\/fr\/?post_type=product&#038;p=18059"},"modified":"2026-02-09T13:05:45","modified_gmt":"2026-02-09T12:05:45","slug":"pieces-detachees-pour-ordinateur-portable-hp-elitebook-745-840-g3-821164-001","status":"publish","type":"product","link":"https:\/\/boreait.com\/fr\/produit\/pieces-detachees-pour-ordinateur-portable-hp-elitebook-745-840-g3-821164-001\/","title":{"rendered":"Pi\u00e8ces d\u00e9tach\u00e9es pour ordinateur portable HP EliteBook 745\/840 G3 (821164-001)"},"content":{"rendered":"<p data-start=\"495\" data-end=\"774\">Mettez \u00e0 niveau ou remplacez votre HP EliteBook 745\/840 G3 avec cette <strong data-start=\"553\" data-end=\"609\">plaque de base HP SPS d&rsquo;origine (r\u00e9f\u00e9rence\u00a0: 821164-001)<\/strong>. Con\u00e7ue pour \u00e9pouser parfaitement la structure interne de votre ordinateur portable, cette plaque inf\u00e9rieure offre une solution fiable pour les r\u00e9parations ou les r\u00e9novations.<\/p>\n<p data-start=\"776\" data-end=\"1017\">Que vous soyez technicien, revendeur ou utilisateur final, cette pi\u00e8ce permet \u00e0 votre appareil de retrouver son aspect professionnel et sa robustesse. Toutes les photos de cette annonce repr\u00e9sentent la <strong data-start=\"940\" data-end=\"978\">pi\u00e8ce exacte de l&rsquo;ordinateur portable que vous recevrez<\/strong>. Vous savez donc exactement \u00e0 quoi vous attendre.<\/p>\n<p data-start=\"1019\" data-end=\"1228\">\u2714 <strong data-start=\"1021\" data-end=\"1042\">Mod\u00e8les compatibles<\/strong>\u00a0: HP EliteBook 745 G3, 840 G3<br data-start=\"1071\" data-end=\"1074\" \/>\u2714 <strong data-start=\"1076\" data-end=\"1091\">R\u00e9f\u00e9rence<\/strong>\u00a0: 821164-001<br data-start=\"1103\" data-end=\"1106\" \/>\u2714 <strong data-start=\"1108\" data-end=\"1120\">Cat\u00e9gorie<\/strong>\u00a0: Pi\u00e8ces pour ordinateur portable \u2013 Plaque de base \/ Cache inf\u00e9rieur<br data-start=\"1162\" data-end=\"1165\" \/>\u2714 <strong data-start=\"1167\" data-end=\"1180\">\u00c9tat<\/strong>\u00a0: Utilis\u00e9, test\u00e9 et en excellent \u00e9tat de fonctionnement.<\/p>\n<p data-start=\"1230\" data-end=\"1372\">\ud83d\udca1 Remarque\u00a0: Les instructions d&rsquo;installation ne sont pas incluses. Si vous avez besoin de plus d&rsquo;informations, n&rsquo;h\u00e9sitez pas \u00e0 nous contacter\u00a0; nous serons ravis de vous aider.<\/p>\n","protected":false},"excerpt":{"rendered":"<p>Plaque de base d&rsquo;origine pour HP EliteBook 745\/840 G3 (r\u00e9f\u00e9rence 821164-001). Id\u00e9ale pour restaurer la durabilit\u00e9 et la structure de votre ordinateur. Photos du produit.<\/p>\n","protected":false},"featured_media":18125,"template":"","meta":[],"product_brand":[],"product_cat":[52],"product_tag":[61],"class_list":{"0":"post-18059","1":"product","2":"type-product","3":"status-publish","4":"has-post-thumbnail","6":"product_cat-laptop-housing","7":"product_tag-hp","9":"first","10":"instock","11":"taxable","12":"shipping-taxable","13":"purchasable","14":"product-type-simple"},"_links":{"self":[{"href":"https:\/\/boreait.com\/fr\/wp-json\/wp\/v2\/product\/18059","targetHints":{"allow":["GET"]}}],"collection":[{"href":"https:\/\/boreait.com\/fr\/wp-json\/wp\/v2\/product"}],"about":[{"href":"https:\/\/boreait.com\/fr\/wp-json\/wp\/v2\/types\/product"}],"wp:featuredmedia":[{"embeddable":true,"href":"https:\/\/boreait.com\/fr\/wp-json\/wp\/v2\/media\/18125"}],"wp:attachment":[{"href":"https:\/\/boreait.com\/fr\/wp-json\/wp\/v2\/media?parent=18059"}],"wp:term":[{"taxonomy":"product_brand","embeddable":true,"href":"https:\/\/boreait.com\/fr\/wp-json\/wp\/v2\/product_brand?post=18059"},{"taxonomy":"product_cat","embeddable":true,"href":"https:\/\/boreait.com\/fr\/wp-json\/wp\/v2\/product_cat?post=18059"},{"taxonomy":"product_tag","embeddable":true,"href":"https:\/\/boreait.com\/fr\/wp-json\/wp\/v2\/product_tag?post=18059"}],"curies":[{"name":"wp","href":"https:\/\/api.w.org\/{rel}","templated":true}]}}