{"id":18057,"date":"2025-09-16T17:21:38","date_gmt":"2025-09-16T15:21:38","guid":{"rendered":"https:\/\/boreait.com\/fr\/?post_type=product&#038;p=18057"},"modified":"2026-02-09T13:05:22","modified_gmt":"2026-02-09T12:05:22","slug":"ecran-lcd-821160-001-6070b1198601-pour-ordinateur-portable-hp-elitebook-840","status":"publish","type":"product","link":"https:\/\/boreait.com\/fr\/produit\/ecran-lcd-821160-001-6070b1198601-pour-ordinateur-portable-hp-elitebook-840\/","title":{"rendered":"\u00c9cran LCD 821160-001 (6070B1198601) pour ordinateur portable HP EliteBook 840"},"content":{"rendered":"<p data-start=\"671\" data-end=\"810\">Am\u00e9liorez ou r\u00e9parez votre HP EliteBook 840 avec ce <strong data-start=\"721\" data-end=\"755\">cadre d&rsquo;\u00e9cran LCD d&rsquo;origine OEM<\/strong>, con\u00e7u pour un ajustement pr\u00e9cis et une finition professionnelle.<\/p>\n<ul data-start=\"811\" data-end=\"1003\">\n<li data-start=\"811\" data-end=\"860\">\n<p data-start=\"813\" data-end=\"860\"><strong data-start=\"813\" data-end=\"834\">Mod\u00e8le compatible\u00a0:<\/strong> HP EliteBook s\u00e9rie 840<\/p>\n<\/li>\n<li data-start=\"861\" data-end=\"907\">\n<p data-start=\"863\" data-end=\"907\"><strong data-start=\"863\" data-end=\"880\">Pi\u00e8ce Num\u00e9ros\u00a0: 821160-001, 6070B1198601<\/p>\n<p>n<\/li>\n<p>n <\/p>\n<li data-start=\"908\" data-end=\"955\">\nn<\/p>\n<p data-start=\"910\" data-end=\"955\"><strong data-start=\"910\" data-end=\"924\">\u00c9tat\u00a0: Pi\u00e8ce de rechange d&rsquo;origine OEM<\/p>\n<p>n<\/li>\n<p>n <\/p>\n<li data-start=\"956\" data-end=\"1003\">\nn<\/p>\n<p data-start=\"958\" data-end=\"1003\"><strong data-start=\"958\" data-end=\"971\">Cat\u00e9gorie\u00a0: Pi\u00e8ces pour ordinateur portable \u2013 Cadres d&rsquo;\u00e9cran<\/p>\n<p>n<\/li>\n<p>n<\/ul>\n<p>n<\/p>\n<p data-start=\"1005\" data-end=\"1180\">Ce cadre est id\u00e9al si votre ch\u00e2ssis actuel est fissur\u00e9. Endommag\u00e9 ou manquant. Pi\u00e8ce d&rsquo;origine, elle garantit durabilit\u00e9 et ajustement parfait, comme la pi\u00e8ce d&rsquo;origine.<\/p>\n<p data-start=\"1182\" data-end=\"1314\">\u2714 Pi\u00e8ce HP 100 % authentique<br data-start=\"1206\" data-end=\"1209\" \/>\u2714 Photos du produit incluses\u00a0: vous recevrez exactement ce que vous voyez<br data-start=\"1279\" data-end=\"1282\" \/>\u2714 Livraison internationale disponible<\/p>\n<p data-start=\"1316\" data-end=\"1426\">\ud83d\udccc <strong data-start=\"1319\" data-end=\"1328\">Remarque\u00a0:<\/strong> Nous ne fournissons pas d&rsquo;instructions d&rsquo;installation, mais si vous avez besoin de conseils, n&rsquo;h\u00e9sitez pas \u00e0 nous contacter.<\/p>\n","protected":false},"excerpt":{"rendered":"<p>Cadre d&rsquo;\u00e9cran LCD d&rsquo;origine pour HP EliteBook 840 (r\u00e9f\u00e9rences\u00a0: 821160-001, 6070B1198601). Pi\u00e8ce de rechange id\u00e9ale pour restaurer le cadre d&rsquo;\u00e9cran de votre ordinateur portable.<\/p>\n","protected":false},"featured_media":18117,"template":"","meta":[],"product_brand":[],"product_cat":[52],"product_tag":[61],"class_list":{"0":"post-18057","1":"product","2":"type-product","3":"status-publish","4":"has-post-thumbnail","6":"product_cat-laptop-housing","7":"product_tag-hp","9":"first","10":"instock","11":"taxable","12":"shipping-taxable","13":"purchasable","14":"product-type-simple"},"_links":{"self":[{"href":"https:\/\/boreait.com\/fr\/wp-json\/wp\/v2\/product\/18057","targetHints":{"allow":["GET"]}}],"collection":[{"href":"https:\/\/boreait.com\/fr\/wp-json\/wp\/v2\/product"}],"about":[{"href":"https:\/\/boreait.com\/fr\/wp-json\/wp\/v2\/types\/product"}],"wp:featuredmedia":[{"embeddable":true,"href":"https:\/\/boreait.com\/fr\/wp-json\/wp\/v2\/media\/18117"}],"wp:attachment":[{"href":"https:\/\/boreait.com\/fr\/wp-json\/wp\/v2\/media?parent=18057"}],"wp:term":[{"taxonomy":"product_brand","embeddable":true,"href":"https:\/\/boreait.com\/fr\/wp-json\/wp\/v2\/product_brand?post=18057"},{"taxonomy":"product_cat","embeddable":true,"href":"https:\/\/boreait.com\/fr\/wp-json\/wp\/v2\/product_cat?post=18057"},{"taxonomy":"product_tag","embeddable":true,"href":"https:\/\/boreait.com\/fr\/wp-json\/wp\/v2\/product_tag?post=18057"}],"curies":[{"name":"wp","href":"https:\/\/api.w.org\/{rel}","templated":true}]}}