{"id":18046,"date":"2025-09-16T17:21:11","date_gmt":"2025-09-16T15:21:11","guid":{"rendered":"https:\/\/boreait.com\/fr\/?post_type=product&#038;p=18046"},"modified":"2025-09-16T17:23:23","modified_gmt":"2025-09-16T15:23:23","slug":"carte-jack-usb-vga-6050a2835701-pour-ordinateur-portable-hp-elitebook-850-840-755-745-g3-g4","status":"publish","type":"product","link":"https:\/\/boreait.com\/fr\/produit\/carte-jack-usb-vga-6050a2835701-pour-ordinateur-portable-hp-elitebook-850-840-755-745-g3-g4\/","title":{"rendered":"Carte jack USB VGA 6050A2835701 pour ordinateur portable HP EliteBook 850 840 755 745 G3 G4"},"content":{"rendered":"<p data-start=\"540\" data-end=\"742\">Cette <strong data-start=\"545\" data-end=\"614\">carte prise VGA et USB pour HP EliteBook (r\u00e9f\u00e9rence 6050A2835701-USB-A01)<\/strong> est une pi\u00e8ce de rechange fiable pour plusieurs mod\u00e8les HP EliteBook, notamment les <strong data-start=\"690\" data-end=\"739\">s\u00e9ries 850 G3, 840 G3, 755 G3, 745 G3 et G4<\/strong>.<\/p>\n<p data-start=\"744\" data-end=\"1012\">Si les ports USB ou VGA de votre ordinateur portable ne fonctionnent plus, cette carte est la solution id\u00e9ale pour restaurer un fonctionnement optimal. Il s&rsquo;agit d&rsquo;une pi\u00e8ce d&rsquo;origine, test\u00e9e et v\u00e9rifi\u00e9e pour ses performances, ce qui en fait un choix id\u00e9al pour les techniciens, les ateliers de r\u00e9paration ou les particuliers.<\/p>\n<p data-start=\"1014\" data-end=\"1437\">\u2714 <strong data-start=\"1016\" data-end=\"1038\">Mod\u00e8les compatibles\u00a0:<\/strong> HP EliteBook s\u00e9ries 850 G3, 840 G3, 755 G3, 745 G3, G4<br data-start=\"1093\" data-end=\"1096\" \/>\u2714 <strong data-start=\"1098\" data-end=\"1114\">R\u00e9f\u00e9rence\u00a0:<\/strong> 6050A2835701-USB-A01<br data-start=\"1135\" data-end=\"1138\" \/>\u2714 <strong data-start=\"1140\" data-end=\"1158\">Fonctionnalit\u00e9\u00a0:<\/strong> Offre une connectivit\u00e9 USB et VGA stable<br data-start=\"1199\" data-end=\"1202\" \/>\u2714 <strong data-start=\"1204\" data-end=\"1218\">\u00c9tat\u00a0:<\/strong> Pi\u00e8ce d&rsquo;origine, qualit\u00e9 contr\u00f4l\u00e9e<br data-start=\"1248\" data-end=\"1251\" \/>\u2714 <strong data-start=\"1253\" data-end=\"1264\">Photos\u00a0:<\/strong> Toutes les photos de cette annonce repr\u00e9sentent la <strong data-start=\"1305\" data-end=\"1335\">pi\u00e8ce que vous recevrez<\/strong><br data-start=\"1335\" data-end=\"1338\" \/>\u2714 <strong data-start=\"1340\" data-end=\"1352\">Assistance\u00a0:<\/strong> Aucune instruction d&rsquo;installation n&rsquo;est fournie, mais vous pouvez nous contacter si vous avez besoin d&rsquo;aide.<\/p>\n<p data-start=\"1439\" data-end=\"1676\">Ceci est Une solution de qualit\u00e9 et abordable pour tous ceux qui souhaitent r\u00e9parer ou mettre \u00e0 niveau leur HP EliteBook. Chez <strong data-start=\"1546\" data-end=\"1560\">Siggmo<\/strong>, nous sommes sp\u00e9cialis\u00e9s dans les <strong data-start=\"1579\" data-end=\"1595\">pi\u00e8ces d\u00e9tach\u00e9es pour ordinateurs portables<\/strong> et exp\u00e9dions dans le monde entier avec soin pour vous garantir la pi\u00e8ce adapt\u00e9e \u00e0 votre r\u00e9paration.<\/p>\n","protected":false},"excerpt":{"rendered":"<p>Carte de remplacement pour prises USB et VGA pour ordinateurs portables HP EliteBook 850, 840, 755 et 745 G3\/G4. Pi\u00e8ce d&rsquo;origine test\u00e9e, id\u00e9ale pour restaurer une connectivit\u00e9 compl\u00e8te.<\/p>\n","protected":false},"featured_media":18107,"template":"","meta":[],"product_brand":[],"product_cat":[52],"product_tag":[61],"class_list":{"0":"post-18046","1":"product","2":"type-product","3":"status-publish","4":"has-post-thumbnail","6":"product_cat-laptop-housing","7":"product_tag-hp","9":"first","10":"instock","11":"taxable","12":"shipping-taxable","13":"purchasable","14":"product-type-simple"},"_links":{"self":[{"href":"https:\/\/boreait.com\/fr\/wp-json\/wp\/v2\/product\/18046","targetHints":{"allow":["GET"]}}],"collection":[{"href":"https:\/\/boreait.com\/fr\/wp-json\/wp\/v2\/product"}],"about":[{"href":"https:\/\/boreait.com\/fr\/wp-json\/wp\/v2\/types\/product"}],"wp:featuredmedia":[{"embeddable":true,"href":"https:\/\/boreait.com\/fr\/wp-json\/wp\/v2\/media\/18107"}],"wp:attachment":[{"href":"https:\/\/boreait.com\/fr\/wp-json\/wp\/v2\/media?parent=18046"}],"wp:term":[{"taxonomy":"product_brand","embeddable":true,"href":"https:\/\/boreait.com\/fr\/wp-json\/wp\/v2\/product_brand?post=18046"},{"taxonomy":"product_cat","embeddable":true,"href":"https:\/\/boreait.com\/fr\/wp-json\/wp\/v2\/product_cat?post=18046"},{"taxonomy":"product_tag","embeddable":true,"href":"https:\/\/boreait.com\/fr\/wp-json\/wp\/v2\/product_tag?post=18046"}],"curies":[{"name":"wp","href":"https:\/\/api.w.org\/{rel}","templated":true}]}}