{"id":18043,"date":"2025-09-16T17:21:11","date_gmt":"2025-09-16T15:21:11","guid":{"rendered":"https:\/\/boreait.com\/fr\/?post_type=product&#038;p=18043"},"modified":"2025-09-16T17:23:13","modified_gmt":"2025-09-16T15:23:13","slug":"charnieres-gauche-et-droite-de-rechange-pour-ordinateur-portable-hp-elitebook-840-g3","status":"publish","type":"product","link":"https:\/\/boreait.com\/fr\/produit\/charnieres-gauche-et-droite-de-rechange-pour-ordinateur-portable-hp-elitebook-840-g3\/","title":{"rendered":"Charni\u00e8res gauche et droite de rechange pour ordinateur portable HP EliteBook 840 G3"},"content":{"rendered":"<p data-start=\"553\" data-end=\"893\">Vous recherchez des <strong data-start=\"573\" data-end=\"589\">pi\u00e8ces d&rsquo;ordinateur portable<\/strong> authentiques pour r\u00e9parer votre HP EliteBook 840 G3\u00a0?<br data-start=\"625\" data-end=\"628\" \/>Cet ensemble de charni\u00e8res gauche et droite est un remplacement de haute qualit\u00e9 con\u00e7u sp\u00e9cifiquement pour la s\u00e9rie <strong data-start=\"718\" data-end=\"741\">HP EliteBook 840 G3<\/strong>. Si vos charni\u00e8res actuelles sont desserr\u00e9es, cass\u00e9es ou causent des probl\u00e8mes d&rsquo;affichage, ces pi\u00e8ces restaureront la durabilit\u00e9 et la stabilit\u00e9 de votre ordinateur portable.<\/p>\n<p data-start=\"895\" data-end=\"917\"><strong data-start=\"895\" data-end=\"915\">D\u00e9tails du produit\u00a0:<\/strong><\/p>\n<ul data-start=\"918\" data-end=\"1131\">\n<li data-start=\"918\" data-end=\"959\">\n<p data-start=\"920\" data-end=\"959\">Mod\u00e8le compatible\u00a0: HP EliteBook 840 G3<\/p>\n<\/li>\n<li data-start=\"960\" data-end=\"1005\">\n<p data-start=\"962\" data-end=\"1005\">Type de pi\u00e8ce\u00a0: Gauche et Ensemble de charni\u00e8res droites pour ordinateur portable<\/p>\n<\/li>\n<li data-start=\"1006\" data-end=\"1073\">\n<p data-start=\"1008\" data-end=\"1073\">\u00c9tat\u00a0: Utilis\u00e9, enti\u00e8rement test\u00e9 et en excellent \u00e9tat de fonctionnement.<\/p>\n<\/li>\n<li data-start=\"1074\" data-end=\"1131\">\n<p data-start=\"1076\" data-end=\"1131\">Photos\u00a0: Photos r\u00e9elles des pi\u00e8ces que vous recevrez.<\/p>\n<\/li>\n<\/ul>\n<p data-start=\"1133\" data-end=\"1163\"><strong data-start=\"1133\" data-end=\"1161\">Pourquoi choisir ce produit\u00a0?<\/strong><\/p>\n<ul data-start=\"1164\" data-end=\"1361\">\n<li data-start=\"1164\" data-end=\"1206\">\n<p data-start=\"1166\" data-end=\"1206\">R\u00e9tablit la fluidit\u00e9 des mouvements de l&rsquo;\u00e9cran de votre ordinateur portable.<\/p>\n<\/li>\n<li data-start=\"1207\" data-end=\"1260\">\n<p data-start=\"1209\" data-end=\"1260\">\u00c9vite d&rsquo;endommager davantage l&rsquo;\u00e9cran et le bo\u00eetier.<\/p>\n<\/li>\n<li data-start=\"1261\" data-end=\"1317\">\n<p data-start=\"1263\" data-end=\"1317\">Prolongez la dur\u00e9e de vie de votre ordinateur portable \u00e0 moindre co\u00fbt.<\/p>\n<\/li>\n<li data-start=\"1318\" data-end=\"1361\">\n<p data-start=\"1320\" data-end=\"1361\">Pi\u00e8ce de rechange d&rsquo;origine pour ordinateur portable HP. Pi\u00e8ces d\u00e9tach\u00e9es<\/p>\n<\/li>\n<\/ul>\n<p data-start=\"1363\" data-end=\"1470\">Remarque\u00a0: les instructions d&rsquo;installation ne sont pas incluses. Si vous avez besoin d&rsquo;aide, n&rsquo;h\u00e9sitez pas \u00e0 nous contacter.<\/p>\n","protected":false},"excerpt":{"rendered":"<p>Charni\u00e8res gauche et droite fiables pour HP EliteBook 840 G3. Remplacement id\u00e9al pour une ouverture et une fermeture fluides de votre ordinateur portable.<\/p>\n","protected":false},"featured_media":18104,"template":"","meta":[],"product_brand":[],"product_cat":[55],"product_tag":[61],"class_list":{"0":"post-18043","1":"product","2":"type-product","3":"status-publish","4":"has-post-thumbnail","6":"product_cat-screen-hinge","7":"product_tag-hp","9":"first","10":"instock","11":"taxable","12":"shipping-taxable","13":"purchasable","14":"product-type-simple"},"_links":{"self":[{"href":"https:\/\/boreait.com\/fr\/wp-json\/wp\/v2\/product\/18043","targetHints":{"allow":["GET"]}}],"collection":[{"href":"https:\/\/boreait.com\/fr\/wp-json\/wp\/v2\/product"}],"about":[{"href":"https:\/\/boreait.com\/fr\/wp-json\/wp\/v2\/types\/product"}],"wp:featuredmedia":[{"embeddable":true,"href":"https:\/\/boreait.com\/fr\/wp-json\/wp\/v2\/media\/18104"}],"wp:attachment":[{"href":"https:\/\/boreait.com\/fr\/wp-json\/wp\/v2\/media?parent=18043"}],"wp:term":[{"taxonomy":"product_brand","embeddable":true,"href":"https:\/\/boreait.com\/fr\/wp-json\/wp\/v2\/product_brand?post=18043"},{"taxonomy":"product_cat","embeddable":true,"href":"https:\/\/boreait.com\/fr\/wp-json\/wp\/v2\/product_cat?post=18043"},{"taxonomy":"product_tag","embeddable":true,"href":"https:\/\/boreait.com\/fr\/wp-json\/wp\/v2\/product_tag?post=18043"}],"curies":[{"name":"wp","href":"https:\/\/api.w.org\/{rel}","templated":true}]}}