{"id":18035,"date":"2025-09-16T17:20:47","date_gmt":"2025-09-16T15:20:47","guid":{"rendered":"https:\/\/boreait.com\/fr\/?post_type=product&#038;p=18035"},"modified":"2025-09-16T17:23:08","modified_gmt":"2025-09-16T15:23:08","slug":"ecran-lcd-pour-ordinateur-portable-125-pouces-lp125wf4-spb1-hb125wx1-201-b125xtn02-0-dell-latitude-e7240-e7250-e5240-e5250-30-broches-edp","status":"publish","type":"product","link":"https:\/\/boreait.com\/fr\/produit\/ecran-lcd-pour-ordinateur-portable-125-pouces-lp125wf4-spb1-hb125wx1-201-b125xtn02-0-dell-latitude-e7240-e7250-e5240-e5250-30-broches-edp\/","title":{"rendered":"\u00c9cran LCD pour ordinateur portable 12,5 pouces LP125WF4 SPB1 HB125WX1-201 B125XTN02.0 Dell Latitude E7240 E7250 E5240 E5250 30 broches eDP"},"content":{"rendered":"<p data-start=\"604\" data-end=\"945\">Am\u00e9liorez l&rsquo;\u00e9cran de votre ordinateur portable avec cet <strong data-start=\"650\" data-end=\"677\">\u00e9cran LCD HD 12,5&Prime; haut de gamme<\/strong>, con\u00e7u pour remplacer efficacement plusieurs mod\u00e8les Dell Latitude. Compatible avec les r\u00e9f\u00e9rences <strong data-start=\"792\" data-end=\"856\">LP125WF4 (SPB1), HB125WX1-201, HB125WX1-100 et B125XTN02.0<\/strong>, il est id\u00e9al pour les ordinateurs portables Dell Latitude <strong data-start=\"900\" data-end=\"934\">E7240, E7250, E5240 et E5250<\/strong>.<\/p>\n<p data-start=\"947\" data-end=\"968\">\u2705 <strong data-start=\"949\" data-end=\"966\">Principales caract\u00e9ristiques\u00a0:<\/strong><\/p>\n<ul data-start=\"969\" data-end=\"1238\">\n<li data-start=\"969\" data-end=\"1001\">\n<p data-start=\"971\" data-end=\"1001\">Taille de l&rsquo;\u00e9cran\u00a0: <strong data-start=\"984\" data-end=\"999\">12,5 pouces \/ HD<\/strong><\/p>\n<\/li>\n<li data-start=\"1002\" data-end=\"1069\">\n<p data-start=\"1004\" data-end=\"1069\">Mod\u00e8les compatibles\u00a0: <strong data-start=\"1023\" data-end=\"1067\">Dell Latitude E7240, E7250, E5240, E5250<\/strong><\/p>\n<\/li>\n<li data-start=\"1070\" data-end=\"1148\">\n<p data-start=\"1072\" data-end=\"1148\">R\u00e9f\u00e9rences\u00a0: <strong data-start=\"1086\" data-end=\"1146\">LP125WF4 (SPB1), HB125WX1-201, HB125WX1-100, B125XTN02.0<\/strong><\/p>\n<\/li>\n<li data-start=\"1149\" data-end=\"1178\">\n<p data-start=\"1151\" data-end=\"1178\">Connecteur\u00a0: <strong data-start=\"1162\" data-end=\"1176\">eDP 30 broches<\/strong><\/p>\n<\/li>\n<li data-start=\"1179\" data-end=\"1207\">\n<p data-start=\"1181\" data-end=\"1207\">\u00c9tat\u00a0: <strong>Occasion (fonctionnement \u00e0 100\u00a0%, voir les images)<\/strong><\/p>\n<\/li>\n<li data-start=\"1208\" data-end=\"1238\">\n<p data-start=\"1210\" data-end=\"1238\">Cat\u00e9gorie\u00a0: <strong data-start=\"1220\" data-end=\"1236\">Pi\u00e8ces d\u00e9tach\u00e9es pour ordinateur portable<\/strong><\/p>\n<\/li>\n<\/ul>\n<p data-start=\"1240\" data-end=\"1363\">Cet \u00e9cran offre une excellente luminosit\u00e9, des images nettes et des performances fluides, garantissant un fonctionnement impeccable de votre ordinateur portable.<\/p>\n<p data-start=\"1365\" data-end=\"1387\">\ud83d\udce6 <strong data-start=\"1368\" data-end=\"1385\">Ce que vous Recevez\u00a0:<\/strong><\/p>\n<ul data-start=\"1388\" data-end=\"1520\">\n<li data-start=\"1388\" data-end=\"1432\">\n<p data-start=\"1390\" data-end=\"1432\">1 \u00e9cran LCD de remplacement 12,5 pouces d&rsquo;origine<\/p>\n<\/li>\n<li data-start=\"1433\" data-end=\"1520\">\n<p data-start=\"1435\" data-end=\"1520\">Des photos r\u00e9elles sont pr\u00e9sent\u00e9es dans l&rsquo;annonce\u00a0; vous recevrez la pi\u00e8ce exactement comme sur la photo.<\/p>\n<\/li>\n<\/ul>\n<p data-start=\"1522\" data-end=\"1649\">\ud83d\udca1 <strong data-start=\"1525\" data-end=\"1534\">Remarque\u00a0:<\/strong> Les instructions d&rsquo;installation ne sont pas incluses, mais si vous avez besoin de plus d&rsquo;informations, Vous pouvez nous contacter pour obtenir de l&rsquo;aide.<\/p>\n<p data-start=\"1651\" data-end=\"1814\">Que votre ancien \u00e9cran soit fissur\u00e9, faiblement \u00e9clair\u00e9 ou pr\u00e9sente des probl\u00e8mes d&rsquo;affichage, cette <strong data-start=\"1737\" data-end=\"1752\">pi\u00e8ce d\u00e9tach\u00e9e pour ordinateur portable<\/strong> de haute qualit\u00e9 est la solution id\u00e9ale pour restaurer les performances de votre appareil.<\/p>\n","protected":false},"excerpt":{"rendered":"<p>\u00c9cran LCD de remplacement 12,5&Prime; de haute qualit\u00e9 pour ordinateur portable Dell Latitude E7240, E7250, E5240 et E5250. Dot\u00e9 d&rsquo;un connecteur eDP 30 broches pour des performances d&rsquo;affichage optimales.<\/p>\n","protected":false},"featured_media":18101,"template":"","meta":[],"product_brand":[],"product_cat":[91,57],"product_tag":[],"class_list":{"0":"post-18035","1":"product","2":"type-product","3":"status-publish","4":"has-post-thumbnail","6":"product_cat-12-5","7":"product_cat-laptop-screens-lcd-panels","9":"first","10":"instock","11":"taxable","12":"shipping-taxable","13":"purchasable","14":"product-type-simple"},"_links":{"self":[{"href":"https:\/\/boreait.com\/fr\/wp-json\/wp\/v2\/product\/18035","targetHints":{"allow":["GET"]}}],"collection":[{"href":"https:\/\/boreait.com\/fr\/wp-json\/wp\/v2\/product"}],"about":[{"href":"https:\/\/boreait.com\/fr\/wp-json\/wp\/v2\/types\/product"}],"wp:featuredmedia":[{"embeddable":true,"href":"https:\/\/boreait.com\/fr\/wp-json\/wp\/v2\/media\/18101"}],"wp:attachment":[{"href":"https:\/\/boreait.com\/fr\/wp-json\/wp\/v2\/media?parent=18035"}],"wp:term":[{"taxonomy":"product_brand","embeddable":true,"href":"https:\/\/boreait.com\/fr\/wp-json\/wp\/v2\/product_brand?post=18035"},{"taxonomy":"product_cat","embeddable":true,"href":"https:\/\/boreait.com\/fr\/wp-json\/wp\/v2\/product_cat?post=18035"},{"taxonomy":"product_tag","embeddable":true,"href":"https:\/\/boreait.com\/fr\/wp-json\/wp\/v2\/product_tag?post=18035"}],"curies":[{"name":"wp","href":"https:\/\/api.w.org\/{rel}","templated":true}]}}