{"id":18034,"date":"2025-09-16T17:20:46","date_gmt":"2025-09-16T15:20:46","guid":{"rendered":"https:\/\/boreait.com\/fr\/?post_type=product&#038;p=18034"},"modified":"2026-02-09T13:04:50","modified_gmt":"2026-02-09T12:04:50","slug":"carte-reseau-sans-fil-double-bande-ac-wi-fi-bluetooth-4-0-hp-intel-8260ngw-806721-001-pieces-detachees","status":"publish","type":"product","link":"https:\/\/boreait.com\/fr\/produit\/carte-reseau-sans-fil-double-bande-ac-wi-fi-bluetooth-4-0-hp-intel-8260ngw-806721-001-pieces-detachees\/","title":{"rendered":"Carte r\u00e9seau sans fil double bande AC Wi-Fi Bluetooth 4.0 HP Intel 8260NGW 806721-001 (pi\u00e8ces d\u00e9tach\u00e9es)"},"content":{"rendered":"<p data-start=\"634\" data-end=\"926\">Cette <strong data-start=\"639\" data-end=\"715\">carte HP Intel Dual Band Wireless-AC Bluetooth 4.0 (8260NGW \/ 806721-001)<\/strong> est une pi\u00e8ce de rechange d&rsquo;origine con\u00e7ue pour restaurer ou mettre \u00e0 niveau la connectivit\u00e9 de votre ordinateur portable. Offrant des performances Wi-Fi et Bluetooth haut d\u00e9bit fiables, il assure une navigation, un streaming et un appairage fluides.<\/p>\n<p data-start=\"928\" data-end=\"947\"><strong data-start=\"928\" data-end=\"945\">Principales caract\u00e9ristiques\u00a0:<\/strong><\/p>\n<ul data-start=\"948\" data-end=\"1199\">\n<li data-start=\"948\" data-end=\"994\">\n<p data-start=\"950\" data-end=\"994\">Mod\u00e8le\u00a0: Intel Dual Band Wireless-AC 8260NGW<\/p>\n<\/li>\n<li data-start=\"995\" data-end=\"1025\">\n<p data-start=\"997\" data-end=\"1025\">R\u00e9f\u00e9rence HP\u00a0: 806721-001<\/p>\n<\/li>\n<li data-start=\"1026\" data-end=\"1092\">\n<p data-start=\"1028\" data-end=\"1092\">Wi-Fi double bande\u00a0: 2,4\u00a0GHz et 5\u00a0GHz pour des connexions plus rapides et stables<\/p>\n<\/li>\n<li data-start=\"1093\" data-end=\"1146\">\n<p data-start=\"1095\" data-end=\"1146\">Prise en charge du Bluetooth\u00a04.0 pour un appairage fluide des appareils<\/p>\n<\/li>\n<li data-start=\"1147\" data-end=\"1199\">\n<p data-start=\"1149\" data-end=\"1199\">Format M.2 compact, con\u00e7u pour les ordinateurs portables HP<\/p>\n<\/li>\n<\/ul>\n<p data-start=\"1201\" data-end=\"1228\"><strong data-start=\"1201\" data-end=\"1226\">Pourquoi choisir cette pi\u00e8ce\u00a0?<\/strong><\/p>\n<ul data-start=\"1229\" data-end=\"1402\">\n<li data-start=\"1229\" data-end=\"1260\">\n<p data-start=\"1231\" data-end=\"1260\">Pi\u00e8ce d&rsquo;ordinateur portable HP 100\u00a0% authentique<\/p>\n<\/li>\n<li data-start=\"1261\" data-end=\"1309\">\n<p data-start=\"1263\" data-end=\"1309\">Photos r\u00e9elles de la pi\u00e8ce que vous recevrez.<\/p>\n<\/li>\n<li data-start=\"1310\" data-end=\"1343\">\n<p data-start=\"1312\" data-end=\"1343\">Test\u00e9 et garanti.<\/p>\n<\/li>\n<li data-start=\"1344\" data-end=\"1402\">\n<p data-start=\"1346\" data-end=\"1402\">Remplacement id\u00e9al pour les cartes sans fil d\u00e9fectueuses ou manquantes.<\/p>\n<\/li>\n<\/ul>\n<p data-start=\"1404\" data-end=\"1575\">Cette carte est compatible avec une large gamme d&rsquo;ordinateurs portables HP et est id\u00e9ale pour restaurer l&rsquo;int\u00e9gralit\u00e9 de la connexion sans fil. Veuillez v\u00e9rifier la compatibilit\u00e9 de votre appareil avant l&rsquo;achat.<\/p>\n<p data-start=\"1577\" data-end=\"1671\">Si vous avez besoin d&rsquo;aide pour choisir les pi\u00e8ces d\u00e9tach\u00e9es pour votre ordinateur portable ou si vous avez des questions, n&rsquo;h\u00e9sitez pas \u00e0 nous contacter.<\/p>\n","protected":false},"excerpt":{"rendered":"<p>Am\u00e9liorez votre ordinateur portable HP avec la carte Intel Dual Band Wireless-AC 8260NGW (806721-001). Profitez d&rsquo;un Wi-Fi rapide, d&rsquo;une connectivit\u00e9 stable et du Bluetooth 4.0 int\u00e9gr\u00e9 pour des performances optimales.<\/p>\n","protected":false},"featured_media":18095,"template":"","meta":[],"product_brand":[],"product_cat":[63],"product_tag":[61],"class_list":{"0":"post-18034","1":"product","2":"type-product","3":"status-publish","4":"has-post-thumbnail","6":"product_cat-motherboards-board-parts","7":"product_tag-hp","9":"first","10":"instock","11":"taxable","12":"shipping-taxable","13":"purchasable","14":"product-type-simple"},"_links":{"self":[{"href":"https:\/\/boreait.com\/fr\/wp-json\/wp\/v2\/product\/18034","targetHints":{"allow":["GET"]}}],"collection":[{"href":"https:\/\/boreait.com\/fr\/wp-json\/wp\/v2\/product"}],"about":[{"href":"https:\/\/boreait.com\/fr\/wp-json\/wp\/v2\/types\/product"}],"wp:featuredmedia":[{"embeddable":true,"href":"https:\/\/boreait.com\/fr\/wp-json\/wp\/v2\/media\/18095"}],"wp:attachment":[{"href":"https:\/\/boreait.com\/fr\/wp-json\/wp\/v2\/media?parent=18034"}],"wp:term":[{"taxonomy":"product_brand","embeddable":true,"href":"https:\/\/boreait.com\/fr\/wp-json\/wp\/v2\/product_brand?post=18034"},{"taxonomy":"product_cat","embeddable":true,"href":"https:\/\/boreait.com\/fr\/wp-json\/wp\/v2\/product_cat?post=18034"},{"taxonomy":"product_tag","embeddable":true,"href":"https:\/\/boreait.com\/fr\/wp-json\/wp\/v2\/product_tag?post=18034"}],"curies":[{"name":"wp","href":"https:\/\/api.w.org\/{rel}","templated":true}]}}