{"id":18033,"date":"2025-09-16T17:20:46","date_gmt":"2025-09-16T15:20:46","guid":{"rendered":"https:\/\/boreait.com\/fr\/?post_type=product&#038;p=18033"},"modified":"2025-09-16T17:22:51","modified_gmt":"2025-09-16T15:22:51","slug":"repose-poignets-sans-pave-tactile-pour-ordinateur-portable-hp-elitebook-820-g3-821692-001-125-pouces-doccasion","status":"publish","type":"product","link":"https:\/\/boreait.com\/fr\/produit\/repose-poignets-sans-pave-tactile-pour-ordinateur-portable-hp-elitebook-820-g3-821692-001-125-pouces-doccasion\/","title":{"rendered":"Repose-poignets sans pav\u00e9 tactile pour ordinateur portable HP EliteBook 820 G3 821692-001 12,5 pouces d&rsquo;occasion"},"content":{"rendered":"<p>Il s&rsquo;agit d&rsquo;un repose-poignets d&rsquo;origine pour HP EliteBook 820 G3, r\u00e9f\u00e9rences 821692-001 et 6070B0886101. Con\u00e7u pour l&rsquo;EliteBook 820 G3 12,5 pouces, ce composant de remplacement est une pi\u00e8ce d&rsquo;origine pour ordinateur portable HP, ce qui en fait le choix id\u00e9al pour restaurer les fonctionnalit\u00e9s et l&rsquo;aspect professionnel de votre appareil.<\/p>\n<p>\u2705 **\u00c9tat\u00a0:** Utilis\u00e9, test\u00e9 et enti\u00e8rement fonctionnel. Compatibilit\u00e9\u00a0: HP EliteBook 820 G3 (12,5\u00a0pouces).<br \/>\nR\u00e9f\u00e9rences\u00a0: 821692-001, 6070B0886101.<br \/>\nInclus\u00a0: Bo\u00eetier de repose-poignets<br \/>\nQue votre repose-poignets actuel soit fissur\u00e9, us\u00e9 ou ne r\u00e9ponde plus, cette pi\u00e8ce de rechange fiable est id\u00e9ale. Il s&rsquo;agit d&rsquo;une pi\u00e8ce de rechange HP authentique, et non d&rsquo;une copie d&rsquo;un fabricant tiers, garantissant un ajustement parfait et une durabilit\u00e9 optimale.<br \/>\nLes photos pr\u00e9sent\u00e9es sont des images r\u00e9elles de l&rsquo;article que vous recevrez. Remarque\u00a0: Les instructions d&rsquo;installation ne sont pas incluses. Pour toute question ou si vous avez besoin d&rsquo;aide pour d\u00e9terminer la compatibilit\u00e9, n&rsquo;h\u00e9sitez pas \u00e0 nous contacter.<br \/>\nAm\u00e9liorez et r\u00e9parez votre EliteBook avec des pi\u00e8ces d\u00e9tach\u00e9es pour ordinateur portable Siggmo de qualit\u00e9, exp\u00e9di\u00e9es en toute s\u00e9curit\u00e9 en Europe et dans le monde entier.<\/p>\n","protected":false},"excerpt":{"rendered":"<p>Repose-poignets d&rsquo;origine pour HP EliteBook 820 G3 12,5&Prime; (r\u00e9f\u00e9rence\u00a0: 821692-001 \/ 6070B0886101). Cette pi\u00e8ce d&rsquo;occasion d&rsquo;origine, test\u00e9e et en bon \u00e9tat de fonctionnement, est id\u00e9ale pour remplacer un repose-poignets endommag\u00e9 ou us\u00e9 sur votre ordinateur portable.<\/p>\n","protected":false},"featured_media":18093,"template":"","meta":[],"product_brand":[],"product_cat":[52],"product_tag":[],"class_list":{"0":"post-18033","1":"product","2":"type-product","3":"status-publish","4":"has-post-thumbnail","6":"product_cat-laptop-housing","8":"first","9":"instock","10":"taxable","11":"shipping-taxable","12":"purchasable","13":"product-type-simple"},"_links":{"self":[{"href":"https:\/\/boreait.com\/fr\/wp-json\/wp\/v2\/product\/18033","targetHints":{"allow":["GET"]}}],"collection":[{"href":"https:\/\/boreait.com\/fr\/wp-json\/wp\/v2\/product"}],"about":[{"href":"https:\/\/boreait.com\/fr\/wp-json\/wp\/v2\/types\/product"}],"wp:featuredmedia":[{"embeddable":true,"href":"https:\/\/boreait.com\/fr\/wp-json\/wp\/v2\/media\/18093"}],"wp:attachment":[{"href":"https:\/\/boreait.com\/fr\/wp-json\/wp\/v2\/media?parent=18033"}],"wp:term":[{"taxonomy":"product_brand","embeddable":true,"href":"https:\/\/boreait.com\/fr\/wp-json\/wp\/v2\/product_brand?post=18033"},{"taxonomy":"product_cat","embeddable":true,"href":"https:\/\/boreait.com\/fr\/wp-json\/wp\/v2\/product_cat?post=18033"},{"taxonomy":"product_tag","embeddable":true,"href":"https:\/\/boreait.com\/fr\/wp-json\/wp\/v2\/product_tag?post=18033"}],"curies":[{"name":"wp","href":"https:\/\/api.w.org\/{rel}","templated":true}]}}