{"id":18032,"date":"2025-09-16T17:20:46","date_gmt":"2025-09-16T15:20:46","guid":{"rendered":"https:\/\/boreait.com\/fr\/?post_type=product&#038;p=18032"},"modified":"2025-09-16T17:22:44","modified_gmt":"2025-09-16T15:22:44","slug":"cache-inferieur-l4q17av-pour-hp-elitebook-820-g3-pieces-dorigine-pour-ordinateur-portable-occasion","status":"publish","type":"product","link":"https:\/\/boreait.com\/fr\/produit\/cache-inferieur-l4q17av-pour-hp-elitebook-820-g3-pieces-dorigine-pour-ordinateur-portable-occasion\/","title":{"rendered":"Cache inf\u00e9rieur L4Q17AV pour HP EliteBook 820 G3 | Pi\u00e8ces d&rsquo;origine pour ordinateur portable \u2013 Occasion"},"content":{"rendered":"<p data-start=\"556\" data-end=\"747\">Il s&rsquo;agit d&rsquo;un <strong data-start=\"566\" data-end=\"632\">capot inf\u00e9rieur d&rsquo;origine pour HP EliteBook 820 G3 (num\u00e9ro de pi\u00e8ce L4Q17AV)<\/strong>. Il s&rsquo;agit d&rsquo;une <strong data-start=\"642\" data-end=\"664\">pi\u00e8ce d&rsquo;origine d&rsquo;occasion<\/strong> en bon \u00e9tat de fonctionnement, soigneusement test\u00e9e et inspect\u00e9e pour garantir sa fiabilit\u00e9.<\/p>\n<p data-start=\"749\" data-end=\"913\">Si votre coque inf\u00e9rieure actuelle est fissur\u00e9e, cass\u00e9e ou manquante, ce remplacement est une solution \u00e9conomique pour restaurer la protection, le refroidissement et la stabilit\u00e9 de votre ordinateur portable.<\/p>\n<p data-start=\"915\" data-end=\"939\">\u2705 <strong data-start=\"917\" data-end=\"937\">D\u00e9tails du produit\u00a0:<\/strong><\/p>\n<ul data-start=\"940\" data-end=\"1217\">\n<li data-start=\"940\" data-end=\"984\">\n<p data-start=\"942\" data-end=\"984\">Mod\u00e8le compatible\u00a0: HP EliteBook 820 G3<\/p>\n<\/li>\n<li data-start=\"985\" data-end=\"1009\">\n<p data-start=\"987\" data-end=\"1009\">R\u00e9f\u00e9rence\u00a0: L4Q17AV<\/p>\n<\/li>\n<li data-start=\"1010\" data-end=\"1047\">\n<p data-start=\"1012\" data-end=\"1047\">\u00c9tat\u00a0: Occasion, pi\u00e8ce d&rsquo;origine HP<\/p>\n<\/li>\n<li data-start=\"1048\" data-end=\"1145\">\n<p data-start=\"1050\" data-end=\"1145\">Fonction\u00a0: Prot\u00e8ge les composants internes, assure la ventilation et pr\u00e9serve la durabilit\u00e9 de l&rsquo;ordinateur portable.<\/p>\n<\/li>\n<li data-start=\"1146\" data-end=\"1217\">\n<p data-start=\"1148\" data-end=\"1217\">Les photos pr\u00e9sent\u00e9es sont des <strong data-start=\"1165\" data-end=\"1215\">images r\u00e9elles de la pi\u00e8ce que vous recevrez<\/strong><\/p>\n<\/li>\n<\/ul>\n<p data-start=\"1219\" data-end=\"1358\">\ud83d\udca1 Remarque\u00a0: Cette annonce ne comprend pas les instructions d&rsquo;installation. Si vous avez besoin d&rsquo;aide, n&rsquo;h\u00e9sitez pas \u00e0 nous contacter.<\/p>\n<p data-start=\"1360\" data-end=\"1515\">Ce cache inf\u00e9rieur de remplacement est un excellent choix pour ceux qui souhaitent conserver leur EliteBook 820 G3 en bon \u00e9tat avec des <strong data-start=\"1486\" data-end=\"1512\">pi\u00e8ces d&rsquo;ordinateur portable authentiques<\/strong>.<\/p>\n","protected":false},"excerpt":{"rendered":"<p>Cache inf\u00e9rieur d&rsquo;origine pour HP EliteBook 820 G3 (r\u00e9f\u00e9rence L4Q17AV), d&rsquo;occasion mais enti\u00e8rement fonctionnel. Pi\u00e8ce de rechange id\u00e9ale pour restaurer la protection et la stabilit\u00e9 de votre ordinateur portable.<\/p>\n","protected":false},"featured_media":18091,"template":"","meta":[],"product_brand":[],"product_cat":[52],"product_tag":[],"class_list":{"0":"post-18032","1":"product","2":"type-product","3":"status-publish","4":"has-post-thumbnail","6":"product_cat-laptop-housing","8":"first","9":"instock","10":"taxable","11":"shipping-taxable","12":"purchasable","13":"product-type-simple"},"_links":{"self":[{"href":"https:\/\/boreait.com\/fr\/wp-json\/wp\/v2\/product\/18032","targetHints":{"allow":["GET"]}}],"collection":[{"href":"https:\/\/boreait.com\/fr\/wp-json\/wp\/v2\/product"}],"about":[{"href":"https:\/\/boreait.com\/fr\/wp-json\/wp\/v2\/types\/product"}],"wp:featuredmedia":[{"embeddable":true,"href":"https:\/\/boreait.com\/fr\/wp-json\/wp\/v2\/media\/18091"}],"wp:attachment":[{"href":"https:\/\/boreait.com\/fr\/wp-json\/wp\/v2\/media?parent=18032"}],"wp:term":[{"taxonomy":"product_brand","embeddable":true,"href":"https:\/\/boreait.com\/fr\/wp-json\/wp\/v2\/product_brand?post=18032"},{"taxonomy":"product_cat","embeddable":true,"href":"https:\/\/boreait.com\/fr\/wp-json\/wp\/v2\/product_cat?post=18032"},{"taxonomy":"product_tag","embeddable":true,"href":"https:\/\/boreait.com\/fr\/wp-json\/wp\/v2\/product_tag?post=18032"}],"curies":[{"name":"wp","href":"https:\/\/api.w.org\/{rel}","templated":true}]}}