{"id":18019,"date":"2025-09-16T17:20:15","date_gmt":"2025-09-16T15:20:15","guid":{"rendered":"https:\/\/boreait.com\/fr\/?post_type=product&#038;p=18019"},"modified":"2026-02-09T13:04:26","modified_gmt":"2026-02-09T12:04:26","slug":"cadre-central-interne-du-chassis-pour-ordinateur-portable-dell-latitude-5480-5490-0cn2t6-ap1sd000200","status":"publish","type":"product","link":"https:\/\/boreait.com\/fr\/produit\/cadre-central-interne-du-chassis-pour-ordinateur-portable-dell-latitude-5480-5490-0cn2t6-ap1sd000200\/","title":{"rendered":"Cadre central interne du ch\u00e2ssis pour ordinateur portable Dell Latitude 5480\/5490 (0CN2T6 AP1SD000200)"},"content":{"rendered":"<p data-start=\"563\" data-end=\"812\">Mettez \u00e0 niveau ou r\u00e9parez votre Dell Latitude avec ce <strong data-start=\"610\" data-end=\"640\">cadre de ch\u00e2ssis central int\u00e9rieur<\/strong>, con\u00e7u sp\u00e9cifiquement pour les <strong data-start=\"668\" data-end=\"709\">ordinateurs portables des s\u00e9ries Latitude 5480 et 5490<\/strong>. Ce cadre offre un soutien solide aux composants internes, garantissant la stabilit\u00e9 et l&rsquo;alignement de votre ordinateur portable.<\/p>\n<ul data-start=\"814\" data-end=\"1056\">\n<li data-start=\"814\" data-end=\"866\">\n<p data-start=\"816\" data-end=\"866\"><strong data-start=\"816\" data-end=\"837\">Mod\u00e8les compatibles<\/strong>\u00a0: Dell Latitude 5480\/5490<\/p>\n<\/li>\n<li data-start=\"867\" data-end=\"908\">\n<p data-start=\"869\" data-end=\"908\"><strong data-start=\"869\" data-end=\"885\">R\u00e9f\u00e9rences<\/strong>\u00a0: 0CN2T6, AP1SD000200<\/p>\n<\/li>\n<li data-start=\"909\" data-end=\"979\">\n<p data-start=\"911\" data-end=\"979\"><strong data-start=\"911\" data-end=\"924\">\u00c9tat<\/strong>\u00a0: Pi\u00e8ce d&rsquo;origine test\u00e9e, issue de notre stock de pi\u00e8ces d\u00e9tach\u00e9es pour ordinateurs portables.<\/p>\n<\/li>\n<li data-start=\"980\" data-end=\"1056\">\n<p data-start=\"982\" data-end=\"1056\"><strong data-start=\"982\" data-end=\"989\">Utilisation<\/strong>\u00a0: Id\u00e9al pour remplacer un ch\u00e2ssis central interne endommag\u00e9 ou cass\u00e9.<\/p>\n<\/li>\n<\/ul>\n<p data-start=\"1058\" data-end=\"1185\">Cet article fait partie de notre <strong data-start=\"1083\" data-end=\"1118\">collection de pi\u00e8ces d\u00e9tach\u00e9es pour ordinateurs portables haut de gamme<\/strong>. Sa qualit\u00e9 a \u00e9t\u00e9 v\u00e9rifi\u00e9e pour garantir des performances fiables.<\/p>\n<p data-start=\"1187\" data-end=\"1213\">\ud83d\udccc <strong data-start=\"1190\" data-end=\"1210\">Remarques \u00e0 l&rsquo;attention des acheteurs<\/strong>\u00a0:<\/p>\n<ul data-start=\"1214\" data-end=\"1438\">\n<li data-start=\"1214\" data-end=\"1294\">\n<p data-start=\"1216\" data-end=\"1294\">Les photos de cette annonce sont des <strong data-start=\"1247\" data-end=\"1264\">images r\u00e9elles<\/strong> de la pi\u00e8ce que vous recevrez.<\/p>\n<\/li>\n<li data-start=\"1295\" data-end=\"1438\">\n<p data-start=\"1297\" data-end=\"1438\">Les instructions d&rsquo;installation ne sont pas fournies, mais si vous avez besoin d&rsquo;aide ou de confirmation de compatibilit\u00e9, n&rsquo;h\u00e9sitez pas \u00e0 nous contacter. data-start=\u00a0\u00bb1412&Prime; data-end=\u00a0\u00bb1435&Prime;>Contactez-nous directement.<\/strong><\/p>\n<\/li>\n<\/ul>\n","protected":false},"excerpt":{"rendered":"<p>Cadre de ch\u00e2ssis central int\u00e9rieur de remplacement pour ordinateurs portables Dell Latitude 5480 et 5490. Compatible avec les r\u00e9f\u00e9rences <strong data-start=\"434\" data-end=\"444\">0CN2T6<\/strong> et <strong data-start=\"449\" data-end=\"464\">AP1SD000200<\/strong>. Pi\u00e8ce d&rsquo;origine issue de notre collection de pi\u00e8ces pour ordinateurs portables.<\/p>\n","protected":false},"featured_media":18079,"template":"","meta":[],"product_brand":[],"product_cat":[52],"product_tag":[53],"class_list":{"0":"post-18019","1":"product","2":"type-product","3":"status-publish","4":"has-post-thumbnail","6":"product_cat-laptop-housing","7":"product_tag-dell","9":"first","10":"instock","11":"taxable","12":"shipping-taxable","13":"purchasable","14":"product-type-simple"},"_links":{"self":[{"href":"https:\/\/boreait.com\/fr\/wp-json\/wp\/v2\/product\/18019","targetHints":{"allow":["GET"]}}],"collection":[{"href":"https:\/\/boreait.com\/fr\/wp-json\/wp\/v2\/product"}],"about":[{"href":"https:\/\/boreait.com\/fr\/wp-json\/wp\/v2\/types\/product"}],"wp:featuredmedia":[{"embeddable":true,"href":"https:\/\/boreait.com\/fr\/wp-json\/wp\/v2\/media\/18079"}],"wp:attachment":[{"href":"https:\/\/boreait.com\/fr\/wp-json\/wp\/v2\/media?parent=18019"}],"wp:term":[{"taxonomy":"product_brand","embeddable":true,"href":"https:\/\/boreait.com\/fr\/wp-json\/wp\/v2\/product_brand?post=18019"},{"taxonomy":"product_cat","embeddable":true,"href":"https:\/\/boreait.com\/fr\/wp-json\/wp\/v2\/product_cat?post=18019"},{"taxonomy":"product_tag","embeddable":true,"href":"https:\/\/boreait.com\/fr\/wp-json\/wp\/v2\/product_tag?post=18019"}],"curies":[{"name":"wp","href":"https:\/\/api.w.org\/{rel}","templated":true}]}}