{"id":18009,"date":"2025-09-16T17:19:48","date_gmt":"2025-09-16T15:19:48","guid":{"rendered":"https:\/\/boreait.com\/fr\/?post_type=product&#038;p=18009"},"modified":"2025-09-16T17:21:55","modified_gmt":"2025-09-16T15:21:55","slug":"paire-de-haut-parleurs-pour-microsoft-surface-pro-4-1724-x933421-004","status":"publish","type":"product","link":"https:\/\/boreait.com\/fr\/produit\/paire-de-haut-parleurs-pour-microsoft-surface-pro-4-1724-x933421-004\/","title":{"rendered":"Paire de haut-parleurs pour Microsoft Surface Pro 4 1724 | X933421-004"},"content":{"rendered":"<p data-start=\"559\" data-end=\"862\">Am\u00e9liorez ou r\u00e9parez votre Microsoft Surface Pro 4 (mod\u00e8le 1724) avec cette <strong data-start=\"629\" data-end=\"654\">paire de haut-parleurs d&rsquo;origine<\/strong>, con\u00e7ue sp\u00e9cifiquement pour un ajustement parfait et des performances sonores claires. Ces haut-parleurs sont des pi\u00e8ces d&rsquo;origine pour ordinateur portable, provenant d&rsquo;une Surface Pro 4 authentique, garantissant fiabilit\u00e9 et compatibilit\u00e9 avec votre appareil.<\/p>\n<p data-start=\"864\" data-end=\"1050\">Que les haut-parleurs de votre Surface Pro 4 produisent un son d\u00e9form\u00e9, soient faibles ou ne fonctionnent plus du tout, ce kit de remplacement vous permet de retrouver l&rsquo;exp\u00e9rience audio nette que vous attendez.<\/p>\n<h3 data-start=\"1052\" data-end=\"1069\">Principales caract\u00e9ristiques\u00a0:<\/h3>\n<ul data-start=\"1070\" data-end=\"1367\">\n<li data-start=\"1070\" data-end=\"1126\">\n<p data-start=\"1072\" data-end=\"1126\"><strong data-start=\"1072\" data-end=\"1093\">Mod\u00e8le compatible\u00a0:<\/strong> Microsoft Surface Pro 4 (1724)<\/p>\n<\/li>\n<li data-start=\"1127\" data-end=\"1193\">\n<p data-start=\"1129\" data-end=\"1193\"><strong data-start=\"1129\" data-end=\"1143\">\u00c9tat\u00a0:<\/strong> Pi\u00e8ces d&rsquo;ordinateur portable authentiques, enti\u00e8rement test\u00e9es et fonctionnelles.<\/p>\n<\/li>\n<li data-start=\"1194\" data-end=\"1242\">\n<p data-start=\"1196\" data-end=\"1242\"><strong data-start=\"1196\" data-end=\"1209\">Comprend\u00a0:<\/strong> Haut-parleurs gauche et droit (paire)<\/p>\n<\/li>\n<li data-start=\"1243\" data-end=\"1303\">\n<p data-start=\"1245\" data-end=\"1303\"><strong data-start=\"1245\" data-end=\"1258\">Fonction\u00a0:<\/strong> Restaure la clart\u00e9 et le volume du son d&rsquo;origine.<\/p>\n<\/li>\n<li data-start=\"1304\" data-end=\"1367\">\n<p data-start=\"1306\" data-end=\"1367\"><strong data-start=\"1306\" data-end=\"1317\">Photos\u00a0:<\/strong> Images r\u00e9elles des pi\u00e8ces que vous recevrez.<\/p>\n<\/li>\n<\/ul>\n<p data-start=\"1369\" data-end=\"1520\">\ud83d\udca1 <strong data-start=\"1372\" data-end=\"1381\">Remarque\u00a0:<\/strong> Les instructions d&rsquo;installation ne sont pas incluses. Si vous avez besoin d&rsquo;aide pour le remplacement, n&rsquo;h\u00e9sitez pas \u00e0 nous contacter\u00a0; nous serons ravis de vous aider.<\/p>\n","protected":false},"excerpt":{"rendered":"<p>Haut-parleurs d&rsquo;origine pour Microsoft Surface Pro 4 (mod\u00e8le 1724), pi\u00e8ces de rechange id\u00e9ales pour restaurer une qualit\u00e9 audio optimale. Photos du produit incluses.<\/p>\n","protected":false},"featured_media":18066,"template":"","meta":[],"product_brand":[],"product_cat":[54],"product_tag":[117],"class_list":{"0":"post-18009","1":"product","2":"type-product","3":"status-publish","4":"has-post-thumbnail","6":"product_cat-laptop-speakers","7":"product_tag-microsoft","9":"first","10":"instock","11":"taxable","12":"shipping-taxable","13":"purchasable","14":"product-type-simple"},"_links":{"self":[{"href":"https:\/\/boreait.com\/fr\/wp-json\/wp\/v2\/product\/18009","targetHints":{"allow":["GET"]}}],"collection":[{"href":"https:\/\/boreait.com\/fr\/wp-json\/wp\/v2\/product"}],"about":[{"href":"https:\/\/boreait.com\/fr\/wp-json\/wp\/v2\/types\/product"}],"wp:featuredmedia":[{"embeddable":true,"href":"https:\/\/boreait.com\/fr\/wp-json\/wp\/v2\/media\/18066"}],"wp:attachment":[{"href":"https:\/\/boreait.com\/fr\/wp-json\/wp\/v2\/media?parent=18009"}],"wp:term":[{"taxonomy":"product_brand","embeddable":true,"href":"https:\/\/boreait.com\/fr\/wp-json\/wp\/v2\/product_brand?post=18009"},{"taxonomy":"product_cat","embeddable":true,"href":"https:\/\/boreait.com\/fr\/wp-json\/wp\/v2\/product_cat?post=18009"},{"taxonomy":"product_tag","embeddable":true,"href":"https:\/\/boreait.com\/fr\/wp-json\/wp\/v2\/product_tag?post=18009"}],"curies":[{"name":"wp","href":"https:\/\/api.w.org\/{rel}","templated":true}]}}