{"id":18008,"date":"2025-09-16T17:19:48","date_gmt":"2025-09-16T15:19:48","guid":{"rendered":"https:\/\/boreait.com\/fr\/?post_type=product&#038;p=18008"},"modified":"2025-09-16T17:21:51","modified_gmt":"2025-09-16T15:21:51","slug":"pieces-detachees-pour-ordinateur-portable-microsoft-surface-pro-4-1724-remplacement-des-cameras-avant-et-arriere","status":"publish","type":"product","link":"https:\/\/boreait.com\/fr\/produit\/pieces-detachees-pour-ordinateur-portable-microsoft-surface-pro-4-1724-remplacement-des-cameras-avant-et-arriere\/","title":{"rendered":"Pi\u00e8ces d\u00e9tach\u00e9es pour ordinateur portable Microsoft Surface Pro 4 1724\u00a0: remplacement des cam\u00e9ras avant et arri\u00e8re"},"content":{"rendered":"<p data-start=\"657\" data-end=\"950\">Am\u00e9liorez ou r\u00e9parez votre Microsoft Surface Pro 4 avec ce kit de cam\u00e9ras d&rsquo;origine, sp\u00e9cialement con\u00e7u pour le <strong data-start=\"760\" data-end=\"774\">mod\u00e8le 1724<\/strong>. Ce pack comprend la <strong data-start=\"807\" data-end=\"839\">cam\u00e9ra avant et la cam\u00e9ra arri\u00e8re<\/strong>, ce qui en fait la solution id\u00e9ale si les cam\u00e9ras de votre appareil sont endommag\u00e9es, d\u00e9fectueuses ou ne fonctionnent pas correctement.<\/p>\n<p data-start=\"952\" data-end=\"1162\">Ce sont des <strong data-start=\"962\" data-end=\"997\">pi\u00e8ces d&rsquo;origine pour ordinateur portable Microsoft<\/strong>, soigneusement test\u00e9es pour garantir leur pleine fonctionnalit\u00e9. Les photos de cette annonce sont des images r\u00e9elles des articles que vous recevrez\u00a0; aucune image d&rsquo;archive, pas de surprise.<\/p>\n<p data-start=\"1164\" data-end=\"1352\">\u2714 Compatible avec\u00a0: Microsoft Surface Pro 4 (1724)<br data-start=\"1213\" data-end=\"1216\" \/>\u2714 Comprend\u00a0: Modules de cam\u00e9ra avant et arri\u00e8re<br data-start=\"1257\" data-end=\"1260\" \/>\u2714 \u00c9tat\u00a0: Original, test\u00e9 et enti\u00e8rement fonctionnel<br data-start=\"1311\" data-end=\"1314\" \/>\u2714 Id\u00e9al pour\u00a0: Remplacement ou r\u00e9paration<\/p>\n<p data-start=\"1354\" data-end=\"1527\">Remarque\u00a0: Cette annonce ne comprend pas d&rsquo;instructions d&rsquo;installation \u00e9tape par \u00e9tape. Si vous avez besoin d&rsquo;aide lors du remplacement, n&rsquo;h\u00e9sitez pas \u00e0 nous contacter et nous vous guiderons.<\/p>\n<p data-start=\"1529\" data-end=\"1644\">Redonnez vie \u00e0 votre Surface Pro 4 avec des appels vid\u00e9o clairs et des photos nettes gr\u00e2ce \u00e0 ces pi\u00e8ces d&rsquo;ordinateur portable authentiques.<\/p>\n","protected":false},"excerpt":{"rendered":"<p>Ensemble de cam\u00e9ras avant et arri\u00e8re de remplacement pour Microsoft Surface Pro 4 (mod\u00e8le 1724). Pi\u00e8ces d&rsquo;ordinateur portable 100 % d&rsquo;origine, test\u00e9es et pr\u00eates \u00e0 installer. Les photos r\u00e9elles montrent exactement ce que vous recevrez.<\/p>\n","protected":false},"featured_media":18065,"template":"","meta":[],"product_brand":[],"product_cat":[59],"product_tag":[117],"class_list":{"0":"post-18008","1":"product","2":"type-product","3":"status-publish","4":"has-post-thumbnail","6":"product_cat-laptop-camera","7":"product_tag-microsoft","9":"first","10":"instock","11":"taxable","12":"shipping-taxable","13":"purchasable","14":"product-type-simple"},"_links":{"self":[{"href":"https:\/\/boreait.com\/fr\/wp-json\/wp\/v2\/product\/18008","targetHints":{"allow":["GET"]}}],"collection":[{"href":"https:\/\/boreait.com\/fr\/wp-json\/wp\/v2\/product"}],"about":[{"href":"https:\/\/boreait.com\/fr\/wp-json\/wp\/v2\/types\/product"}],"wp:featuredmedia":[{"embeddable":true,"href":"https:\/\/boreait.com\/fr\/wp-json\/wp\/v2\/media\/18065"}],"wp:attachment":[{"href":"https:\/\/boreait.com\/fr\/wp-json\/wp\/v2\/media?parent=18008"}],"wp:term":[{"taxonomy":"product_brand","embeddable":true,"href":"https:\/\/boreait.com\/fr\/wp-json\/wp\/v2\/product_brand?post=18008"},{"taxonomy":"product_cat","embeddable":true,"href":"https:\/\/boreait.com\/fr\/wp-json\/wp\/v2\/product_cat?post=18008"},{"taxonomy":"product_tag","embeddable":true,"href":"https:\/\/boreait.com\/fr\/wp-json\/wp\/v2\/product_tag?post=18008"}],"curies":[{"name":"wp","href":"https:\/\/api.w.org\/{rel}","templated":true}]}}