{"id":17987,"date":"2025-09-16T17:18:59","date_gmt":"2025-09-16T15:18:59","guid":{"rendered":"https:\/\/boreait.com\/fr\/?post_type=product&#038;p=17987"},"modified":"2025-09-16T17:21:28","modified_gmt":"2025-09-16T15:21:28","slug":"prise-dalimentation-cc-avec-cable-pour-ordinateur-portable-dell-latitude-7480-7490-8gjm9","status":"publish","type":"product","link":"https:\/\/boreait.com\/fr\/produit\/prise-dalimentation-cc-avec-cable-pour-ordinateur-portable-dell-latitude-7480-7490-8gjm9\/","title":{"rendered":"Prise d&rsquo;alimentation CC avec c\u00e2ble pour ordinateur portable Dell Latitude 7480\/7490 (8GJM9)"},"content":{"rendered":"<p data-start=\"698\" data-end=\"934\">Mettez \u00e0 niveau ou r\u00e9parez votre Dell Latitude avec cette <strong data-start=\"745\" data-end=\"787\">prise d&rsquo;entr\u00e9e d&rsquo;alimentation CC authentique avec c\u00e2ble<\/strong>. Cette <strong data-start=\"804\" data-end=\"819\">pi\u00e8ce essentielle pour ordinateur portable<\/strong> assure une connexion \u00e9lectrique stable, permettant \u00e0 votre appareil de se charger efficacement et de maintenir des performances fiables.<\/p>\n<p data-start=\"936\" data-end=\"1185\">\u2714 <strong data-start=\"938\" data-end=\"960\">Mod\u00e8les compatibles\u00a0:<\/strong> Dell Latitude 7480, Dell Latitude 7490<br data-start=\"999\" data-end=\"1002\" \/>\u2714 <strong data-start=\"1004\" data-end=\"1021\">R\u00e9f\u00e9rences\u00a0:<\/strong> 8GJM9 \/ 08GJM9<br data-start=\"1036\" data-end=\"1039\" \/>\u2714 <strong data-start=\"1041\" data-end=\"1055\">\u00c9tat\u00a0:<\/strong> Pi\u00e8ce de rechange d&rsquo;origine, test\u00e9e et en \u00e9tat de fonctionnement<br data-start=\"1109\" data-end=\"1112\" \/>\u2714 <strong data-start=\"1114\" data-end=\"1125\">Photos\u00a0:<\/strong> Photos r\u00e9elles du produit\u00a0: vous recevrez exactement ce que vous voyez.<\/p>\n<p data-start=\"1187\" data-end=\"1430\">Cette prise d&rsquo;alimentation CC est id\u00e9ale pour r\u00e9soudre les probl\u00e8mes de charge caus\u00e9s par un port desserr\u00e9 ou endommag\u00e9. Que vous soyez technicien professionnel ou que vous r\u00e9pariez vous-m\u00eame votre ordinateur portable, ce remplacement garantit des performances durables et une connexion s\u00e9curis\u00e9e.<\/p>\n<p data-start=\"1432\" data-end=\"1543\">\ud83d\udca1 <strong data-start=\"1435\" data-end=\"1444\">Remarque\u00a0:<\/strong> Les instructions d&rsquo;installation ne sont pas incluses, mais si vous avez besoin d&rsquo;aide, n&rsquo;h\u00e9sitez pas \u00e0 nous contacter.<\/p>\n<p data-start=\"1545\" data-end=\"1707\">Chez <strong data-start=\"1548\" data-end=\"1562\">siggmo<\/strong>, nous sommes sp\u00e9cialis\u00e9s dans les <strong data-start=\"1581\" data-end=\"1597\">pi\u00e8ces d\u00e9tach\u00e9es pour ordinateurs portables<\/strong> pour les clients du monde entier. Notre objectif est de fournir des composants de haute qualit\u00e9 pour que votre ordinateur portable fonctionne \u00e0 nouveau comme neuf.<\/p>\n","protected":false},"excerpt":{"rendered":"<p>Prise d&rsquo;alimentation CC fiable avec c\u00e2ble pour Dell Latitude 7480 et 7490. Pi\u00e8ce de rechange d&rsquo;origine pour ordinateur portable (r\u00e9f\u00e9rences 8GJM9 \/ 08GJM9). Les photos montrent l&rsquo;article exact que vous recevrez.<\/p>\n","protected":false},"featured_media":18052,"template":"","meta":[],"product_brand":[],"product_cat":[63],"product_tag":[53],"class_list":{"0":"post-17987","1":"product","2":"type-product","3":"status-publish","4":"has-post-thumbnail","6":"product_cat-motherboards-board-parts","7":"product_tag-dell","9":"first","10":"instock","11":"taxable","12":"shipping-taxable","13":"purchasable","14":"product-type-simple"},"_links":{"self":[{"href":"https:\/\/boreait.com\/fr\/wp-json\/wp\/v2\/product\/17987","targetHints":{"allow":["GET"]}}],"collection":[{"href":"https:\/\/boreait.com\/fr\/wp-json\/wp\/v2\/product"}],"about":[{"href":"https:\/\/boreait.com\/fr\/wp-json\/wp\/v2\/types\/product"}],"wp:featuredmedia":[{"embeddable":true,"href":"https:\/\/boreait.com\/fr\/wp-json\/wp\/v2\/media\/18052"}],"wp:attachment":[{"href":"https:\/\/boreait.com\/fr\/wp-json\/wp\/v2\/media?parent=17987"}],"wp:term":[{"taxonomy":"product_brand","embeddable":true,"href":"https:\/\/boreait.com\/fr\/wp-json\/wp\/v2\/product_brand?post=17987"},{"taxonomy":"product_cat","embeddable":true,"href":"https:\/\/boreait.com\/fr\/wp-json\/wp\/v2\/product_cat?post=17987"},{"taxonomy":"product_tag","embeddable":true,"href":"https:\/\/boreait.com\/fr\/wp-json\/wp\/v2\/product_tag?post=17987"}],"curies":[{"name":"wp","href":"https:\/\/api.w.org\/{rel}","templated":true}]}}