{"id":17986,"date":"2025-09-16T17:18:58","date_gmt":"2025-09-16T15:18:58","guid":{"rendered":"https:\/\/boreait.com\/fr\/?post_type=product&#038;p=17986"},"modified":"2026-02-09T13:03:36","modified_gmt":"2026-02-09T12:03:36","slug":"carte-wi-fi-bluetooth-4-2-dell-8265ngw-802-11ac-867-mbit-s-pieces-detachees-pour-ordinateur-portable-8f3y8","status":"publish","type":"product","link":"https:\/\/boreait.com\/fr\/produit\/carte-wi-fi-bluetooth-4-2-dell-8265ngw-802-11ac-867-mbit-s-pieces-detachees-pour-ordinateur-portable-8f3y8\/","title":{"rendered":"Carte Wi-Fi Bluetooth 4.2 Dell 8265NGW 802.11ac 867 Mbit\/s, pi\u00e8ces d\u00e9tach\u00e9es pour ordinateur portable 8F3Y8"},"content":{"rendered":"<p data-start=\"590\" data-end=\"883\">La <strong data-start=\"594\" data-end=\"662\">carte WiFi + Bluetooth Dell 8265NGW (num\u00e9ros de pi\u00e8ce 8F3Y8 \/ 08F3Y8)<\/strong> est un remplacement d&rsquo;origine con\u00e7u pour les ordinateurs portables qui ont besoin de performances sans fil rapides et stables. Issue de notre collection de <strong data-start=\"780\" data-end=\"796\">pi\u00e8ces d\u00e9tach\u00e9es pour ordinateurs portables<\/strong> de qualit\u00e9 chez Siggmo, cette carte offre une compatibilit\u00e9 et une efficacit\u00e9 optimales.<\/p>\n<p data-start=\"885\" data-end=\"904\"><strong data-start=\"885\" data-end=\"902\">Caract\u00e9ristiques principales\u00a0:<\/strong><\/p>\n<ul data-start=\"905\" data-end=\"1220\">\n<li data-start=\"905\" data-end=\"928\">\n<p data-start=\"907\" data-end=\"928\">Mod\u00e8le\u00a0: Dell 8265NGW<\/p>\n<\/li>\n<li data-start=\"929\" data-end=\"986\">\n<p data-start=\"931\" data-end=\"986\">Norme sans fil\u00a0: 802.11ac double bande (2,4\u00a0GHz) et 5 GHz)<\/p>\n<\/li>\n<li data-start=\"987\" data-end=\"1060\">\n<p data-start=\"989\" data-end=\"1060\">Vitesse\u00a0: Jusqu&rsquo;\u00e0 867\u00a0Mbit\/s pour une navigation, un streaming et un travail en ligne fluides.<\/p>\n<\/li>\n<li data-start=\"1061\" data-end=\"1156\">\n<p data-start=\"1063\" data-end=\"1156\">Bluetooth\u00a0: Version\u00a04.2 pour un appairage facile avec souris, claviers, casques et autres appareils.<\/p>\n<\/li>\n<li data-start=\"1157\" data-end=\"1194\">\n<p data-start=\"1159\" data-end=\"1194\">R\u00e9f\u00e9rences Dell\u00a0: 8F3Y8 \/ 08F3Y8<\/p>\n<\/li>\n<li data-start=\"1195\" data-end=\"1220\">\n<p data-start=\"1197\" data-end=\"1220\">Format\u00a0: M.2 2230<\/p>\n<\/li>\n<\/ul>\n<p data-start=\"1222\" data-end=\"1249\"><strong data-start=\"1222\" data-end=\"1247\">Pourquoi choisir cette carte\u00a0?<\/strong><\/p>\n<ul data-start=\"1250\" data-end=\"1522\">\n<li data-start=\"1250\" data-end=\"1305\">\n<p data-start=\"1252\" data-end=\"1305\">Pi\u00e8ce de rechange Dell d&rsquo;origine \u2014 test\u00e9e et fiable<\/p>\n<\/li>\n<li data-start=\"1306\" data-end=\"1384\">\n<p data-start=\"1308\" data-end=\"1384\">Id\u00e9al pour restaurer ou mettre \u00e0 niveau la fonctionnalit\u00e9 sans fil des ordinateurs portables compatibles.<\/p>\n<\/li>\n<li data-start=\"1385\" data-end=\"1459\">\n<p data-start=\"1387\" data-end=\"1459\">Prend en charge les normes Wi-Fi et Bluetooth modernes pour une connexion fluide.<\/p>\n<\/li>\n<li data-start=\"1460\" data-end=\"1522\">\n<p data-start=\"1462\" data-end=\"1522\">Conception M.2 compacte pour un ajustement optimal et une installation facile.<\/p>\n<\/li>\n<\/ul>\n<p data-start=\"1524\" data-end=\"1542\"><strong data-start=\"1524\" data-end=\"1540\">Remarque\u00a0:<\/strong><\/p>\n<ul data-start=\"1543\" data-end=\"1724\">\n<li data-start=\"1543\" data-end=\"1644\">\n<p data-start=\"1545\" data-end=\"1644\">Les instructions d&rsquo;installation ne sont pas incluses, mais si vous avez besoin d&rsquo;aide, vous pouvez nous contacter \u00e0 tout moment.<\/p>\n<\/li>\n<li data-start=\"1645\" data-end=\"1724\">\n<p data-start=\"1647\" data-end=\"1724\">Toutes les images des produits sont des <strong data-start=\"1670\" data-end=\"1685\">photos r\u00e9elles<\/strong> des pi\u00e8ces exactes que vous recevrez.<\/p>\n<\/li>\n<\/ul>\n<p data-start=\"1726\" data-end=\"1947\">Chez Siggmo, nous sommes sp\u00e9cialis\u00e9s dans la <strong data-start=\"1767\" de haute qualit\u00e9 data-end=\"1783\">Pi\u00e8ces d\u00e9tach\u00e9es pour ordinateurs portables<\/strong> pour clients en Europe et dans le monde entier. Que vous souhaitiez remplacer une carte d\u00e9fectueuse ou am\u00e9liorer vos performances sans fil, le Dell 8265NGW est une solution fiable.<\/p>\n","protected":false},"excerpt":{"rendered":"<p>Am\u00e9liorez la connectivit\u00e9 de votre ordinateur portable avec la carte sans fil Dell 8265NGW. Elle prend en charge le Wi-Fi 802.11ac bi-bande jusqu&rsquo;\u00e0 867 Mbit\/s et le Bluetooth 4.2, offrant des performances fiables pour une navigation, un streaming et un appairage fluides.<\/p>\n","protected":false},"featured_media":18051,"template":"","meta":[],"product_brand":[],"product_cat":[63],"product_tag":[53],"class_list":{"0":"post-17986","1":"product","2":"type-product","3":"status-publish","4":"has-post-thumbnail","6":"product_cat-motherboards-board-parts","7":"product_tag-dell","9":"first","10":"instock","11":"taxable","12":"shipping-taxable","13":"purchasable","14":"product-type-simple"},"_links":{"self":[{"href":"https:\/\/boreait.com\/fr\/wp-json\/wp\/v2\/product\/17986","targetHints":{"allow":["GET"]}}],"collection":[{"href":"https:\/\/boreait.com\/fr\/wp-json\/wp\/v2\/product"}],"about":[{"href":"https:\/\/boreait.com\/fr\/wp-json\/wp\/v2\/types\/product"}],"wp:featuredmedia":[{"embeddable":true,"href":"https:\/\/boreait.com\/fr\/wp-json\/wp\/v2\/media\/18051"}],"wp:attachment":[{"href":"https:\/\/boreait.com\/fr\/wp-json\/wp\/v2\/media?parent=17986"}],"wp:term":[{"taxonomy":"product_brand","embeddable":true,"href":"https:\/\/boreait.com\/fr\/wp-json\/wp\/v2\/product_brand?post=17986"},{"taxonomy":"product_cat","embeddable":true,"href":"https:\/\/boreait.com\/fr\/wp-json\/wp\/v2\/product_cat?post=17986"},{"taxonomy":"product_tag","embeddable":true,"href":"https:\/\/boreait.com\/fr\/wp-json\/wp\/v2\/product_tag?post=17986"}],"curies":[{"name":"wp","href":"https:\/\/api.w.org\/{rel}","templated":true}]}}