{"id":17983,"date":"2025-09-16T17:18:58","date_gmt":"2025-09-16T15:18:58","guid":{"rendered":"https:\/\/boreait.com\/fr\/?post_type=product&#038;p=17983"},"modified":"2025-09-16T17:21:09","modified_gmt":"2025-09-16T15:21:09","slug":"haut-parleurs-pour-ordinateur-portable-dell-latitude-e5480-e5490-5480-5491-07y2tf-pieces-de-rechange-dorigine-pour-ordinateur-portable-doccasion","status":"publish","type":"product","link":"https:\/\/boreait.com\/fr\/produit\/haut-parleurs-pour-ordinateur-portable-dell-latitude-e5480-e5490-5480-5491-07y2tf-pieces-de-rechange-dorigine-pour-ordinateur-portable-doccasion\/","title":{"rendered":"Haut-parleurs pour ordinateur portable Dell Latitude E5480 E5490 5480 5491 07Y2TF \u2013 Pi\u00e8ces de rechange d&rsquo;origine pour ordinateur portable d&rsquo;occasion"},"content":{"rendered":"<p data-start=\"508\" data-end=\"701\">Am\u00e9liorez ou restaurez votre audio avec ces <strong data-start=\"549\" data-end=\"596\">haut-parleurs d&rsquo;ordinateur portable Dell Latitude E5480 E5490 5480 5491 07Y2TF d&rsquo;origine<\/strong>. Cet ensemble authentique de <strong data-start=\"618\" data-end=\"639\">pi\u00e8ces d&rsquo;ordinateur portable d&rsquo;occasion<\/strong> a \u00e9t\u00e9 soigneusement test\u00e9 pour garantir son parfait fonctionnement.<\/p>\n<ul data-start=\"703\" data-end=\"916\">\n<li data-start=\"703\" data-end=\"751\">\n<p data-start=\"705\" data-end=\"751\"><strong data-start=\"705\" data-end=\"722\">Compatibilit\u00e9<\/strong>\u00a0: Dell Latitude E5480 E5490 5480 5491 s\u00e9rie 07Y2TF<\/p>\n<\/li>\n<li data-start=\"752\" data-end=\"815\">\n<p data-start=\"754\" data-end=\"815\"><strong data-start=\"754\" data-end=\"767\">\u00c9tat<\/strong>\u00a0: Occasion, enti\u00e8rement test\u00e9 et garanti Fonctionnel<\/p>\n<\/li>\n<li data-start=\"816\" data-end=\"873\">\n<p data-start=\"818\" data-end=\"873\"><strong data-start=\"818\" data-end=\"826\">Type<\/strong>\u00a0: Haut-parleurs internes gauche et droit pour ordinateur portable<\/p>\n<\/li>\n<li data-start=\"874\" data-end=\"916\">\n<p data-start=\"876\" data-end=\"916\"><strong data-start=\"876\" data-end=\"888\">Cat\u00e9gorie<\/strong>\u00a0: Pi\u00e8ces de rechange pour ordinateur portable<\/p>\n<\/li>\n<\/ul>\n<p data-start=\"918\" data-end=\"1126\">Ces haut-parleurs pour ordinateur portable sont parfaits si vos haut-parleurs actuels sont d\u00e9form\u00e9s, fissur\u00e9s ou ne fonctionnent pas du tout. L&rsquo;installation de pi\u00e8ces Dell d&rsquo;origine garantit un ajustement et des performances optimaux par rapport aux pi\u00e8ces de rechange g\u00e9n\u00e9riques.<\/p>\n<p data-start=\"1128\" data-end=\"1261\">\ud83d\udccc <strong data-start=\"1131\" data-end=\"1140\">Remarque\u00a0:<\/strong> Nous ne fournissons pas d&rsquo;instructions d&rsquo;installation d\u00e9taill\u00e9es, mais si vous avez besoin d&rsquo;aide ou de conseils, vous pouvez nous contacter \u00e0 tout moment.<\/p>\n<p data-start=\"1263\" data-end=\"1334\">\ud83d\udcf8 <strong data-start=\"1266\" data-end=\"1332\">Les photos pr\u00e9sent\u00e9es sont des images r\u00e9elles des haut-parleurs que vous recevrez.<\/strong><\/p>\n<p data-start=\"1336\" data-end=\"1446\">Restaure un son clair et net sur votre Dell Latitude 5490 gr\u00e2ce \u00e0 ces haut-parleurs de rechange fiables pour ordinateur portable.<\/p>\n","protected":false},"excerpt":{"rendered":"<p>Haut-parleurs d&rsquo;occasion d&rsquo;origine pour ordinateur portable Dell Latitude E5480 E5490 5480 5491 07Y2TF, enti\u00e8rement test\u00e9s et fonctionnels. Remplacement id\u00e9al pour retrouver un son clair sur votre appareil.<\/p>\n","protected":false},"featured_media":18042,"template":"","meta":[],"product_brand":[],"product_cat":[54],"product_tag":[53],"class_list":{"0":"post-17983","1":"product","2":"type-product","3":"status-publish","4":"has-post-thumbnail","6":"product_cat-laptop-speakers","7":"product_tag-dell","9":"first","10":"instock","11":"taxable","12":"shipping-taxable","13":"purchasable","14":"product-type-simple"},"_links":{"self":[{"href":"https:\/\/boreait.com\/fr\/wp-json\/wp\/v2\/product\/17983","targetHints":{"allow":["GET"]}}],"collection":[{"href":"https:\/\/boreait.com\/fr\/wp-json\/wp\/v2\/product"}],"about":[{"href":"https:\/\/boreait.com\/fr\/wp-json\/wp\/v2\/types\/product"}],"wp:featuredmedia":[{"embeddable":true,"href":"https:\/\/boreait.com\/fr\/wp-json\/wp\/v2\/media\/18042"}],"wp:attachment":[{"href":"https:\/\/boreait.com\/fr\/wp-json\/wp\/v2\/media?parent=17983"}],"wp:term":[{"taxonomy":"product_brand","embeddable":true,"href":"https:\/\/boreait.com\/fr\/wp-json\/wp\/v2\/product_brand?post=17983"},{"taxonomy":"product_cat","embeddable":true,"href":"https:\/\/boreait.com\/fr\/wp-json\/wp\/v2\/product_cat?post=17983"},{"taxonomy":"product_tag","embeddable":true,"href":"https:\/\/boreait.com\/fr\/wp-json\/wp\/v2\/product_tag?post=17983"}],"curies":[{"name":"wp","href":"https:\/\/api.w.org\/{rel}","templated":true}]}}