{"id":17972,"date":"2025-09-16T17:18:32","date_gmt":"2025-09-16T15:18:32","guid":{"rendered":"https:\/\/boreait.com\/fr\/?post_type=product&#038;p=17972"},"modified":"2025-09-16T17:20:41","modified_gmt":"2025-09-16T15:20:41","slug":"repose-poignets-pour-ordinateur-portable-dell-latitude-7490-0ywcyh-ywcyh-pieces-de-rechange-dorigine","status":"publish","type":"product","link":"https:\/\/boreait.com\/fr\/produit\/repose-poignets-pour-ordinateur-portable-dell-latitude-7490-0ywcyh-ywcyh-pieces-de-rechange-dorigine\/","title":{"rendered":"Repose-poignets pour ordinateur portable Dell Latitude 7490 0YWCYH YWCYH | Pi\u00e8ces de rechange d&rsquo;origine"},"content":{"rendered":"<p data-start=\"516\" data-end=\"828\">Ce <strong data-start=\"521\" data-end=\"580\">repose-poignets pour ordinateur portable Dell Latitude 7490 (0YWCYH \/ YWCYH)<\/strong> est une pi\u00e8ce de rechange d&rsquo;origine, id\u00e9ale pour r\u00e9parer ou remettre \u00e0 neuf votre ordinateur portable. Avec le temps, les repose-poignets peuvent s&rsquo;user ou s&rsquo;ab\u00eemer, ce qui affecte l&rsquo;esth\u00e9tique et la facilit\u00e9 d&rsquo;utilisation de votre appareil. Ce remplacement vous permettra de retrouver un ordinateur portable comme neuf.<\/p>\n<p data-start=\"830\" data-end=\"1032\">\u2714 <strong data-start=\"832\" data-end=\"852\">Mod\u00e8le compatible<\/strong>\u00a0: Dell Latitude 7490<br data-start=\"872\" data-end=\"875\" \/>\u2714 <strong data-start=\"877\" data-end=\"893\">R\u00e9f\u00e9rences<\/strong>\u00a0: 0YWCYH, YWCYH<br data-start=\"908\" data-end=\"911\" \/>\u2714 <strong data-start=\"913\" data-end=\"926\">\u00c9tat<\/strong>\u00a0: Original, test\u00e9 et en excellent \u00e9tat de fonctionnement<br data-start=\"976\" data-end=\"979\" \/>\u2714 <strong data-start=\"981\" data-end=\"993\">Cat\u00e9gorie<\/strong>\u00a0: Pi\u00e8ces pour ordinateur portable \u2013 Repose-poignets Remplacement<\/p>\n<p data-start=\"1034\" data-end=\"1203\">Que vous r\u00e9pariez votre appareil pour un usage professionnel ou personnel, ce repose-poignets est con\u00e7u pour \u00e9galer la qualit\u00e9 et l&rsquo;ajustement du composant Dell d&rsquo;origine.<\/p>\n<p data-start=\"1205\" data-end=\"1231\">\ud83d\udca1 <strong data-start=\"1208\" data-end=\"1228\">Remarques \u00e0 l&rsquo;attention des acheteurs<\/strong>\u00a0:<\/p>\n<ul data-start=\"1232\" data-end=\"1422\">\n<li data-start=\"1232\" data-end=\"1308\">\n<p data-start=\"1234\" data-end=\"1308\">Les photos de cette annonce sont r\u00e9elles et montrent la pi\u00e8ce que vous recevrez.<\/p>\n<\/li>\n<li data-start=\"1309\" data-end=\"1422\">\n<p data-start=\"1311\" data-end=\"1422\">Les instructions d&rsquo;installation ne sont pas incluses, mais si vous avez besoin d&rsquo;aide, n&rsquo;h\u00e9sitez pas \u00e0 nous contacter pour obtenir des conseils.<\/p>\n<\/li>\n<\/ul>\n<p data-start=\"1424\" data-end=\"1566\">Redonnez vie \u00e0 votre ordinateur portable gr\u00e2ce aux <strong data-start=\"1483\" data-end=\"1499\">pi\u00e8ces d\u00e9tach\u00e9es<\/strong> fiables et de haute qualit\u00e9 de Siggmo, au service de nos clients en Europe et dans le monde entier.<\/p>\n","protected":false},"excerpt":{"rendered":"<p>Am\u00e9liorez votre Dell Latitude 7490 avec ce repose-poignets d&rsquo;origine (r\u00e9f\u00e9rence 0YWCYH \/ YWCYH). Une pi\u00e8ce de rechange de haute qualit\u00e9 con\u00e7ue pour redonner confort et durabilit\u00e9 \u00e0 votre appareil.<\/p>\n","protected":false},"featured_media":18028,"template":"","meta":[],"product_brand":[],"product_cat":[52],"product_tag":[53],"class_list":{"0":"post-17972","1":"product","2":"type-product","3":"status-publish","4":"has-post-thumbnail","6":"product_cat-laptop-housing","7":"product_tag-dell","9":"first","10":"instock","11":"taxable","12":"shipping-taxable","13":"purchasable","14":"product-type-simple"},"_links":{"self":[{"href":"https:\/\/boreait.com\/fr\/wp-json\/wp\/v2\/product\/17972","targetHints":{"allow":["GET"]}}],"collection":[{"href":"https:\/\/boreait.com\/fr\/wp-json\/wp\/v2\/product"}],"about":[{"href":"https:\/\/boreait.com\/fr\/wp-json\/wp\/v2\/types\/product"}],"wp:featuredmedia":[{"embeddable":true,"href":"https:\/\/boreait.com\/fr\/wp-json\/wp\/v2\/media\/18028"}],"wp:attachment":[{"href":"https:\/\/boreait.com\/fr\/wp-json\/wp\/v2\/media?parent=17972"}],"wp:term":[{"taxonomy":"product_brand","embeddable":true,"href":"https:\/\/boreait.com\/fr\/wp-json\/wp\/v2\/product_brand?post=17972"},{"taxonomy":"product_cat","embeddable":true,"href":"https:\/\/boreait.com\/fr\/wp-json\/wp\/v2\/product_cat?post=17972"},{"taxonomy":"product_tag","embeddable":true,"href":"https:\/\/boreait.com\/fr\/wp-json\/wp\/v2\/product_tag?post=17972"}],"curies":[{"name":"wp","href":"https:\/\/api.w.org\/{rel}","templated":true}]}}