{"id":17961,"date":"2025-09-16T17:18:07","date_gmt":"2025-09-16T15:18:07","guid":{"rendered":"https:\/\/boreait.com\/fr\/?post_type=product&#038;p=17961"},"modified":"2026-02-09T12:01:52","modified_gmt":"2026-02-09T11:01:52","slug":"module-de-memoire-ram-dsl-2-go-pc3-10600-ddr3-1333-mhz-cl9-240-broches-dimm-pour-ordinateur-de-bureau","status":"publish","type":"product","link":"https:\/\/boreait.com\/fr\/produit\/module-de-memoire-ram-dsl-2-go-pc3-10600-ddr3-1333-mhz-cl9-240-broches-dimm-pour-ordinateur-de-bureau\/","title":{"rendered":"Module de m\u00e9moire RAM DSL 2 Go PC3-10600 DDR3 1333 MHz CL9 240 broches DIMM pour ordinateur de bureau"},"content":{"rendered":"<p data-start=\"751\" data-end=\"904\">Mettez votre ordinateur \u00e0 niveau avec le <strong data-start=\"782\" data-end=\"838\">module de m\u00e9moire DSL 2 Go PC3-10600 DDR3-1333 MHz pour ordinateur de bureau<\/strong>, un choix fiable et \u00e9conomique pour des performances plus fluides.<\/p>\n<p data-start=\"906\" data-end=\"1226\">Cette RAM CL9 non ECC et sans tampon est con\u00e7ue pour offrir une vitesse stable \u00e0 <strong data-start=\"978\" data-end=\"989\">1333 MHz<\/strong> et assure un fonctionnement fiable pour les t\u00e2ches quotidiennes telles que la navigation, la bureautique et les applications l\u00e9g\u00e8res. Gr\u00e2ce \u00e0 sa conception <strong data-start=\"1106\" data-end=\"1122\">DIMM 240 broches<\/strong>, ce module est compatible avec une large gamme de cartes m\u00e8res de bureau prenant en charge la m\u00e9moire DDR3.<\/p>\n<p data-start=\"1228\" data-end=\"1247\"><strong data-start=\"1228\" data-end=\"1245\">Caract\u00e9ristiques principales\u00a0:<\/strong><\/p>\n<ul data-start=\"1248\" data-end=\"1427\">\n<li data-start=\"1248\" data-end=\"1262\">\n<p data-start=\"1250\" data-end=\"1262\">Marque\u00a0: DSL<\/p>\n<\/li>\n<li data-start=\"1263\" data-end=\"1284\">\n<p data-start=\"1265\" data-end=\"1284\">Capacit\u00e9\u00a0: <strong data-start=\"1275\" data-end=\"1282\">2 Go<\/strong><\/p>\n<\/li>\n<li data-start=\"1285\" data-end=\"1309\">\n<p data-start=\"1287\" data-end=\"1309\">Type\u00a0: <strong data-start=\"1293\" data-end=\"1307\">SDRAM DDR3<\/strong><\/p>\n<\/li>\n<li data-start=\"1310\" data-end=\"1344\">\n<p data-start=\"1312\" data-end=\"1344\">Vitesse\u00a0: <strong data-start=\"1319\" data-end=\"1342\">PC3-10600 \/ 1333 MHz<\/strong><\/p>\n<\/li>\n<li data-start=\"1345\" data-end=\"1369\">\n<p data-start=\"1347\" data-end=\"1369\">Latence CAS\u00a0: <strong data-start=\"1360\" data-end=\"1367\">CL9<\/strong><\/p>\n<\/li>\n<li data-start=\"1370\" data-end=\"1403\">\n<p data-start=\"1372\" data-end=\"1403\">Format\u00a0: <strong data-start=\"1385\" data-end=\"1401\">DIMM 240 broches<\/strong><\/p>\n<\/li>\n<li data-start=\"1404\" data-end=\"1427\">\n<p data-start=\"1406\" data-end=\"1427\">Non ECC, sans tampon<\/p>\n<\/li>\n<\/ul>\n<p data-start=\"1429\" data-end=\"1451\"><strong data-start=\"1429\" data-end=\"1449\">Pourquoi acheter chez nous\u00a0?<\/strong><\/p>\n<ul data-start=\"1452\" data-end=\"1731\">\n<li data-start=\"1452\" data-end=\"1560\">\n<p data-start=\"1454\" data-end=\"1560\">Nous sommes sp\u00e9cialis\u00e9s dans les <strong data-start=\"1471\" data-end=\"1515\">pi\u00e8ces d\u00e9tach\u00e9es pour ordinateurs portables et les mises \u00e0 niveau de m\u00e9moire pour ordinateurs de bureau<\/strong> pour nos clients en Europe et dans le monde entier.<\/p>\n<\/li>\n<li data-start=\"1561\" data-end=\"1652\">\n<p data-start=\"1563\" data-end=\"1652\">Toutes les photos sont des <strong data-start=\"1578\" data-end=\"1601\">images r\u00e9elles de produits<\/strong>\u00a0: ce que vous voyez est exactement ce que vous verrez. Recevez.<\/p>\n<\/li>\n<li data-start=\"1653\" data-end=\"1731\">\n<p data-start=\"1655\" data-end=\"1731\">Si vous avez besoin d&rsquo;aide pour choisir la pi\u00e8ce adapt\u00e9e, n&rsquo;h\u00e9sitez pas \u00e0 nous contacter.<\/p>\n<\/li>\n<\/ul>\n<p data-start=\"1733\" data-end=\"1832\">Cette RAM DSL DDR3 de 2 Go est un excellent moyen de prolonger la dur\u00e9e de vie de votre syst\u00e8me sans vous ruiner.<\/p>\n","protected":false},"excerpt":{"rendered":"<p>Optimisez les performances de votre syst\u00e8me avec la RAM DSL DDR3 PC3-10600 2 Go. Ce module DIMM 1333 MHz, CL9, 240 broches est con\u00e7u pour un multit\u00e2che fluide et une vitesse fiable sur les ordinateurs de bureau compatibles. Toutes les photos pr\u00e9sent\u00e9es sont r\u00e9elles\u00a0; vous recevrez la pi\u00e8ce exacte illustr\u00e9e.<\/p>\n","protected":false},"featured_media":18023,"template":"","meta":[],"product_brand":[],"product_cat":[73,72],"product_tag":[],"class_list":{"0":"post-17961","1":"product","2":"type-product","3":"status-publish","4":"has-post-thumbnail","6":"product_cat-ddr3-ddr3l","7":"product_cat-ram-memory","9":"first","10":"instock","11":"taxable","12":"shipping-taxable","13":"purchasable","14":"product-type-simple"},"_links":{"self":[{"href":"https:\/\/boreait.com\/fr\/wp-json\/wp\/v2\/product\/17961","targetHints":{"allow":["GET"]}}],"collection":[{"href":"https:\/\/boreait.com\/fr\/wp-json\/wp\/v2\/product"}],"about":[{"href":"https:\/\/boreait.com\/fr\/wp-json\/wp\/v2\/types\/product"}],"wp:featuredmedia":[{"embeddable":true,"href":"https:\/\/boreait.com\/fr\/wp-json\/wp\/v2\/media\/18023"}],"wp:attachment":[{"href":"https:\/\/boreait.com\/fr\/wp-json\/wp\/v2\/media?parent=17961"}],"wp:term":[{"taxonomy":"product_brand","embeddable":true,"href":"https:\/\/boreait.com\/fr\/wp-json\/wp\/v2\/product_brand?post=17961"},{"taxonomy":"product_cat","embeddable":true,"href":"https:\/\/boreait.com\/fr\/wp-json\/wp\/v2\/product_cat?post=17961"},{"taxonomy":"product_tag","embeddable":true,"href":"https:\/\/boreait.com\/fr\/wp-json\/wp\/v2\/product_tag?post=17961"}],"curies":[{"name":"wp","href":"https:\/\/api.w.org\/{rel}","templated":true}]}}