{"id":17952,"date":"2025-09-16T17:17:41","date_gmt":"2025-09-16T15:17:41","guid":{"rendered":"https:\/\/boreait.com\/fr\/?post_type=product&#038;p=17952"},"modified":"2025-09-16T17:20:05","modified_gmt":"2025-09-16T15:20:05","slug":"carte-de-s-usb-rj45-ethernet-lan-pour-ordinateur-portable-lenovo-thinkpad-t510-t510i-w510-63y2125","status":"publish","type":"product","link":"https:\/\/boreait.com\/fr\/produit\/carte-de-s-usb-rj45-ethernet-lan-pour-ordinateur-portable-lenovo-thinkpad-t510-t510i-w510-63y2125\/","title":{"rendered":"Carte d&rsquo;E\/S USB RJ45 Ethernet LAN pour ordinateur portable Lenovo ThinkPad T510 T510i W510 63Y2125"},"content":{"rendered":"<p data-start=\"594\" data-end=\"954\">Mettez \u00e0 niveau ou remplacez les composants d\u00e9fectueux de votre Lenovo ThinkPad avec cette <strong data-start=\"673\" data-end=\"748\">carte contr\u00f4leur USB + RJ45 Ethernet LAN E\/S (r\u00e9f\u00e9rence 63Y2125)<\/strong> d&rsquo;origine.<br data-start=\"749\" data-end=\"752\" \/>Con\u00e7ue pour \u00eatre compatible avec les <strong data-start=\"784\" data-end=\"826\">ordinateurs portables ThinkPad T510, T510i et W510<\/strong>, cette carte restaure les fonctions de connectivit\u00e9 essentielles, vous donnant acc\u00e8s aux ports USB et \u00e0 une connexion Internet filaire stable.<\/p>\n<p data-start=\"956\" data-end=\"981\">\ud83d\udd39 <strong data-start=\"959\" data-end=\"979\">D\u00e9tails du produit\u00a0:<\/strong><\/p>\n<ul data-start=\"982\" data-end=\"1254\">\n<li data-start=\"982\" data-end=\"1028\">\n<p data-start=\"984\" data-end=\"1028\">Mod\u00e8le\u00a0: Lenovo ThinkPad T510 \/ T510i \/ W510<\/p>\n<\/li>\n<li data-start=\"1029\" data-end=\"1057\">\n<p data-start=\"1031\" data-end=\"1057\">R\u00e9f\u00e9rence\u00a0: <strong data-start=\"1044\" data-end=\"1055\">63Y2125<\/strong><\/p>\n<\/li>\n<li data-start=\"1058\" data-end=\"1130\">\n<p data-start=\"1060\" data-end=\"1130\">Fonction\u00a0: Carte r\u00e9seau USB + RJ45, carte contr\u00f4leur E\/S Ethernet LAN<\/p>\n<\/li>\n<li data-start=\"1131\" data-end=\"1173\">\n<p data-start=\"1133\" data-end=\"1173\">\u00c9tat\u00a0: Test\u00e9 et enti\u00e8rement fonctionnel<\/p>\n<\/li>\n<li data-start=\"1174\" data-end=\"1254\">\n<p data-start=\"1176\" data-end=\"1254\">Pi\u00e8ce d&rsquo;origine pour ordinateur portable\u00a0\u2013 remplacement fiable pour les cartes m\u00e8res endommag\u00e9es ou non fonctionnelles<\/p>\n<\/li>\n<\/ul>\n<p data-start=\"1256\" data-end=\"1370\">\ud83d\udcf8 <strong data-start=\"1259\" data-end=\"1309\">Les photos repr\u00e9sentent la pi\u00e8ce que vous recevrez<\/strong>\u00a0\u2013 aucune image d&rsquo;archive, vous savez donc exactement ce que vous achetez.<\/p>\n<p data-start=\"1372\" data-end=\"1387\">\ud83d\udca1 <strong data-start=\"1375\" data-end=\"1385\">Remarques\u00a0:<\/strong><\/p>\n<ul data-start=\"1388\" data-end=\"1613\">\n<li data-start=\"1388\" data-end=\"1546\">\n<p data-start=\"1390\" data-end=\"1546\">Cette liste concerne uniquement le mat\u00e9riel. Les instructions d&rsquo;installation ne sont pas incluses. Si vous avez besoin d&rsquo;aide ou si vous avez des questions, n&rsquo;h\u00e9sitez pas \u00e0 nous contacter.<\/p>\n<\/li>\n<li data-start=\"1547\" data-end=\"1613\">\n<p data-start=\"1549\" data-end=\"1613\">Id\u00e9al pour les r\u00e9parations, les mises \u00e0 niveau ou l&rsquo;entretien professionnel de votre ordinateur portable.<\/p>\n<\/li>\n<\/ul>\n<p data-start=\"1615\" data-end=\"1746\">Ce remplacement de haute qualit\u00e9 garantit que votre ThinkPad continue de fournir les performances fiables qui font la r\u00e9putation des ordinateurs portables Lenovo.<\/p>\n","protected":false},"excerpt":{"rendered":"<p>Pi\u00e8ces d\u00e9tach\u00e9es fiables pour votre ordinateur portable Lenovo ThinkPad\u00a0! Cette carte contr\u00f4leur USB + RJ45 LAN E\/S d&rsquo;origine (63Y2125) est compatible avec les mod\u00e8les T510, T510i et W510, garantissant une connectivit\u00e9 fluide et des performances stables.<\/p>\n","protected":false},"featured_media":18016,"template":"","meta":[],"product_brand":[],"product_cat":[63],"product_tag":[62],"class_list":{"0":"post-17952","1":"product","2":"type-product","3":"status-publish","4":"has-post-thumbnail","6":"product_cat-motherboards-board-parts","7":"product_tag-lenovo","9":"first","10":"instock","11":"taxable","12":"shipping-taxable","13":"purchasable","14":"product-type-simple"},"_links":{"self":[{"href":"https:\/\/boreait.com\/fr\/wp-json\/wp\/v2\/product\/17952","targetHints":{"allow":["GET"]}}],"collection":[{"href":"https:\/\/boreait.com\/fr\/wp-json\/wp\/v2\/product"}],"about":[{"href":"https:\/\/boreait.com\/fr\/wp-json\/wp\/v2\/types\/product"}],"wp:featuredmedia":[{"embeddable":true,"href":"https:\/\/boreait.com\/fr\/wp-json\/wp\/v2\/media\/18016"}],"wp:attachment":[{"href":"https:\/\/boreait.com\/fr\/wp-json\/wp\/v2\/media?parent=17952"}],"wp:term":[{"taxonomy":"product_brand","embeddable":true,"href":"https:\/\/boreait.com\/fr\/wp-json\/wp\/v2\/product_brand?post=17952"},{"taxonomy":"product_cat","embeddable":true,"href":"https:\/\/boreait.com\/fr\/wp-json\/wp\/v2\/product_cat?post=17952"},{"taxonomy":"product_tag","embeddable":true,"href":"https:\/\/boreait.com\/fr\/wp-json\/wp\/v2\/product_tag?post=17952"}],"curies":[{"name":"wp","href":"https:\/\/api.w.org\/{rel}","templated":true}]}}