{"id":17949,"date":"2025-09-16T17:17:41","date_gmt":"2025-09-16T15:17:41","guid":{"rendered":"https:\/\/boreait.com\/fr\/?post_type=product&#038;p=17949"},"modified":"2025-09-16T17:19:45","modified_gmt":"2025-09-16T15:19:45","slug":"carte-led-pour-lenovo-thinkpad-w510-t510-48-4cu10-021-75y4022-63y2123","status":"publish","type":"product","link":"https:\/\/boreait.com\/fr\/produit\/carte-led-pour-lenovo-thinkpad-w510-t510-48-4cu10-021-75y4022-63y2123\/","title":{"rendered":"Carte LED pour Lenovo ThinkPad W510 T510 48.4CU10.021 75Y4022 63Y2123"},"content":{"rendered":"<p data-start=\"598\" data-end=\"941\">Cette <strong data-start=\"627\" data-end=\"668\">carte LED Lenovo ThinkPad W510 \/ T510<\/strong> (num\u00e9ros de pi\u00e8ce <strong data-start=\"683\" data-end=\"717\">48.4CU10.021, 75Y4022, 63Y2123<\/strong>) est une pi\u00e8ce de rechange d&rsquo;origine con\u00e7ue pour restaurer toutes les fonctionnalit\u00e9s du syst\u00e8me LED de votre ordinateur portable. Que votre carte m\u00e8re actuelle soit d\u00e9fectueuse, endommag\u00e9e ou manquante, cette carte de remplacement garantit des performances stables et une fiabilit\u00e9 optimale.<\/p>\n<p data-start=\"943\" data-end=\"963\"><strong data-start=\"943\" data-end=\"961\">Compatibilit\u00e9\u00a0:<\/strong><\/p>\n<ul data-start=\"964\" data-end=\"1106\">\n<li data-start=\"964\" data-end=\"1008\">\n<p data-start=\"966\" data-end=\"1008\">Compatible avec <strong data-start=\"982\" data-end=\"1006\">Lenovo ThinkPad W510<\/strong><\/p>\n<\/li>\n<li data-start=\"1009\" data-end=\"1053\">\n<p data-start=\"1011\" data-end=\"1053\">Compatible avec <strong data-start=\"1027\" data-end=\"1051\">Lenovo ThinkPad T510<\/strong><\/p>\n<\/li>\n<li data-start=\"1054\" data-end=\"1106\">\n<p data-start=\"1056\" data-end=\"1106\">R\u00e9f\u00e9rences\u00a0: <strong data-start=\"1070\" data-end=\"1104\">48.4CU10.021, 75Y4022, 63Y2123<\/strong><\/p>\n<\/li>\n<\/ul>\n<p data-start=\"1108\" data-end=\"1130\"><strong data-start=\"1108\" data-end=\"1128\">Pourquoi acheter chez nous\u00a0?<\/strong><\/p>\n<ul data-start=\"1131\" data-end=\"1375\">\n<li data-start=\"1131\" data-end=\"1185\">\n<p data-start=\"1133\" data-end=\"1185\">Pi\u00e8ces d&rsquo;ordinateur portable 100 % authentiques, test\u00e9es et v\u00e9rifi\u00e9es.<\/p>\n<\/li>\n<li data-start=\"1186\" data-end=\"1241\">\n<p data-start=\"1188\" data-end=\"1241\">Photos r\u00e9elles du produit\u00a0\u2013 aucune image d&rsquo;archive.<\/p>\n<\/li>\n<li data-start=\"1242\" data-end=\"1284\">\n<p data-start=\"1244\" data-end=\"1284\">Emball\u00e9 avec soin et exp\u00e9di\u00e9 dans le monde entier.<\/p>\n<\/li>\n<li data-start=\"1285\" data-end=\"1375\">\n<p data-start=\"1287\" data-end=\"1375\">Assistance d\u00e9di\u00e9e\u00a0: si vous avez besoin d&rsquo;aide pour l&rsquo;identification ou l&rsquo;installation, contactez-nous simplement.<\/p>\n<\/li>\n<\/ul>\n<p data-start=\"1377\" data-end=\"1393\"><strong data-start=\"1377\" data-end=\"1391\">\u00c9tat\u00a0:<\/strong><\/p>\n<ul data-start=\"1394\" data-end=\"1466\">\n<li data-start=\"1394\" data-end=\"1426\">\n<p data-start=\"1396\" data-end=\"1426\">Extrait d&rsquo;un ordinateur portable en \u00e9tat de marche.<\/p>\n<\/li>\n<li data-start=\"1427\" data-end=\"1466\">\n<p data-start=\"1429\" data-end=\"1466\">Enti\u00e8rement test\u00e9 et garanti travail<\/p>\n<\/li>\n<\/ul>\n<p data-start=\"1468\" data-end=\"1588\"><strong data-start=\"1468\" data-end=\"1477\">Remarque\u00a0:<\/strong> Les instructions d&rsquo;installation ne sont pas incluses. Si vous avez besoin d&rsquo;aide, n&rsquo;h\u00e9sitez pas \u00e0 nous contacter.<\/p>\n","protected":false},"excerpt":{"rendered":"<p>Carte LED de remplacement pour Lenovo ThinkPad W510 et T510. Pi\u00e8ce d&rsquo;origine (codes 48.4CU10.021, 75Y4022 et 63Y2123). Id\u00e9ale pour r\u00e9parer ou mettre \u00e0 niveau votre ordinateur portable.<\/p>\n","protected":false},"featured_media":18006,"template":"","meta":[],"product_brand":[],"product_cat":[63],"product_tag":[62],"class_list":{"0":"post-17949","1":"product","2":"type-product","3":"status-publish","4":"has-post-thumbnail","6":"product_cat-motherboards-board-parts","7":"product_tag-lenovo","9":"first","10":"instock","11":"taxable","12":"shipping-taxable","13":"purchasable","14":"product-type-simple"},"_links":{"self":[{"href":"https:\/\/boreait.com\/fr\/wp-json\/wp\/v2\/product\/17949","targetHints":{"allow":["GET"]}}],"collection":[{"href":"https:\/\/boreait.com\/fr\/wp-json\/wp\/v2\/product"}],"about":[{"href":"https:\/\/boreait.com\/fr\/wp-json\/wp\/v2\/types\/product"}],"wp:featuredmedia":[{"embeddable":true,"href":"https:\/\/boreait.com\/fr\/wp-json\/wp\/v2\/media\/18006"}],"wp:attachment":[{"href":"https:\/\/boreait.com\/fr\/wp-json\/wp\/v2\/media?parent=17949"}],"wp:term":[{"taxonomy":"product_brand","embeddable":true,"href":"https:\/\/boreait.com\/fr\/wp-json\/wp\/v2\/product_brand?post=17949"},{"taxonomy":"product_cat","embeddable":true,"href":"https:\/\/boreait.com\/fr\/wp-json\/wp\/v2\/product_cat?post=17949"},{"taxonomy":"product_tag","embeddable":true,"href":"https:\/\/boreait.com\/fr\/wp-json\/wp\/v2\/product_tag?post=17949"}],"curies":[{"name":"wp","href":"https:\/\/api.w.org\/{rel}","templated":true}]}}