{"id":17948,"date":"2025-09-16T17:17:40","date_gmt":"2025-09-16T15:17:40","guid":{"rendered":"https:\/\/boreait.com\/fr\/?post_type=product&#038;p=17948"},"modified":"2025-09-16T17:19:42","modified_gmt":"2025-09-16T15:19:42","slug":"charnieres-gauche-et-droite-pour-ordinateur-portable-lenovo-thinkpad-t510-w510-pieces-de-rechange","status":"publish","type":"product","link":"https:\/\/boreait.com\/fr\/produit\/charnieres-gauche-et-droite-pour-ordinateur-portable-lenovo-thinkpad-t510-w510-pieces-de-rechange\/","title":{"rendered":"Charni\u00e8res gauche et droite pour ordinateur portable Lenovo ThinkPad T510 W510 \u2013 Pi\u00e8ces de rechange"},"content":{"rendered":"<p data-start=\"579\" data-end=\"835\">Am\u00e9liorez ou r\u00e9parez votre Lenovo ThinkPad avec cet <strong data-start=\"628\" data-end=\"652\">ensemble de charni\u00e8res pour ordinateur portable<\/strong>, enti\u00e8rement compatible avec les <strong data-start=\"676\" data-end=\"707\">mod\u00e8les Lenovo T510 et W510<\/strong>. Ces charni\u00e8res sont con\u00e7ues pour une ouverture et une fermeture fluides de l&rsquo;\u00e9cran de votre ordinateur portable, garantissant ainsi stabilit\u00e9 et durabilit\u00e9.<\/p>\n<p data-start=\"837\" data-end=\"860\"><strong data-start=\"837\" data-end=\"858\">Caract\u00e9ristiques du produit\u00a0:<\/strong><\/p>\n<ul data-start=\"861\" data-end=\"1116\">\n<li data-start=\"861\" data-end=\"911\">\n<p data-start=\"863\" data-end=\"911\">Mod\u00e8les compatibles\u00a0: Lenovo ThinkPad T510 \/ W510<\/p>\n<\/li>\n<li data-start=\"912\" data-end=\"954\">\n<p data-start=\"914\" data-end=\"954\">Inclus\u00a0: Charni\u00e8res gauche et droite (paire)<\/p>\n<\/li>\n<li data-start=\"955\" data-end=\"1006\">\n<p data-start=\"957\" data-end=\"1006\">Conception de haute qualit\u00e9 pour une durabilit\u00e9 et une stabilit\u00e9 optimales<\/p>\n<\/li>\n<li data-start=\"1007\" data-end=\"1075\">\n<p data-start=\"1009\" data-end=\"1075\">Pi\u00e8ces d&rsquo;ordinateur portable id\u00e9ales pour remplacer les charni\u00e8res us\u00e9es, cass\u00e9es ou desserr\u00e9es<\/p>\n<\/li>\n<li data-start=\"1076\" data-end=\"1116\">\n<p data-start=\"1078\" data-end=\"1116\">Installation facile\u00a0: aucune modification requise<\/p>\n<\/li>\n<\/ul>\n<p data-start=\"1118\" data-end=\"1409\"><strong data-start=\"1118\" data-end=\"1146\">Pourquoi choisir ce produit\u00a0?<\/strong><br data-start=\"1146\" data-end=\"1149\" \/>Si le couvercle de votre ordinateur portable est l\u00e2che, rigide ou ne tient pas en place, remplacer les charni\u00e8res est la solution la plus efficace. Ces <strong data-start=\"1270\" data-end=\"1286\">pi\u00e8ces d\u00e9tach\u00e9es pour ordinateur portable<\/strong> sont test\u00e9es et s\u00e9lectionn\u00e9es avec soin pour garantir leur fiabilit\u00e9. Les photos de cette annonce repr\u00e9sentent les articles que vous recevrez.<\/p>\n<p data-start=\"1411\" data-end=\"1520\">\ud83d\udca1 <em data-start=\"1414\" data-end=\"1428\">Remarque\u00a0:<\/em> Les instructions d&rsquo;installation ne sont pas incluses. Si vous avez besoin d&rsquo;aide, n&rsquo;h\u00e9sitez pas \u00e0 nous contacter \u00e0 tout moment.<\/p>\n","protected":false},"excerpt":{"rendered":"<p>Charni\u00e8res gauche et droite d&rsquo;origine pour ordinateur portable Lenovo ThinkPad T510\/W510. Pi\u00e8ce de rechange durable pour une ouverture et une fermeture fluides de l&rsquo;\u00e9cran.<\/p>\n","protected":false},"featured_media":18005,"template":"","meta":[],"product_brand":[],"product_cat":[55],"product_tag":[62],"class_list":{"0":"post-17948","1":"product","2":"type-product","3":"status-publish","4":"has-post-thumbnail","6":"product_cat-screen-hinge","7":"product_tag-lenovo","9":"first","10":"instock","11":"taxable","12":"shipping-taxable","13":"purchasable","14":"product-type-simple"},"_links":{"self":[{"href":"https:\/\/boreait.com\/fr\/wp-json\/wp\/v2\/product\/17948","targetHints":{"allow":["GET"]}}],"collection":[{"href":"https:\/\/boreait.com\/fr\/wp-json\/wp\/v2\/product"}],"about":[{"href":"https:\/\/boreait.com\/fr\/wp-json\/wp\/v2\/types\/product"}],"wp:featuredmedia":[{"embeddable":true,"href":"https:\/\/boreait.com\/fr\/wp-json\/wp\/v2\/media\/18005"}],"wp:attachment":[{"href":"https:\/\/boreait.com\/fr\/wp-json\/wp\/v2\/media?parent=17948"}],"wp:term":[{"taxonomy":"product_brand","embeddable":true,"href":"https:\/\/boreait.com\/fr\/wp-json\/wp\/v2\/product_brand?post=17948"},{"taxonomy":"product_cat","embeddable":true,"href":"https:\/\/boreait.com\/fr\/wp-json\/wp\/v2\/product_cat?post=17948"},{"taxonomy":"product_tag","embeddable":true,"href":"https:\/\/boreait.com\/fr\/wp-json\/wp\/v2\/product_tag?post=17948"}],"curies":[{"name":"wp","href":"https:\/\/api.w.org\/{rel}","templated":true}]}}