{"id":17947,"date":"2025-09-16T17:17:40","date_gmt":"2025-09-16T15:17:40","guid":{"rendered":"https:\/\/boreait.com\/fr\/?post_type=product&#038;p=17947"},"modified":"2026-02-01T12:25:59","modified_gmt":"2026-02-01T11:25:59","slug":"repose-poignets-et-pave-tactile-avec-empreinte-digitale-pour-ordinateur-portable-lenovo-t510-w510-60-4cu13-001","status":"publish","type":"product","link":"https:\/\/boreait.com\/fr\/produit\/repose-poignets-et-pave-tactile-avec-empreinte-digitale-pour-ordinateur-portable-lenovo-t510-w510-60-4cu13-001\/","title":{"rendered":"Repose-poignets Lenovo T510 \/ W510 avec pav\u00e9 tactile, SANS lecteur d\u2019empreintes \u2013 60.4CU13.001"},"content":{"rendered":"<p data-start=\"130\" data-end=\"495\">Am\u00e9liorez ou remplacez une pi\u00e8ce de votre ordinateur portable Lenovo avec cet ensemble repose-poignets Lenovo T510\/W510 d\u2019origine, dot\u00e9 d\u2019un pav\u00e9 tactile int\u00e9gr\u00e9. Cette pi\u00e8ce est identifi\u00e9e par le num\u00e9ro FRU \/ r\u00e9f\u00e9rence <strong data-start=\"350\" data-end=\"366\">60.4CU13.001<\/strong> et est con\u00e7ue pour un ajustement parfait ainsi qu\u2019une compatibilit\u00e9 totale avec les s\u00e9ries <strong data-start=\"458\" data-end=\"482\">Lenovo ThinkPad T510<\/strong> et <strong data-start=\"486\" data-end=\"494\">W510<\/strong>.<\/p>\n<p data-start=\"497\" data-end=\"704\">\u2714 <strong data-start=\"499\" data-end=\"511\">Inclus :<\/strong> ch\u00e2ssis du repose-poignets, pav\u00e9 tactile int\u00e9gr\u00e9<br data-start=\"560\" data-end=\"563\" \/>\u2714 <strong data-start=\"565\" data-end=\"575\">\u00c9tat :<\/strong> test\u00e9 et en parfait \u00e9tat de fonctionnement<br data-start=\"618\" data-end=\"621\" \/>\u2714 <strong data-start=\"623\" data-end=\"642\">Compatibilit\u00e9 :<\/strong> Lenovo ThinkPad T510, W510<br data-start=\"669\" data-end=\"672\" \/>\u2714 <strong data-start=\"674\" data-end=\"689\">R\u00e9f\u00e9rence :<\/strong> 60.4CU13.001<\/p>\n<p data-start=\"706\" data-end=\"1026\">Il s\u2019agit d\u2019une <strong data-start=\"722\" data-end=\"762\">pi\u00e8ce de rechange Lenovo authentique<\/strong>, id\u00e9ale pour restaurer l\u2019ergonomie et l\u2019utilisation de votre ordinateur portable tout en le maintenant en excellent \u00e9tat. Que vous r\u00e9pariez un pav\u00e9 tactile d\u00e9fectueux ou remplaciez un repose-poignets us\u00e9, cette pi\u00e8ce garantit des performances durables et fiables.<\/p>\n<p data-start=\"1028\" data-end=\"1048\"><strong data-start=\"1028\" data-end=\"1048\">Veuillez noter :<\/strong><\/p>\n<p data-start=\"1050\" data-end=\"1170\">Cette annonce concerne <strong data-start=\"1073\" data-end=\"1114\">uniquement l\u2019ensemble repose-poignets<\/strong> ; les instructions d\u2019installation ne sont pas fournies.<\/p>\n<p data-start=\"1172\" data-end=\"1281\">Si vous avez besoin d\u2019aide ou de conseils pour le remplacement, n\u2019h\u00e9sitez pas \u00e0 nous contacter \u00e0 tout moment.<\/p>\n<p data-start=\"1283\" data-end=\"1366\">Toutes les photos sont <strong data-start=\"1306\" data-end=\"1347\">des images r\u00e9elles de la pi\u00e8ce exacte<\/strong> que vous recevrez.<\/p>\n<p data-start=\"1368\" data-end=\"1631\" data-is-last-node=\"\" data-is-only-node=\"\">Redonnez vie \u00e0 votre ordinateur portable Lenovo avec cette pi\u00e8ce de remplacement de haute qualit\u00e9 !<\/p>\n","protected":false},"excerpt":{"rendered":"<p>Repose-poignets Lenovo T510\/W510 d\u2019origine avec pav\u00e9 tactile. R\u00e9f. : 60.4CU13.001. Test\u00e9, fiable et pr\u00eat \u00e0 \u00eatre install\u00e9. Photos r\u00e9elles du produit incluses.<\/p>\n","protected":false},"featured_media":18003,"template":"","meta":[],"product_brand":[],"product_cat":[52],"product_tag":[62],"class_list":{"0":"post-17947","1":"product","2":"type-product","3":"status-publish","4":"has-post-thumbnail","6":"product_cat-laptop-housing","7":"product_tag-lenovo","9":"first","10":"instock","11":"taxable","12":"shipping-taxable","13":"purchasable","14":"product-type-simple"},"_links":{"self":[{"href":"https:\/\/boreait.com\/fr\/wp-json\/wp\/v2\/product\/17947","targetHints":{"allow":["GET"]}}],"collection":[{"href":"https:\/\/boreait.com\/fr\/wp-json\/wp\/v2\/product"}],"about":[{"href":"https:\/\/boreait.com\/fr\/wp-json\/wp\/v2\/types\/product"}],"wp:featuredmedia":[{"embeddable":true,"href":"https:\/\/boreait.com\/fr\/wp-json\/wp\/v2\/media\/18003"}],"wp:attachment":[{"href":"https:\/\/boreait.com\/fr\/wp-json\/wp\/v2\/media?parent=17947"}],"wp:term":[{"taxonomy":"product_brand","embeddable":true,"href":"https:\/\/boreait.com\/fr\/wp-json\/wp\/v2\/product_brand?post=17947"},{"taxonomy":"product_cat","embeddable":true,"href":"https:\/\/boreait.com\/fr\/wp-json\/wp\/v2\/product_cat?post=17947"},{"taxonomy":"product_tag","embeddable":true,"href":"https:\/\/boreait.com\/fr\/wp-json\/wp\/v2\/product_tag?post=17947"}],"curies":[{"name":"wp","href":"https:\/\/api.w.org\/{rel}","templated":true}]}}