{"id":17946,"date":"2025-09-16T17:17:40","date_gmt":"2025-09-16T15:17:40","guid":{"rendered":"https:\/\/boreait.com\/fr\/?post_type=product&#038;p=17946"},"modified":"2025-09-16T17:19:35","modified_gmt":"2025-09-16T15:19:35","slug":"boitier-inferieur-60-4cu10-003-pour-ordinateur-portable-lenovo-thinkpad-t510-pieces-dorigine","status":"publish","type":"product","link":"https:\/\/boreait.com\/fr\/produit\/boitier-inferieur-60-4cu10-003-pour-ordinateur-portable-lenovo-thinkpad-t510-pieces-dorigine\/","title":{"rendered":"Bo\u00eetier inf\u00e9rieur 60.4CU10.003 pour ordinateur portable Lenovo ThinkPad T510, pi\u00e8ces d&rsquo;origine"},"content":{"rendered":"<p data-start=\"561\" data-end=\"861\">Il s&rsquo;agit d&rsquo;un <strong data-start=\"571\" data-end=\"648\">bo\u00eetier inf\u00e9rieur d&rsquo;origine pour Lenovo ThinkPad T510 (num\u00e9ro de pi\u00e8ce 60.4CU10.003)<\/strong>, un remplacement d&rsquo;origine con\u00e7u pour restaurer la structure et la protection de votre ordinateur portable. Si votre coque actuelle est fissur\u00e9e, us\u00e9e ou endommag\u00e9e, ce bo\u00eetier inf\u00e9rieur de remplacement offre un ajustement fiable et pr\u00e9cis.<\/p>\n<p data-start=\"863\" data-end=\"1039\">Fait partie de notre collection de <strong data-start=\"878\" data-end=\"894\">pi\u00e8ces d\u00e9tach\u00e9es pour ordinateurs portables<\/strong>, ce socle inf\u00e9rieur est sp\u00e9cialement con\u00e7u pour la <strong data-start=\"952\" data-end=\"983\">s\u00e9rie Lenovo ThinkPad T510<\/strong>, garantissant ainsi compatibilit\u00e9 et performances durables.<\/p>\n<p data-start=\"1041\" data-end=\"1060\"><strong data-start=\"1041\" data-end=\"1058\">Principales caract\u00e9ristiques\u00a0:<\/strong><\/p>\n<ul data-start=\"1061\" data-end=\"1300\">\n<li data-start=\"1061\" data-end=\"1103\">\n<p data-start=\"1063\" data-end=\"1103\">Mod\u00e8le compatible\u00a0: Lenovo ThinkPad T510<\/p>\n<\/li>\n<li data-start=\"1104\" data-end=\"1133\">\n<p data-start=\"1106\" data-end=\"1133\">R\u00e9f\u00e9rence\u00a0: 60.4CU10.003<\/p>\n<\/li>\n<li data-start=\"1134\" data-end=\"1180\">\n<p data-start=\"1136\" data-end=\"1180\">Qualit\u00e9 OEM authentique \u2013 durable et fiable<\/p>\n<\/li>\n<li data-start=\"1181\" data-end=\"1245\">\n<p data-start=\"1183\" data-end=\"1245\">Pi\u00e8ce de rechange id\u00e9ale si la base de votre ordinateur portable est cass\u00e9e ou endommag\u00e9e<\/p>\n<\/li>\n<li data-start=\"1246\" data-end=\"1300\">\n<p data-start=\"1248\" data-end=\"1300\">Offre une protection renforc\u00e9e aux composants internes.<\/p>\n<\/li>\n<\/ul>\n<p data-start=\"1302\" data-end=\"1320\"><strong data-start=\"1302\" data-end=\"1318\">Remarque\u00a0:<\/strong><\/p>\n<ul data-start=\"1321\" data-end=\"1593\">\n<li data-start=\"1321\" data-end=\"1427\">\n<p data-start=\"1323\" data-end=\"1427\">Cette offre concerne uniquement le <strong data-start=\"1347\" data-end=\"1373\">bo\u00eetier inf\u00e9rieur en minuscules<\/strong>\u00a0; aucune pi\u00e8ce ni instruction suppl\u00e9mentaire n&rsquo;est incluse.<\/p>\n<\/li>\n<li data-start=\"1428\" data-end=\"1506\">\n<p data-start=\"1430\" data-end=\"1506\">Si vous avez besoin d&rsquo;aide pour d\u00e9terminer la compatibilit\u00e9, n&rsquo;h\u00e9sitez pas \u00e0 nous contacter.<\/p>\n<\/li>\n<li data-start=\"1507\" data-end=\"1593\">\n<p data-start=\"1509\" data-end=\"1593\">Les photos de cette annonce sont des <strong data-start=\"1540\" data-end=\"1555\">images r\u00e9elles<\/strong> de la pi\u00e8ce que vous recevrez.<\/p>\n<\/li>\n<\/ul>\n<p data-start=\"1595\" data-end=\"1741\">Ce bo\u00eetier inf\u00e9rieur pour Lenovo ThinkPad T510 est un excellent choix si vous souhaitez prolonger la dur\u00e9e de vie de votre appareil avec des <strong data-start=\"1712\" data-end=\"1738\">pi\u00e8ces d&rsquo;ordinateur portable authentiques<\/strong>.<\/p>\n","protected":false},"excerpt":{"rendered":"<p>Bo\u00eetier inf\u00e9rieur d&rsquo;origine pour Lenovo ThinkPad T510 (r\u00e9f\u00e9rence 60.4CU10.003). Pi\u00e8ce de rechange d&rsquo;origine pour ordinateur portable, con\u00e7ue pour une durabilit\u00e9 et un ajustement parfait.<\/p>\n","protected":false},"featured_media":18001,"template":"","meta":[],"product_brand":[],"product_cat":[52],"product_tag":[62],"class_list":{"0":"post-17946","1":"product","2":"type-product","3":"status-publish","4":"has-post-thumbnail","6":"product_cat-laptop-housing","7":"product_tag-lenovo","9":"first","10":"instock","11":"taxable","12":"shipping-taxable","13":"purchasable","14":"product-type-simple"},"_links":{"self":[{"href":"https:\/\/boreait.com\/fr\/wp-json\/wp\/v2\/product\/17946","targetHints":{"allow":["GET"]}}],"collection":[{"href":"https:\/\/boreait.com\/fr\/wp-json\/wp\/v2\/product"}],"about":[{"href":"https:\/\/boreait.com\/fr\/wp-json\/wp\/v2\/types\/product"}],"wp:featuredmedia":[{"embeddable":true,"href":"https:\/\/boreait.com\/fr\/wp-json\/wp\/v2\/media\/18001"}],"wp:attachment":[{"href":"https:\/\/boreait.com\/fr\/wp-json\/wp\/v2\/media?parent=17946"}],"wp:term":[{"taxonomy":"product_brand","embeddable":true,"href":"https:\/\/boreait.com\/fr\/wp-json\/wp\/v2\/product_brand?post=17946"},{"taxonomy":"product_cat","embeddable":true,"href":"https:\/\/boreait.com\/fr\/wp-json\/wp\/v2\/product_cat?post=17946"},{"taxonomy":"product_tag","embeddable":true,"href":"https:\/\/boreait.com\/fr\/wp-json\/wp\/v2\/product_tag?post=17946"}],"curies":[{"name":"wp","href":"https:\/\/api.w.org\/{rel}","templated":true}]}}