{"id":17942,"date":"2025-09-16T17:17:39","date_gmt":"2025-09-16T15:17:39","guid":{"rendered":"https:\/\/boreait.com\/fr\/?post_type=product&#038;p=17942"},"modified":"2025-09-16T17:19:16","modified_gmt":"2025-09-16T15:19:16","slug":"rails-de-protection-pour-disque-dur-ibm-lenovo-t510-t510i-t520-t520i-60y5500-pieces-detachees-doccasion","status":"publish","type":"product","link":"https:\/\/boreait.com\/fr\/produit\/rails-de-protection-pour-disque-dur-ibm-lenovo-t510-t510i-t520-t520i-60y5500-pieces-detachees-doccasion\/","title":{"rendered":"Rails de protection pour disque dur IBM Lenovo T510, T510i, T520, T520i 60Y5500 \u2013 Pi\u00e8ces d\u00e9tach\u00e9es d&rsquo;occasion"},"content":{"rendered":"<p data-start=\"613\" data-end=\"798\">Cette liste concerne un <strong data-start=\"636\" data-end=\"686\">couvercle de disque dur HDD d&rsquo;origine avec rails<\/strong> con\u00e7u pour les mod\u00e8les IBM Lenovo ThinkPad <strong data-start=\"727\" data-end=\"759\">T510, T510i, T520 et T520i<\/strong>. La r\u00e9f\u00e9rence de la FRU est <strong data-start=\"784\" data-end=\"795\">60Y5500<\/strong>.<\/p>\n<p data-start=\"800\" data-end=\"1192\">\u2705 <strong data-start=\"802\" data-end=\"816\">\u00c9tat\u00a0:<\/strong> Utilis\u00e9, mais enti\u00e8rement fonctionnel et en bon \u00e9tat de marche.<br data-start=\"869\" data-end=\"872\" \/>\u2705 <strong data-start=\"874\" data-end=\"892\">Compatibilit\u00e9\u00a0:<\/strong> Compatible avec les mod\u00e8les Lenovo ThinkPad T510 \/ T510i \/ T520 \/ T520i.<br data-start=\"942\" data-end=\"945\" \/>\u2705 <strong data-start=\"947\" data-end=\"963\">R\u00e9f\u00e9rence\u00a0:<\/strong> FRU 60Y5500.<br data-start=\"976\" data-end=\"979\" \/>\u2705 <strong data-start=\"981\" data-end=\"998\">Pi\u00e8ce d&rsquo;origine\u00a0:<\/strong> Il ne s&rsquo;agit pas d&rsquo;une pi\u00e8ce de rechange, mais d&rsquo;une pi\u00e8ce d&rsquo;origine Lenovo garantissant un ajustement et des performances fiables.<br data-start=\"1096\" data-end=\"1099\" \/>\u2705 <strong data-start=\"1101\" data-end=\"1112\">Photos\u00a0:<\/strong> Les photos pr\u00e9sent\u00e9es sont des images r\u00e9elles de la pi\u00e8ce d&rsquo;ordinateur portable que vous recevrez.<\/p>\n<p data-start=\"1194\" data-end=\"1422\">Ce support de disque dur avec rails est essentiel pour installer ou remplacer en toute s\u00e9curit\u00e9 le disque dur de votre ordinateur portable ThinkPad. Que vous r\u00e9pariez un syst\u00e8me ou que vous remplaciez une pi\u00e8ce manquante, ce bo\u00eetier d&rsquo;origine garantit un ajustement parfait.<\/p>\n<p data-start=\"1424\" data-end=\"1553\">\ud83d\udd27 Remarque\u00a0: <strong data-start=\"1440\" data-end=\"1486\">Aucune notice d&rsquo;installation n&rsquo;est fournie.<\/strong> Si vous avez besoin d&rsquo;aide, n&rsquo;h\u00e9sitez pas \u00e0 nous contacter.<\/p>\n<p data-start=\"1555\" data-end=\"1684\">Ce produit fait partie de notre gamme de <strong data-start=\"1592\" data-end=\"1616\">pi\u00e8ces d\u00e9tach\u00e9es pour ordinateurs portables de qualit\u00e9<\/strong>, test\u00e9es et pr\u00eates \u00e0 \u00eatre exp\u00e9di\u00e9es dans le monde entier depuis notre entrep\u00f4t en Europe.<\/p>\n","protected":false},"excerpt":{"rendered":"<p>Couvercle de disque dur HDD d&rsquo;origine d&rsquo;occasion avec rails, compatible avec IBM Lenovo ThinkPad T510, T510i, T520 et T520i (FRU 60Y5500). Pi\u00e8ce d&rsquo;ordinateur portable 100 % authentique, test\u00e9e et pr\u00eate \u00e0 \u00eatre remplac\u00e9e.<\/p>\n","protected":false},"featured_media":17991,"template":"","meta":[],"product_brand":[],"product_cat":[52],"product_tag":[62],"class_list":{"0":"post-17942","1":"product","2":"type-product","3":"status-publish","4":"has-post-thumbnail","6":"product_cat-laptop-housing","7":"product_tag-lenovo","9":"first","10":"instock","11":"taxable","12":"shipping-taxable","13":"purchasable","14":"product-type-simple"},"_links":{"self":[{"href":"https:\/\/boreait.com\/fr\/wp-json\/wp\/v2\/product\/17942","targetHints":{"allow":["GET"]}}],"collection":[{"href":"https:\/\/boreait.com\/fr\/wp-json\/wp\/v2\/product"}],"about":[{"href":"https:\/\/boreait.com\/fr\/wp-json\/wp\/v2\/types\/product"}],"wp:featuredmedia":[{"embeddable":true,"href":"https:\/\/boreait.com\/fr\/wp-json\/wp\/v2\/media\/17991"}],"wp:attachment":[{"href":"https:\/\/boreait.com\/fr\/wp-json\/wp\/v2\/media?parent=17942"}],"wp:term":[{"taxonomy":"product_brand","embeddable":true,"href":"https:\/\/boreait.com\/fr\/wp-json\/wp\/v2\/product_brand?post=17942"},{"taxonomy":"product_cat","embeddable":true,"href":"https:\/\/boreait.com\/fr\/wp-json\/wp\/v2\/product_cat?post=17942"},{"taxonomy":"product_tag","embeddable":true,"href":"https:\/\/boreait.com\/fr\/wp-json\/wp\/v2\/product_tag?post=17942"}],"curies":[{"name":"wp","href":"https:\/\/api.w.org\/{rel}","templated":true}]}}