{"id":17932,"date":"2025-09-16T17:17:12","date_gmt":"2025-09-16T15:17:12","guid":{"rendered":"https:\/\/boreait.com\/fr\/?post_type=product&#038;p=17932"},"modified":"2026-02-09T12:00:42","modified_gmt":"2026-02-09T11:00:42","slug":"cache-memoire-ram-pour-ordinateur-portable-lenovo-thinkpad-w530-60y5501-piece-dorigine-doccasion","status":"publish","type":"product","link":"https:\/\/boreait.com\/fr\/produit\/cache-memoire-ram-pour-ordinateur-portable-lenovo-thinkpad-w530-60y5501-piece-dorigine-doccasion\/","title":{"rendered":"Cache m\u00e9moire RAM pour ordinateur portable Lenovo ThinkPad W530 60Y5501, pi\u00e8ce d&rsquo;origine d&rsquo;occasion"},"content":{"rendered":"<p data-start=\"551\" data-end=\"776\">Ceci est un <strong data-start=\"561\" data-end=\"638\">cache m\u00e9moire RAM d&rsquo;origine pour Lenovo ThinkPad W530 (r\u00e9f\u00e9rence\u00a0: 60Y5501)<\/strong>, soigneusement retir\u00e9 de l&rsquo;appareil d&rsquo;origine. Il s&rsquo;agit d&rsquo;une <strong data-start=\"692\" data-end=\"712\">pi\u00e8ce d&rsquo;ordinateur portable d&rsquo;occasion<\/strong>, enti\u00e8rement test\u00e9e et dont le bon fonctionnement est confirm\u00e9.<\/p>\n<p data-start=\"778\" data-end=\"1025\">Si votre cache m\u00e9moire RAM actuel est fissur\u00e9, perdu ou endommag\u00e9, ce cache de remplacement est la solution id\u00e9ale pour restaurer la protection et la stabilit\u00e9 de votre ThinkPad W530. Le couvercle prot\u00e8ge solidement les modules m\u00e9moire, garantissant durabilit\u00e9 et maintien parfait.<\/p>\n<p data-start=\"1027\" data-end=\"1051\">\u2705 <strong data-start=\"1029\" data-end=\"1049\">D\u00e9tails du produit\u00a0:<\/strong><\/p>\n<ul data-start=\"1052\" data-end=\"1262\">\n<li data-start=\"1052\" data-end=\"1069\">\n<p data-start=\"1054\" data-end=\"1069\">Marque\u00a0: Lenovo<\/p>\n<\/li>\n<li data-start=\"1070\" data-end=\"1108\">\n<p data-start=\"1072\" data-end=\"1108\">Mod\u00e8le compatible\u00a0: ThinkPad W530<\/p>\n<\/li>\n<li data-start=\"1109\" data-end=\"1133\">\n<p data-start=\"1111\" data-end=\"1133\">R\u00e9f\u00e9rence\u00a0: 60Y5501<\/p>\n<\/li>\n<li data-start=\"1134\" data-end=\"1167\">\n<p data-start=\"1136\" data-end=\"1167\">Type\u00a0: Cache m\u00e9moire\/RAM<\/p>\n<\/li>\n<li data-start=\"1168\" data-end=\"1211\">\n<p data-start=\"1170\" data-end=\"1211\">\u00c9tat\u00a0: Utilis\u00e9, test\u00e9 et fonctionnel<\/p>\n<\/li>\n<li data-start=\"1212\" data-end=\"1262\">\n<p data-start=\"1214\" data-end=\"1262\">Couleur\u00a0: Noir (Lenovo ThinkPad standard) finition)<\/p>\n<\/li>\n<\/ul>\n<p data-start=\"1264\" data-end=\"1294\">\ud83d\udd39 <strong data-start=\"1267\" data-end=\"1292\">Pourquoi choisir cette pi\u00e8ce\u00a0?<\/strong><\/p>\n<ul data-start=\"1295\" data-end=\"1532\">\n<li data-start=\"1295\" data-end=\"1343\">\n<p data-start=\"1297\" data-end=\"1343\">Pi\u00e8ce Lenovo 100\u00a0% d&rsquo;origine\u00a0\u2013 pas de pi\u00e8ces de rechange.<\/p>\n<\/li>\n<li data-start=\"1344\" data-end=\"1411\">\n<p data-start=\"1346\" data-end=\"1411\">Offre une protection et une ventilation ad\u00e9quates au compartiment RAM.<\/p>\n<\/li>\n<li data-start=\"1412\" data-end=\"1465\">\n<p data-start=\"1414\" data-end=\"1465\">Maintient les pi\u00e8ces de votre ordinateur portable bien en place.<\/p>\n<\/li>\n<li data-start=\"1466\" data-end=\"1532\">\n<p data-start=\"1468\" data-end=\"1532\">Un moyen \u00e9conomique de prolonger la dur\u00e9e de vie de votre ThinkPad W530.<\/p>\n<\/li>\n<\/ul>\n<p data-start=\"1534\" data-end=\"1739\">\ud83d\udcf7 <strong data-start=\"1537\" data-end=\"1546\">Remarque\u00a0:<\/strong> Les photos de la liste sont des images r\u00e9elles de la pi\u00e8ce que vous recevrez\u00a0; aucune image d&rsquo;archive n&rsquo;est disponible.<br data-start=\"1637\" data-end=\"1640\" \/>\ud83d\udcac Les instructions d&rsquo;installation ne sont pas incluses, mais si vous besoin de conseils, n&rsquo;h\u00e9sitez pas \u00e0 nous envoyer un message.<\/p>\n","protected":false},"excerpt":{"rendered":"<p>Cache m\u00e9moire RAM d&rsquo;origine pour Lenovo ThinkPad W530 (r\u00e9f\u00e9rence 60Y5501). D&rsquo;occasion, test\u00e9 et en bon \u00e9tat de fonctionnement, id\u00e9al pour remplacer votre cache m\u00e9moire manquant ou endommag\u00e9.<\/p>\n","protected":false},"featured_media":17979,"template":"","meta":[],"product_brand":[],"product_cat":[52],"product_tag":[],"class_list":{"0":"post-17932","1":"product","2":"type-product","3":"status-publish","4":"has-post-thumbnail","6":"product_cat-laptop-housing","8":"first","9":"instock","10":"taxable","11":"shipping-taxable","12":"purchasable","13":"product-type-simple"},"_links":{"self":[{"href":"https:\/\/boreait.com\/fr\/wp-json\/wp\/v2\/product\/17932","targetHints":{"allow":["GET"]}}],"collection":[{"href":"https:\/\/boreait.com\/fr\/wp-json\/wp\/v2\/product"}],"about":[{"href":"https:\/\/boreait.com\/fr\/wp-json\/wp\/v2\/types\/product"}],"wp:featuredmedia":[{"embeddable":true,"href":"https:\/\/boreait.com\/fr\/wp-json\/wp\/v2\/media\/17979"}],"wp:attachment":[{"href":"https:\/\/boreait.com\/fr\/wp-json\/wp\/v2\/media?parent=17932"}],"wp:term":[{"taxonomy":"product_brand","embeddable":true,"href":"https:\/\/boreait.com\/fr\/wp-json\/wp\/v2\/product_brand?post=17932"},{"taxonomy":"product_cat","embeddable":true,"href":"https:\/\/boreait.com\/fr\/wp-json\/wp\/v2\/product_cat?post=17932"},{"taxonomy":"product_tag","embeddable":true,"href":"https:\/\/boreait.com\/fr\/wp-json\/wp\/v2\/product_tag?post=17932"}],"curies":[{"name":"wp","href":"https:\/\/api.w.org\/{rel}","templated":true}]}}