{"id":17928,"date":"2025-09-16T17:17:12","date_gmt":"2025-09-16T15:17:12","guid":{"rendered":"https:\/\/boreait.com\/fr\/?post_type=product&#038;p=17928"},"modified":"2026-02-09T12:00:18","modified_gmt":"2026-02-09T11:00:18","slug":"carte-mere-pour-lecteur-de-carte-a-puce-dell-latitude-5480-17n6j","status":"publish","type":"product","link":"https:\/\/boreait.com\/fr\/produit\/carte-mere-pour-lecteur-de-carte-a-puce-dell-latitude-5480-17n6j\/","title":{"rendered":"Carte m\u00e8re pour lecteur de carte \u00e0 puce Dell Latitude 5480 (17N6J)"},"content":{"rendered":"<p>Il s&rsquo;agit d&rsquo;une carte m\u00e8re d&rsquo;origine pour lecteur de carte \u00e0 puce Dell Latitude 5480, r\u00e9f\u00e9rence 17N6J.<\/p>\n<p>Sp\u00e9cialement con\u00e7ue pour la s\u00e9rie Dell Latitude 5480, cette carte de remplacement garantit une compatibilit\u00e9 totale et des performances stables.<\/p>\n<p>\u2714 Pi\u00e8ce d&rsquo;origine Dell pour ordinateur portable<\/p>\n<p>\u2714 Compatible avec les mod\u00e8les Dell Latitude 5480<\/p>\n<p>\u2714 R\u00e9f\u00e9rence\u00a0: 17N6J<\/p>\n<p>\u2714 Photos authentiques\u00a0: vous recevrez exactement le m\u00eame article que celui pr\u00e9sent\u00e9.<\/p>\n<p>\u2714 Un choix fiable pour la r\u00e9paration ou le remplacement.<\/p>\n<p>Que votre lecteur de carte \u00e0 puce soit en panne ou que vous restauriez un Dell Latitude 5480, cette carte m\u00e8re est la solution id\u00e9ale. Tous les \u00e9l\u00e9ments sont soigneusement inspect\u00e9s et test\u00e9s avant exp\u00e9dition.<\/p>\n<p>**Remarque\u00a0:** Cette offre comprend uniquement la carte m\u00e8re d&rsquo;origine pour lecteur de carte \u00e0 puce. Aucune instruction d&rsquo;installation n&rsquo;est fournie, mais si vous avez besoin d&rsquo;aide ou de conseils, n&rsquo;h\u00e9sitez pas \u00e0 nous contacter \u00e0 tout moment. <\/p>\n<p>Nos photos sont r\u00e9elles et montrent exactement le produit que vous recevrez.<\/p>\n","protected":false},"excerpt":{"rendered":"<p>Carte m\u00e8re d&rsquo;origine pour lecteur de carte \u00e0 puce Dell Latitude 5480 (17N6J). Pi\u00e8ce de rechange test\u00e9e, fiable et id\u00e9ale.<\/p>\n","protected":false},"featured_media":17978,"template":"","meta":[],"product_brand":[],"product_cat":[52],"product_tag":[53],"class_list":{"0":"post-17928","1":"product","2":"type-product","3":"status-publish","4":"has-post-thumbnail","6":"product_cat-laptop-housing","7":"product_tag-dell","9":"first","10":"instock","11":"taxable","12":"shipping-taxable","13":"purchasable","14":"product-type-simple"},"_links":{"self":[{"href":"https:\/\/boreait.com\/fr\/wp-json\/wp\/v2\/product\/17928","targetHints":{"allow":["GET"]}}],"collection":[{"href":"https:\/\/boreait.com\/fr\/wp-json\/wp\/v2\/product"}],"about":[{"href":"https:\/\/boreait.com\/fr\/wp-json\/wp\/v2\/types\/product"}],"wp:featuredmedia":[{"embeddable":true,"href":"https:\/\/boreait.com\/fr\/wp-json\/wp\/v2\/media\/17978"}],"wp:attachment":[{"href":"https:\/\/boreait.com\/fr\/wp-json\/wp\/v2\/media?parent=17928"}],"wp:term":[{"taxonomy":"product_brand","embeddable":true,"href":"https:\/\/boreait.com\/fr\/wp-json\/wp\/v2\/product_brand?post=17928"},{"taxonomy":"product_cat","embeddable":true,"href":"https:\/\/boreait.com\/fr\/wp-json\/wp\/v2\/product_cat?post=17928"},{"taxonomy":"product_tag","embeddable":true,"href":"https:\/\/boreait.com\/fr\/wp-json\/wp\/v2\/product_tag?post=17928"}],"curies":[{"name":"wp","href":"https:\/\/api.w.org\/{rel}","templated":true}]}}