{"id":17925,"date":"2025-09-16T17:17:11","date_gmt":"2025-09-16T15:17:11","guid":{"rendered":"https:\/\/boreait.com\/fr\/?post_type=product&#038;p=17925"},"modified":"2025-09-16T17:18:28","modified_gmt":"2025-09-16T15:18:28","slug":"pieces-detachees-pour-ordinateur-portable-dell-latitude-5280-5590-bouton-de-souris-gauche-droite-a169b1-pk37b00jr00","status":"publish","type":"product","link":"https:\/\/boreait.com\/fr\/produit\/pieces-detachees-pour-ordinateur-portable-dell-latitude-5280-5590-bouton-de-souris-gauche-droite-a169b1-pk37b00jr00\/","title":{"rendered":"Pi\u00e8ces d\u00e9tach\u00e9es pour ordinateur portable Dell Latitude 5280 5590, bouton de souris gauche\/droite A169B1 PK37B00JR00"},"content":{"rendered":"<p data-start=\"620\" data-end=\"828\">Am\u00e9liorez ou r\u00e9parez votre Dell Latitude avec cette <strong data-start=\"667\" data-end=\"690\">pi\u00e8ce d&rsquo;origine pour ordinateur portable<\/strong>\u00a0: la <strong data-start=\"697\" data-end=\"765\">carte de boutons de souris gauche et droit (A169B1 \/ PK37B00JR00)<\/strong>, compatible avec les mod\u00e8les Dell Latitude <strong data-start=\"797\" data-end=\"805\">5280<\/strong> et <strong data-start=\"810\" data-end=\"818\">5590<\/strong>.<\/p>\n<p data-start=\"830\" data-end=\"1060\">\u2714 <strong data-start=\"832\" data-end=\"849\">R\u00e9f\u00e9rences\u00a0:<\/strong> A169B1, PK37B00JR00<br data-start=\"869\" data-end=\"872\" \/>\u2714 <strong data-start=\"874\" data-end=\"896\">Mod\u00e8les compatibles\u00a0:<\/strong> Dell Latitude 5280, Dell Latitude 5590<br data-start=\"935\" data-end=\"938\" \/>\u2714 <strong data-start=\"940\" data-end=\"954\">\u00c9tat\u00a0:<\/strong> Pi\u00e8ce d&rsquo;origine pour ordinateur portable enti\u00e8rement test\u00e9e<br data-start=\"988\" data-end=\"991\" \/>\u2714 <strong data-start=\"993\" data-end=\"1011\">Fonctionnalit\u00e9\u00a0:<\/strong> R\u00e9tablit la fluidit\u00e9 des clics gauche et droit<\/p>\n<p data-start=\"1062\" data-end=\"1252\">Cette pi\u00e8ce est id\u00e9ale si les boutons du pav\u00e9 tactile de votre ordinateur portable ne r\u00e9pondent pas, sont desserr\u00e9s ou ne fonctionnent pas correctement. Toutes les photos de cette annonce repr\u00e9sentent la <strong data-start=\"1219\" data-end=\"1249\">pi\u00e8ce r\u00e9elle que vous recevrez<\/strong>.<\/p>\n<p data-start=\"1254\" data-end=\"1390\">\ud83d\udca1 <strong data-start=\"1257\" data-end=\"1266\">Remarque\u00a0:<\/strong> Les instructions d&rsquo;installation ne sont pas incluses, mais si vous avez besoin d&rsquo;aide, n&rsquo;h\u00e9sitez pas \u00e0 nous contacter\u00a0; nous serons ravis de vous aider.<\/p>\n","protected":false},"excerpt":{"rendered":"<p>Carte de remplacement pour bouton de clic gauche et droit de la souris A169B1 PK37B00JR00 pour Dell Latitude 5280 \/ 5590. Pi\u00e8ce d&rsquo;ordinateur portable d&rsquo;origine 100% test\u00e9e.<\/p>\n","protected":false},"featured_media":17967,"template":"","meta":[],"product_brand":[],"product_cat":[78],"product_tag":[],"class_list":{"0":"post-17925","1":"product","2":"type-product","3":"status-publish","4":"has-post-thumbnail","6":"product_cat-laptop-touchpads","8":"first","9":"instock","10":"taxable","11":"shipping-taxable","12":"purchasable","13":"product-type-simple"},"_links":{"self":[{"href":"https:\/\/boreait.com\/fr\/wp-json\/wp\/v2\/product\/17925","targetHints":{"allow":["GET"]}}],"collection":[{"href":"https:\/\/boreait.com\/fr\/wp-json\/wp\/v2\/product"}],"about":[{"href":"https:\/\/boreait.com\/fr\/wp-json\/wp\/v2\/types\/product"}],"wp:featuredmedia":[{"embeddable":true,"href":"https:\/\/boreait.com\/fr\/wp-json\/wp\/v2\/media\/17967"}],"wp:attachment":[{"href":"https:\/\/boreait.com\/fr\/wp-json\/wp\/v2\/media?parent=17925"}],"wp:term":[{"taxonomy":"product_brand","embeddable":true,"href":"https:\/\/boreait.com\/fr\/wp-json\/wp\/v2\/product_brand?post=17925"},{"taxonomy":"product_cat","embeddable":true,"href":"https:\/\/boreait.com\/fr\/wp-json\/wp\/v2\/product_cat?post=17925"},{"taxonomy":"product_tag","embeddable":true,"href":"https:\/\/boreait.com\/fr\/wp-json\/wp\/v2\/product_tag?post=17925"}],"curies":[{"name":"wp","href":"https:\/\/api.w.org\/{rel}","templated":true}]}}