{"id":17923,"date":"2025-09-16T17:17:11","date_gmt":"2025-09-16T15:17:11","guid":{"rendered":"https:\/\/boreait.com\/fr\/?post_type=product&#038;p=17923"},"modified":"2025-09-16T17:18:19","modified_gmt":"2025-09-16T15:18:19","slug":"ecran-dordinateur-portable-n156hga-ea3-156-fhd-ips-mat-30-broches-pour-lenovo-ideapad-3","status":"publish","type":"product","link":"https:\/\/boreait.com\/fr\/produit\/ecran-dordinateur-portable-n156hga-ea3-156-fhd-ips-mat-30-broches-pour-lenovo-ideapad-3\/","title":{"rendered":"\u00c9cran d&rsquo;ordinateur portable N156HGA-EA3 15,6&Prime; FHD IPS mat 30 broches pour Lenovo IdeaPad 3"},"content":{"rendered":"<p><strong>Mod\u00e8le d&rsquo;\u00e9cran LCD actuel\u00a0: N156HCA-EAC C2 ou NT156FHM-N43 V8.0 \u2013 ENTI\u00c8REMENT COMPATIBLE AVEC L&rsquo;\u00c9CRAN D&rsquo;ORDINATEUR PORTABLE N156HGA-EA3 REV.C3 \/ SD10W69527 \/ FRU 5D10W69517<\/strong><\/p>\n<p data-start=\"68\" data-end=\"821\">Cet \u00e9cran d&rsquo;ordinateur portable de remplacement flambant neuf est con\u00e7u pour offrir des images nettes et des performances fiables. Mod\u00e8le <strong data-start=\"217\" data-end=\"271\">N156HGA-EA3 REV.C3 \/ PN SD10W69527, FRU 5D10W69517<\/strong>, il est compatible avec divers ordinateurs portables Lenovo, notamment <strong data-start=\"331\" data-end=\"358\">Lenovo IdeaPad 3 15ITL6<\/strong> et d&rsquo;autres mod\u00e8les utilisant le m\u00eame type de panneau. Dot\u00e9 d&rsquo;une <strong data-start=\"415\" data-end=\"459\">r\u00e9solution Full HD (1920 x 1080) de 15,6 pouces<\/strong> avec la <strong data-start=\"465\" data-end=\"483\">technologie IPS<\/strong>, cet \u00e9cran offre des couleurs \u00e9clatantes, de larges angles de vision et une finition mate pour r\u00e9duire les reflets.<br data-start=\"578\" data-end=\"581\" \/>Il utilise un <strong data-start=\"591\" data-end=\"615\">connecteur eDP 30 broches<\/strong>, dispose d&rsquo;une <strong data-start=\"623\" data-end=\"653\">carte PCB plus petite (260 mm)<\/strong> et offre une excellente qualit\u00e9 de fabrication pour un ajustement parfait et une installation facile. Cet \u00e9cran est de qualit\u00e9 OEM, garantissant une compatibilit\u00e9 totale et des performances fiables.<\/p>\n<p data-start=\"823\" data-end=\"1043\">\u2714\ufe0f \u00c9cran Full HD 15,6&Prime; (1920 x 1080)<br data-start=\"847\" data-end=\"850\" \/>\u2714\ufe0f Dalle IPS\u00a0: angles de vision larges et couleurs pr\u00e9cises<br data-start=\"902\" data-end=\"905\" \/>\u2714\ufe0f Finition mate\/antireflet<br data-start=\"933\" data-end=\"936\" \/>\u2714\ufe0f Connecteur eDP 30 broches<br data-start=\"959\" data-end=\"962\" \/>\u2714\ufe0f Petit circuit imprim\u00e9 (260 mm)<br data-start=\"989\" data-end=\"992\" \/>\u2714\ufe0f 100 % neuf, jamais utilis\u00e9, test\u00e9 avant exp\u00e9dition<\/p>\n<p data-start=\"1045\" data-end=\"1135\">Id\u00e9al pour remplacer les \u00e9crans fissur\u00e9s, hors service, vacillants ou endommag\u00e9s des ordinateurs portables compatibles.<\/p>\n","protected":false},"excerpt":{"rendered":"<p>\u00c9cran de remplacement IPS FHD 15,6&Prime; pour ordinateur portable <strong data-start=\"1222\" data-end=\"1274\">N156HGA-EA3 REV.C3 \/ SD10W69527 \/ FRU 5D10W69517<\/strong>, mat, eDP 30 broches, petit circuit imprim\u00e9 (260 mm). Parfaitement adapt\u00e9 au <strong data-start=\"1331\" data-end=\"1358\">Lenovo IdeaPad 3 15ITL6<\/strong> et aux mod\u00e8les compatibles.<\/p>\n","protected":false},"featured_media":16689,"template":"","meta":[],"product_brand":[],"product_cat":[105,95],"product_tag":[62],"class_list":{"0":"post-17923","1":"product","2":"type-product","3":"status-publish","4":"has-post-thumbnail","6":"product_cat-15-6-new-laptop-screens-lcd-panels","7":"product_cat-new-laptop-screens-lcd-panels","8":"product_tag-lenovo","10":"first","11":"instock","12":"taxable","13":"shipping-taxable","14":"purchasable","15":"product-type-simple"},"_links":{"self":[{"href":"https:\/\/boreait.com\/fr\/wp-json\/wp\/v2\/product\/17923","targetHints":{"allow":["GET"]}}],"collection":[{"href":"https:\/\/boreait.com\/fr\/wp-json\/wp\/v2\/product"}],"about":[{"href":"https:\/\/boreait.com\/fr\/wp-json\/wp\/v2\/types\/product"}],"wp:featuredmedia":[{"embeddable":true,"href":"https:\/\/boreait.com\/fr\/wp-json\/wp\/v2\/media\/16689"}],"wp:attachment":[{"href":"https:\/\/boreait.com\/fr\/wp-json\/wp\/v2\/media?parent=17923"}],"wp:term":[{"taxonomy":"product_brand","embeddable":true,"href":"https:\/\/boreait.com\/fr\/wp-json\/wp\/v2\/product_brand?post=17923"},{"taxonomy":"product_cat","embeddable":true,"href":"https:\/\/boreait.com\/fr\/wp-json\/wp\/v2\/product_cat?post=17923"},{"taxonomy":"product_tag","embeddable":true,"href":"https:\/\/boreait.com\/fr\/wp-json\/wp\/v2\/product_tag?post=17923"}],"curies":[{"name":"wp","href":"https:\/\/api.w.org\/{rel}","templated":true}]}}