{"id":17922,"date":"2025-09-16T17:17:11","date_gmt":"2025-09-16T15:17:11","guid":{"rendered":"https:\/\/boreait.com\/fr\/?post_type=product&#038;p=17922"},"modified":"2025-09-16T17:18:17","modified_gmt":"2025-09-16T15:18:17","slug":"cadre-de-clavier-dell-latitude-5490-pieces-de-rechange-dorigine-pour-ordinateur-portable-occasion","status":"publish","type":"product","link":"https:\/\/boreait.com\/fr\/produit\/cadre-de-clavier-dell-latitude-5490-pieces-de-rechange-dorigine-pour-ordinateur-portable-occasion\/","title":{"rendered":"Cadre de clavier Dell Latitude 5490 &#8211; Pi\u00e8ces de rechange d&rsquo;origine pour ordinateur portable &#8211; Occasion"},"content":{"rendered":"<p>Il s&rsquo;agit d&rsquo;un cadre de clavier Dell Latitude 5490 d&rsquo;origine, disponible d&rsquo;occasion en bon \u00e9tat de fonctionnement. C&rsquo;est la solution id\u00e9ale pour remplacer un cadre endommag\u00e9 ou us\u00e9 de votre ordinateur portable Latitude 5490.<\/p>\n<p>Comme pour toutes nos pi\u00e8ces d\u00e9tach\u00e9es pour ordinateurs portables, les photos pr\u00e9sent\u00e9es sont des images r\u00e9elles du produit que vous recevrez. Achetez en toute confiance. Ce cadre est compatible avec le mod\u00e8le Dell Latitude 5490 et est une pi\u00e8ce OEM fiable, con\u00e7ue pour s&rsquo;adapter parfaitement \u00e0 votre ordinateur portable.<\/p>\n<p>\u2714 Mod\u00e8le compatible\u00a0: Dell Latitude 5490 \/ Royaume-Uni &#8211; Europe<\/p>\n<p>\u2714 \u00c9tat\u00a0: Occasion, test\u00e9 et en bon \u00e9tat<\/p>\n<p>\u2714 Cat\u00e9gorie\u00a0: Pi\u00e8ces pour ordinateur portable \u2013 Cadre de clavier \/ Garniture de repose-poignets<\/p>\n<p>Veuillez noter que les instructions d&rsquo;installation ne sont pas fournies. Si vous avez besoin d&rsquo;aide, n&rsquo;h\u00e9sitez pas \u00e0 nous contacter.<\/p>\n","protected":false},"excerpt":{"rendered":"<p>Cadre de clavier d&rsquo;origine pour Dell Latitude 5490, d&rsquo;occasion mais en bon \u00e9tat. Pi\u00e8ce de rechange id\u00e9ale pour ordinateur portable.<\/p>\n","protected":false},"featured_media":17964,"template":"","meta":[],"product_brand":[],"product_cat":[52],"product_tag":[53],"class_list":{"0":"post-17922","1":"product","2":"type-product","3":"status-publish","4":"has-post-thumbnail","6":"product_cat-laptop-housing","7":"product_tag-dell","9":"first","10":"instock","11":"taxable","12":"shipping-taxable","13":"purchasable","14":"product-type-simple"},"_links":{"self":[{"href":"https:\/\/boreait.com\/fr\/wp-json\/wp\/v2\/product\/17922","targetHints":{"allow":["GET"]}}],"collection":[{"href":"https:\/\/boreait.com\/fr\/wp-json\/wp\/v2\/product"}],"about":[{"href":"https:\/\/boreait.com\/fr\/wp-json\/wp\/v2\/types\/product"}],"wp:featuredmedia":[{"embeddable":true,"href":"https:\/\/boreait.com\/fr\/wp-json\/wp\/v2\/media\/17964"}],"wp:attachment":[{"href":"https:\/\/boreait.com\/fr\/wp-json\/wp\/v2\/media?parent=17922"}],"wp:term":[{"taxonomy":"product_brand","embeddable":true,"href":"https:\/\/boreait.com\/fr\/wp-json\/wp\/v2\/product_brand?post=17922"},{"taxonomy":"product_cat","embeddable":true,"href":"https:\/\/boreait.com\/fr\/wp-json\/wp\/v2\/product_cat?post=17922"},{"taxonomy":"product_tag","embeddable":true,"href":"https:\/\/boreait.com\/fr\/wp-json\/wp\/v2\/product_tag?post=17922"}],"curies":[{"name":"wp","href":"https:\/\/api.w.org\/{rel}","templated":true}]}}