{"id":17920,"date":"2025-09-16T17:17:11","date_gmt":"2025-09-16T15:17:11","guid":{"rendered":"https:\/\/boreait.com\/fr\/?post_type=product&#038;p=17920"},"modified":"2025-09-16T17:18:03","modified_gmt":"2025-09-16T15:18:03","slug":"ventilateur-et-dissipateur-thermique-pour-processeur-dell-latitude-5480-5490-p5f39","status":"publish","type":"product","link":"https:\/\/boreait.com\/fr\/produit\/ventilateur-et-dissipateur-thermique-pour-processeur-dell-latitude-5480-5490-p5f39\/","title":{"rendered":"Ventilateur et dissipateur thermique pour processeur Dell Latitude 5480\/5490 (P5F39)"},"content":{"rendered":"<p data-start=\"640\" data-end=\"1133\">Ce <strong data-start=\"645\" data-end=\"698\">ventilateur et dissipateur thermique pour processeur Dell d&rsquo;origine (P5F39)<\/strong> est con\u00e7u pour les <strong data-start=\"715\" data-end=\"763\">ordinateurs portables Dell Latitude 5480 et Latitude 5490<\/strong>. Il offre des performances de refroidissement fiables pour maintenir votre appareil \u00e0 une temp\u00e9rature optimale. Au fil du temps, les composants des ordinateurs portables, tels que les ventilateurs et les dissipateurs thermiques, peuvent s&rsquo;user ou se boucher, entra\u00eenant une surchauffe, une r\u00e9duction de la vitesse ou des arr\u00eats inattendus. Remplacer votre syst\u00e8me de refroidissement d\u00e9fectueux par cette pi\u00e8ce d&rsquo;origine Dell garantit des performances stables et prolonge la dur\u00e9e de vie de votre ordinateur portable.<\/p>\n<p data-start=\"1135\" data-end=\"1158\"><strong data-start=\"1135\" data-end=\"1156\">Caract\u00e9ristiques du produit\u00a0:<\/strong><\/p>\n<ul data-start=\"1159\" data-end=\"1423\">\n<li data-start=\"1159\" data-end=\"1206\">\n<p data-start=\"1161\" data-end=\"1206\">Pi\u00e8ce de rechange Dell d&rsquo;origine \u2013 mod\u00e8le P5F39 \/ V93XV P5F39<\/p>\n<\/li>\n<li data-start=\"1207\" data-end=\"1263\">\n<p data-start=\"1209\" data-end=\"1263\">Compatible avec le Dell Latitude 5480 et Latitude 5490<\/p>\n<\/li>\n<li data-start=\"1264\" data-end=\"1312\">\n<p data-start=\"1266\" data-end=\"1312\">Comprend un ventilateur de refroidissement et un dissipateur thermique pour processeur.<\/p>\n<\/li>\n<li data-start=\"1313\" data-end=\"1374\">\n<p data-start=\"1315\" data-end=\"1374\">Contribue \u00e0 pr\u00e9venir la surchauffe et am\u00e9liore les performances de l&rsquo;ordinateur portable.<\/p>\n<\/li>\n<li data-start=\"1375\" data-end=\"1423\">\n<p data-start=\"1377\" data-end=\"1423\">Remplacement id\u00e9al pour les ventilateurs us\u00e9s ou bruyants.<\/p>\n<\/li>\n<\/ul>\n<p data-start=\"1425\" data-end=\"1455\"><strong data-start=\"1425\" data-end=\"1453\">Pourquoi choisir ce produit\u00a0?<\/strong><\/p>\n<ul data-start=\"1456\" data-end=\"1744\">\n<li data-start=\"1456\" data-end=\"1521\">\n<p data-start=\"1458\" data-end=\"1521\">Pi\u00e8ce d&rsquo;ordinateur portable Dell 100\u00a0% d&rsquo;origine pour un ajustement et des performances parfaits<\/p>\n<\/li>\n<li data-start=\"1522\" data-end=\"1580\">\n<p data-start=\"1524\" data-end=\"1580\">Remplacement facile des ventilateurs et dissipateurs thermiques d\u00e9fectueux<\/p>\n<\/li>\n<li data-start=\"1581\" data-end=\"1649\">\n<p data-start=\"1583\" data-end=\"1649\">Maintient votre ordinateur portable au frais et assure son bon fonctionnement m\u00eame en utilisation intensive.<\/p>\n<\/li>\n<li data-start=\"1650\" data-end=\"1682\">\n<p data-start=\"1652\" data-end=\"1682\">Livraison internationale disponible.<\/p>\n<\/li>\n<li data-start=\"1683\" data-end=\"1744\">\n<p data-start=\"1685\" data-end=\"1744\">Les photos pr\u00e9sent\u00e9es sont des images r\u00e9elles de la pi\u00e8ce que vous recevrez.<\/p>\n<\/li>\n<\/ul>\n<p data-start=\"1746\" data-end=\"1873\">\ud83d\udccc <em data-start=\"1749\" data-end=\"1871\">Remarque\u00a0: Cette annonce ne comprend pas les instructions d&rsquo;installation. Si vous avez besoin d&rsquo;aide, n&rsquo;h\u00e9sitez pas \u00e0 nous contacter.<\/em><\/p>\n","protected":false},"excerpt":{"rendered":"<p>Maintenez votre Dell Latitude 5480 ou 5490 au frais gr\u00e2ce \u00e0 ce ventilateur et dissipateur thermique pour processeur Dell d&rsquo;origine (P5F39). Pi\u00e8ce de rechange id\u00e9ale pour restaurer les performances de votre ordinateur portable et \u00e9viter la surchauffe.<\/p>\n","protected":false},"featured_media":17958,"template":"","meta":[],"product_brand":[],"product_cat":[69],"product_tag":[53],"class_list":{"0":"post-17920","1":"product","2":"type-product","3":"status-publish","4":"has-post-thumbnail","6":"product_cat-cpu-fans-heatsinks","7":"product_tag-dell","9":"first","10":"instock","11":"taxable","12":"shipping-taxable","13":"purchasable","14":"product-type-simple"},"_links":{"self":[{"href":"https:\/\/boreait.com\/fr\/wp-json\/wp\/v2\/product\/17920","targetHints":{"allow":["GET"]}}],"collection":[{"href":"https:\/\/boreait.com\/fr\/wp-json\/wp\/v2\/product"}],"about":[{"href":"https:\/\/boreait.com\/fr\/wp-json\/wp\/v2\/types\/product"}],"wp:featuredmedia":[{"embeddable":true,"href":"https:\/\/boreait.com\/fr\/wp-json\/wp\/v2\/media\/17958"}],"wp:attachment":[{"href":"https:\/\/boreait.com\/fr\/wp-json\/wp\/v2\/media?parent=17920"}],"wp:term":[{"taxonomy":"product_brand","embeddable":true,"href":"https:\/\/boreait.com\/fr\/wp-json\/wp\/v2\/product_brand?post=17920"},{"taxonomy":"product_cat","embeddable":true,"href":"https:\/\/boreait.com\/fr\/wp-json\/wp\/v2\/product_cat?post=17920"},{"taxonomy":"product_tag","embeddable":true,"href":"https:\/\/boreait.com\/fr\/wp-json\/wp\/v2\/product_tag?post=17920"}],"curies":[{"name":"wp","href":"https:\/\/api.w.org\/{rel}","templated":true}]}}