{"id":17919,"date":"2025-09-16T17:17:10","date_gmt":"2025-09-16T15:17:10","guid":{"rendered":"https:\/\/boreait.com\/fr\/?post_type=product&#038;p=17919"},"modified":"2025-09-16T17:17:58","modified_gmt":"2025-09-16T15:17:58","slug":"cadre-avant-de-lecran-lcd-pour-dell-latitude-e5490-5490-0vrwjm-vrwjm-pieces-detachees-pour-ordinateur-portable","status":"publish","type":"product","link":"https:\/\/boreait.com\/fr\/produit\/cadre-avant-de-lecran-lcd-pour-dell-latitude-e5490-5490-0vrwjm-vrwjm-pieces-detachees-pour-ordinateur-portable\/","title":{"rendered":"Cadre avant de l&rsquo;\u00e9cran LCD pour Dell Latitude E5490 5490 (0VRWJM VRWJM) | Pi\u00e8ces d\u00e9tach\u00e9es pour ordinateur portable"},"content":{"rendered":"<p data-start=\"552\" data-end=\"845\">Il s&rsquo;agit d&rsquo;un <strong data-start=\"562\" data-end=\"628\">cadre de cadre avant LCD Dell Latitude E5490 \/ 5490 authentique<\/strong>, num\u00e9ro de pi\u00e8ce <strong data-start=\"642\" data-end=\"660\">0VRWJM \/ VRWJM<\/strong>.<br data-start=\"661\" data-end=\"664\" \/>Il s&rsquo;agit d&rsquo;une <strong data-start=\"672\" data-end=\"702\">pi\u00e8ce d&rsquo;ordinateur portable d&rsquo;origine d&rsquo;occasion<\/strong> soigneusement inspect\u00e9e pour sa qualit\u00e9. Le cadre entoure l&rsquo;\u00e9cran, prot\u00e9geant les bords et donnant \u00e0 votre ordinateur portable un aspect soign\u00e9 et soign\u00e9.<\/p>\n<h3 data-start=\"847\" data-end=\"863\">D\u00e9tails cl\u00e9s\u00a0:<\/h3>\n<ul data-start=\"864\" data-end=\"1217\">\n<li data-start=\"864\" data-end=\"917\">\n<p data-start=\"866\" data-end=\"917\"><strong data-start=\"866\" data-end=\"887\">Mod\u00e8les compatibles<\/strong>\u00a0: Dell Latitude E5490 \/ 5490<\/p>\n<\/li>\n<li data-start=\"918\" data-end=\"953\">\n<p data-start=\"920\" data-end=\"953\"><strong data-start=\"920\" data-end=\"936\">R\u00e9f\u00e9rences de r\u00e9f\u00e9rence<\/strong>\u00a0: 0VRWJM, VRWJM<\/p>\n<\/li>\n<li data-start=\"954\" data-end=\"1021\">\n<p data-start=\"956\" data-end=\"1021\"><strong data-start=\"956\" data-end=\"969\">\u00c9tat<\/strong>\u00a0: Occasion \u2013 enti\u00e8rement fonctionnel, bon \u00e9tat esth\u00e9tique<\/p>\n<\/li>\n<li data-start=\"1022\" data-end=\"1079\">\n<p data-start=\"1024\" data-end=\"1079\"><strong data-start=\"1024\" data-end=\"1032\">Type<\/strong>\u00a0: Cache du cadre avant de l&rsquo;\u00e9cran LCD (bordure de l&rsquo;\u00e9cran)<\/p>\n<\/li>\n<li data-start=\"1080\" data-end=\"1132\">\n<p data-start=\"1082\" data-end=\"1132\"><strong data-start=\"1082\" data-end=\"1098\">Authenticit\u00e9<\/strong>\u00a0: Pi\u00e8ce d&rsquo;ordinateur portable Dell 100\u00a0% d&rsquo;origine.<\/p>\n<\/li>\n<li data-start=\"1133\" data-end=\"1217\">\n<p data-start=\"1135\" data-end=\"1217\"><strong data-start=\"1135\" data-end=\"1145\">Photos<\/strong>\u00a0: Les photos de cette annonce repr\u00e9sentent la pi\u00e8ce que vous recevrez.<\/p>\n<\/li>\n<\/ul>\n<p data-start=\"1219\" data-end=\"1423\">Ce cadre de remplacement est id\u00e9al si votre cadre actuel est <strong data-start=\"1274\" data-end=\"1306\">fissur\u00e9, endommag\u00e9 ou manquant<\/strong>.<br data-start=\"1307\" data-end=\"1310\" \/>Il s&rsquo;agit d&rsquo;un <strong data-start=\"1319\" data-end=\"1344\">Pi\u00e8ce essentielle pour ordinateur portable<\/strong> pour prot\u00e9ger l&rsquo;\u00e9cran et pr\u00e9server l&rsquo;aspect professionnel de votre appareil.<\/p>\n<p data-start=\"1425\" data-end=\"1550\">\ud83d\udccc <strong data-start=\"1428\" data-end=\"1436\">Remarque<\/strong>\u00a0: Nous ne fournissons pas d&rsquo;instructions d&rsquo;installation \u00e9tape par \u00e9tape, mais si vous avez besoin d&rsquo;aide, n&rsquo;h\u00e9sitez pas \u00e0 nous contacter.<\/p>\n","protected":false},"excerpt":{"rendered":"<p>Cache avant de l&rsquo;\u00e9cran LCD d&rsquo;origine Dell Latitude E5490\/5490 (0VRWJM\/VRWJM). Pi\u00e8ce d&rsquo;origine pour ordinateur portable, test\u00e9e et en bon \u00e9tat.<\/p>\n","protected":false},"featured_media":17956,"template":"","meta":[],"product_brand":[],"product_cat":[52],"product_tag":[53],"class_list":{"0":"post-17919","1":"product","2":"type-product","3":"status-publish","4":"has-post-thumbnail","6":"product_cat-laptop-housing","7":"product_tag-dell","9":"first","10":"instock","11":"taxable","12":"shipping-taxable","13":"purchasable","14":"product-type-simple"},"_links":{"self":[{"href":"https:\/\/boreait.com\/fr\/wp-json\/wp\/v2\/product\/17919","targetHints":{"allow":["GET"]}}],"collection":[{"href":"https:\/\/boreait.com\/fr\/wp-json\/wp\/v2\/product"}],"about":[{"href":"https:\/\/boreait.com\/fr\/wp-json\/wp\/v2\/types\/product"}],"wp:featuredmedia":[{"embeddable":true,"href":"https:\/\/boreait.com\/fr\/wp-json\/wp\/v2\/media\/17956"}],"wp:attachment":[{"href":"https:\/\/boreait.com\/fr\/wp-json\/wp\/v2\/media?parent=17919"}],"wp:term":[{"taxonomy":"product_brand","embeddable":true,"href":"https:\/\/boreait.com\/fr\/wp-json\/wp\/v2\/product_brand?post=17919"},{"taxonomy":"product_cat","embeddable":true,"href":"https:\/\/boreait.com\/fr\/wp-json\/wp\/v2\/product_cat?post=17919"},{"taxonomy":"product_tag","embeddable":true,"href":"https:\/\/boreait.com\/fr\/wp-json\/wp\/v2\/product_tag?post=17919"}],"curies":[{"name":"wp","href":"https:\/\/api.w.org\/{rel}","templated":true}]}}