{"id":17918,"date":"2025-09-16T17:17:10","date_gmt":"2025-09-16T15:17:10","guid":{"rendered":"https:\/\/boreait.com\/fr\/?post_type=product&#038;p=17918"},"modified":"2025-09-16T17:17:50","modified_gmt":"2025-09-16T15:17:50","slug":"charnieres-gauche-et-droite-pour-ecran-lcd-dell-latitude-5480-et-5490-0xkpkg-0683nd","status":"publish","type":"product","link":"https:\/\/boreait.com\/fr\/produit\/charnieres-gauche-et-droite-pour-ecran-lcd-dell-latitude-5480-et-5490-0xkpkg-0683nd\/","title":{"rendered":"Charni\u00e8res gauche et droite pour \u00e9cran LCD Dell Latitude 5480 et 5490 | 0XKPKG 0683ND"},"content":{"rendered":"<p data-start=\"581\" data-end=\"810\">Mettez \u00e0 niveau et restaurez votre Dell Latitude 5480 et 5490 avec cet <strong data-start=\"635\" data-end=\"668\">ensemble de charni\u00e8res d&rsquo;\u00e9cran LCD d&rsquo;origine<\/strong>. Ces pi\u00e8ces d&rsquo;ordinateur portable d&rsquo;occasion, enti\u00e8rement test\u00e9es, comprennent les <strong data-start=\"728\" data-end=\"753\">charni\u00e8res gauche et droite<\/strong>, garantissant une ouverture et une fermeture fluides de l&rsquo;\u00e9cran.<\/p>\n<ul data-start=\"812\" data-end=\"1046\">\n<li data-start=\"812\" data-end=\"856\">\n<p data-start=\"814\" data-end=\"856\"><strong data-start=\"814\" data-end=\"835\">Mod\u00e8le compatible\u00a0:<\/strong> Dell Latitude 5480\/5490<\/p>\n<\/li>\n<li data-start=\"857\" data-end=\"919\">\n<p data-start=\"859\" data-end=\"919\"><strong data-start=\"859\" data-end=\"873\">\u00c9tat\u00a0:<\/strong> Utilis\u00e9, test\u00e9 et v\u00e9rifi\u00e9 en \u00e9tat de fonctionnement Commande<\/p>\n<\/li>\n<li data-start=\"920\" data-end=\"962\">\n<p data-start=\"922\" data-end=\"962\"><strong data-start=\"922\" data-end=\"935\">Comprend\u00a0:<\/strong> Charni\u00e8re gauche + Charni\u00e8re droite 0XKPKG 0683ND<\/p>\n<\/li>\n<li data-start=\"963\" data-end=\"1015\">\n<p data-start=\"965\" data-end=\"1015\"><strong data-start=\"965\" data-end=\"981\">Application\u00a0:<\/strong> Remplacement\/r\u00e9paration d&rsquo;\u00e9cran LCD<\/p>\n<\/li>\n<li data-start=\"1016\" data-end=\"1046\">\n<p data-start=\"1018\" data-end=\"1046\"><strong data-start=\"1018\" data-end=\"1031\">Cat\u00e9gorie\u00a0: Pi\u00e8ces d\u00e9tach\u00e9es pour ordinateurs portables<\/p>\n<\/li>\n<\/ul>\n<p data-start=\"1048\" data-end=\"1074\">Pourquoi choisir ce produit\u00a0?<\/p>\n<ul data-start=\"1075\" data-end=\"1259\">\n<li data-start=\"1075\" data-end=\"1136\">\n<p data-start=\"1077\" data-end=\"1136\">Composant Dell 100\u00a0% d&rsquo;origine pour un ajustement et un fonctionnement fiables<\/p>\n<\/li>\n<li data-start=\"1137\" data-end=\"1195\">\n<p data-start=\"1139\" data-end=\"1195\">Remplacement id\u00e9al pour les charni\u00e8res cass\u00e9es, desserr\u00e9es ou rigides<\/p>\n<\/li>\n<li data-start=\"1196\" data-end=\"1259\">\n<p data-start=\"1198\" data-end=\"1259\">Prolonge la dur\u00e9e de vie de votre ordinateur portable sans r\u00e9parations co\u00fbteuses.<\/p>\n<\/li>\n<\/ul>\n<p data-start=\"1261\" data-end=\"1470\">\ud83d\udcf8 <strong data-start=\"1264\" data-end=\"1280\">Photos r\u00e9elles\u00a0:<\/strong> Les photos de cette annonce repr\u00e9sentent les charni\u00e8res que vous recevrez.<br data-start=\"1352\" data-end=\"1355\" \/>\ud83d\udcac <strong data-start=\"1358\" data-end=\"1372\">Besoin d&rsquo;aide\u00a0?<\/strong> Les instructions d&rsquo;installation ne sont pas fournies, mais n&rsquo;h\u00e9sitez pas \u00e0 nous contacter si vous avez besoin d&rsquo;aide.<\/p>\n","protected":false},"excerpt":{"rendered":"<p>Charni\u00e8res d&rsquo;\u00e9cran LCD Dell Latitude 5490 d&rsquo;origine (paire gauche et droite). Test\u00e9es, enti\u00e8rement fonctionnelles et id\u00e9ales pour remplacer les charni\u00e8res cass\u00e9es ou desserr\u00e9es.<\/p>\n","protected":false},"featured_media":17955,"template":"","meta":[],"product_brand":[],"product_cat":[55],"product_tag":[53],"class_list":{"0":"post-17918","1":"product","2":"type-product","3":"status-publish","4":"has-post-thumbnail","6":"product_cat-screen-hinge","7":"product_tag-dell","9":"first","10":"instock","11":"taxable","12":"shipping-taxable","13":"purchasable","14":"product-type-simple"},"_links":{"self":[{"href":"https:\/\/boreait.com\/fr\/wp-json\/wp\/v2\/product\/17918","targetHints":{"allow":["GET"]}}],"collection":[{"href":"https:\/\/boreait.com\/fr\/wp-json\/wp\/v2\/product"}],"about":[{"href":"https:\/\/boreait.com\/fr\/wp-json\/wp\/v2\/types\/product"}],"wp:featuredmedia":[{"embeddable":true,"href":"https:\/\/boreait.com\/fr\/wp-json\/wp\/v2\/media\/17955"}],"wp:attachment":[{"href":"https:\/\/boreait.com\/fr\/wp-json\/wp\/v2\/media?parent=17918"}],"wp:term":[{"taxonomy":"product_brand","embeddable":true,"href":"https:\/\/boreait.com\/fr\/wp-json\/wp\/v2\/product_brand?post=17918"},{"taxonomy":"product_cat","embeddable":true,"href":"https:\/\/boreait.com\/fr\/wp-json\/wp\/v2\/product_cat?post=17918"},{"taxonomy":"product_tag","embeddable":true,"href":"https:\/\/boreait.com\/fr\/wp-json\/wp\/v2\/product_tag?post=17918"}],"curies":[{"name":"wp","href":"https:\/\/api.w.org\/{rel}","templated":true}]}}