{"id":17908,"date":"2025-09-16T17:16:47","date_gmt":"2025-09-16T15:16:47","guid":{"rendered":"https:\/\/boreait.com\/fr\/?post_type=product&#038;p=17908"},"modified":"2025-09-16T17:17:19","modified_gmt":"2025-09-16T15:17:19","slug":"asus-zenbook-pro-15-um535qe-ecran-lcd-oled-fhd-156-pouces-brillant-neuf","status":"publish","type":"product","link":"https:\/\/boreait.com\/fr\/produit\/asus-zenbook-pro-15-um535qe-ecran-lcd-oled-fhd-156-pouces-brillant-neuf\/","title":{"rendered":"ASUS ZenBook Pro 15 UM535QE \u00c9cran LCD OLED FHD 15,6 pouces brillant NEUF"},"content":{"rendered":"<p data-start=\"493\" data-end=\"821\"><strong>\u00c9cran LCD ATNA56YX03 \u2013 ENTI\u00c8REMENT COMPATIBLE AVEC LES \u00c9CRANS D&rsquo;ORDINATEUR PORTABLE ASUS ZenBook Pro 15 UM535QE UM535 \/ M3500QC-L1081T<\/strong><\/p>\n<p data-start=\"456\" data-end=\"660\">Cet <strong data-start=\"461\" data-end=\"544\">\u00e9cran LCD de remplacement pour ASUS ZenBook Pro 15 UM535QE \/ UM535 \/ M3500QC-L1081T<\/strong> est la solution id\u00e9ale pour r\u00e9parer un \u00e9cran cass\u00e9 ou d\u00e9fectueux et restaurer les performances d&rsquo;origine de votre ordinateur portable.<\/p>\n<ul data-start=\"662\" data-end=\"915\">\n<li data-start=\"662\" data-end=\"681\">\n<p data-start=\"664\" data-end=\"681\"><strong data-start=\"664\" data-end=\"673\">Taille\u00a0:<\/strong> 15,6&Prime;<\/p>\n<\/li>\n<li data-start=\"682\" data-end=\"715\">\n<p data-start=\"684\" data-end=\"715\"><strong data-start=\"684\" data-end=\"699\">R\u00e9solution\u00a0:<\/strong> FHD 1920 x 1200<\/p>\n<\/li>\n<li data-start=\"716\" data-end=\"740\">\n<p data-start=\"718\" data-end=\"740\"><strong data-start=\"718\" data-end=\"733\">Technologie\u00a0:<\/strong> OLED<\/p>\n<\/li>\n<li data-start=\"741\" data-end=\"763\">\n<p data-start=\"743\" data-end=\"763\"><strong data-start=\"743\" data-end=\"754\">Finition\u00a0:<\/strong> Brillante<\/p>\n<\/li>\n<li data-start=\"764\" data-end=\"789\">\n<p data-start=\"766\" data-end=\"789\"><strong data-start=\"766\" data-end=\"780\">Connecteur\u00a0:<\/strong> 30 broches<\/p>\n<\/li>\n<li data-start=\"790\" data-end=\"813\">\n<p data-start=\"792\" data-end=\"813\"><strong data-start=\"792\" data-end=\"801\">Type\u00a0:<\/strong> Non tactile<\/p>\n<\/li>\n<li data-start=\"814\" data-end=\"874\">\n<p data-start=\"816\" data-end=\"874\"><strong data-start=\"816\" data-end=\"829\">Fixation\u00a0:<\/strong> bandes autocollantes incluses, sans supports<\/p>\n<\/li>\n<li data-start=\"875\" data-end=\"915\">\n<p data-start=\"877\" data-end=\"915\"><strong data-start=\"877\" data-end=\"891\">\u00c9tat\u00a0:<\/strong> neuf, jamais utilis\u00e9<\/p>\n<\/li>\n<\/ul>\n<p data-start=\"917\" data-end=\"1136\">Cet <strong data-start=\"922\" data-end=\"932\">\u00e9cran<\/strong> offre des couleurs vives, des d\u00e9tails pr\u00e9cis et une compatibilit\u00e9 totale avec la s\u00e9rie ZenBook Pro. Facile \u00e0 installer, il vous permet de remplacer rapidement votre ancien \u00e9cran et de profiter d&rsquo;une image nette et de haute qualit\u00e9. encore.<\/p>\n<p>&nbsp;<\/p>\n<p>&nbsp;<\/p>\n<p>&nbsp;<\/p>\n","protected":false},"excerpt":{"rendered":"<p><strong data-start=\"225\" data-end=\"297\">\u00c9cran LCD pour ASUS ZenBook Pro 15 UM535QE \/ UM535 \/ M3500QC-L1081T.<\/strong><br data-start=\"297\" data-end=\"300\" \/>15,6&Prime; FHD (1920 x 1200), OLED, brillant, 30 broches, non tactile. Bandes adh\u00e9sives double face incluses. Neuf.<\/p>\n","protected":false},"featured_media":17935,"template":"","meta":[],"product_brand":[],"product_cat":[105,95],"product_tag":[66],"class_list":{"0":"post-17908","1":"product","2":"type-product","3":"status-publish","4":"has-post-thumbnail","6":"product_cat-15-6-new-laptop-screens-lcd-panels","7":"product_cat-new-laptop-screens-lcd-panels","8":"product_tag-asus","10":"first","11":"instock","12":"taxable","13":"shipping-taxable","14":"purchasable","15":"product-type-simple"},"_links":{"self":[{"href":"https:\/\/boreait.com\/fr\/wp-json\/wp\/v2\/product\/17908","targetHints":{"allow":["GET"]}}],"collection":[{"href":"https:\/\/boreait.com\/fr\/wp-json\/wp\/v2\/product"}],"about":[{"href":"https:\/\/boreait.com\/fr\/wp-json\/wp\/v2\/types\/product"}],"wp:featuredmedia":[{"embeddable":true,"href":"https:\/\/boreait.com\/fr\/wp-json\/wp\/v2\/media\/17935"}],"wp:attachment":[{"href":"https:\/\/boreait.com\/fr\/wp-json\/wp\/v2\/media?parent=17908"}],"wp:term":[{"taxonomy":"product_brand","embeddable":true,"href":"https:\/\/boreait.com\/fr\/wp-json\/wp\/v2\/product_brand?post=17908"},{"taxonomy":"product_cat","embeddable":true,"href":"https:\/\/boreait.com\/fr\/wp-json\/wp\/v2\/product_cat?post=17908"},{"taxonomy":"product_tag","embeddable":true,"href":"https:\/\/boreait.com\/fr\/wp-json\/wp\/v2\/product_tag?post=17908"}],"curies":[{"name":"wp","href":"https:\/\/api.w.org\/{rel}","templated":true}]}}