{"id":17907,"date":"2025-09-16T17:16:47","date_gmt":"2025-09-16T15:16:47","guid":{"rendered":"https:\/\/boreait.com\/fr\/?post_type=product&#038;p=17907"},"modified":"2025-09-16T17:17:18","modified_gmt":"2025-09-16T15:17:18","slug":"asus-vivobook-m3500q-m5100u-m6500-ecran-oled-156-fhd-brillant-30-broches","status":"publish","type":"product","link":"https:\/\/boreait.com\/fr\/produit\/asus-vivobook-m3500q-m5100u-m6500-ecran-oled-156-fhd-brillant-30-broches\/","title":{"rendered":"ASUS Vivobook M3500Q M5100U M6500 \u00c9cran OLED 15,6&Prime; FHD brillant 30 broches"},"content":{"rendered":"<p data-start=\"493\" data-end=\"821\"><strong>\u00c9cran LCD ATNA56YX03 \u2013 ENTI\u00c8REMENT COMPATIBLE AVEC LES \u00c9CRANS D&rsquo;ORDINATEUR PORTABLE ASUS Vivobook M3500Q k3500p M5100U M6500 M3500QCNEUVE<\/strong><\/p>\n<p data-start=\"483\" data-end=\"708\">Remplacez votre \u00e9cran endommag\u00e9 ou cass\u00e9 par cet <strong data-start=\"571\" data-end=\"606\">\u00e9cran OLED 15,6&Prime; haute qualit\u00e9<\/strong> con\u00e7u pour la s\u00e9rie ASUS Vivobook, notamment les mod\u00e8les M3500Q, K3500P, M5100U, M6500 et M3500QC.<\/p>\n<p data-start=\"710\" data-end=\"973\">Dot\u00e9 d&rsquo;un <strong data-start=\"722\" data-end=\"764\">Avec une r\u00e9solution Full HD de 1920 x 1200 pixels<\/strong>, cet \u00e9cran offre des images nettes et \u00e9clatantes, avec le contraste profond et les couleurs riches de la technologie OLED. Sa <strong data-start=\"872\" data-end=\"890\">surface brillante<\/strong> am\u00e9liore la clart\u00e9 visuelle, ce qui le rend id\u00e9al pour le multim\u00e9dia, le travail et une utilisation quotidienne.<\/p>\n<p data-start=\"975\" data-end=\"990\">Principales caract\u00e9ristiques\u00a0:<\/p>\n<ul data-start=\"991\" data-end=\"1248\">\n<li data-start=\"991\" data-end=\"1016\">\n<p data-start=\"993\" data-end=\"1016\">Taille\u00a0: <strong data-start=\"999\" data-end=\"1014\">15,6 pouces<\/strong><\/p>\n<\/li>\n<li data-start=\"1017\" data-end=\"1050\">\n<p data-start=\"1019\" data-end=\"1050\">R\u00e9solution\u00a0: <strong data-start=\"1031\" data-end=\"1048\">FHD 1920 x 1200<\/strong><\/p>\n<\/li>\n<li data-start=\"1051\" data-end=\"1075\">\n<p data-start=\"1053\" data-end=\"1075\">Technologie\u00a0: <strong data-start=\"1065\" data-end=\"1073\">OLED<\/strong><\/p>\n<\/li>\n<li data-start=\"1076\" data-end=\"1098\">\n<p data-start=\"1078\" data-end=\"1098\">Finition\u00a0: <strong data-start=\"1086\" data-end=\"1096\">Brillant<\/strong><\/p>\n<\/li>\n<li data-start=\"1099\" data-end=\"1128\">\n<p data-start=\"1101\" data-end=\"1128\">Connecteur\u00a0: <strong data-start=\"1112\" data-end=\"1126\">eDP 30 broches<\/strong><\/p>\n<\/li>\n<li data-start=\"1129\" data-end=\"1152\">\n<p data-start=\"1131\" data-end=\"1152\">Type\u00a0: <strong data-start=\"1137\" data-end=\"1150\">Non tactile<\/strong><\/p>\n<\/li>\n<li data-start=\"1153\" data-end=\"1219\">\n<p data-start=\"1155\" data-end=\"1219\">Montage\u00a0: <strong data-start=\"1165\" data-end=\"1217\">Sans supports \u2013 bandes autocollantes incluses<\/strong><\/p>\n<\/li>\n<li data-start=\"1220\" data-end=\"1248\">\n<p data-start=\"1222\" data-end=\"1248\">\u00c9tat\u00a0: <strong data-start=\"1233\" data-end=\"1246\">Neuf<\/strong><\/p>\n<\/li>\n<\/ul>\n<p data-start=\"1250\" data-end=\"1393\">Cet \u00e9cran de remplacement assure une compatibilit\u00e9 parfaite avec votre ordinateur portable ASUS Vivobook, offrant une installation facile et des performances fiables.<\/p>\n<p data-start=\"1395\" data-end=\"1492\">\ud83d\udce6 <strong data-start=\"1398\" data-end=\"1419\">Contenu du colis\u00a0:<\/strong><br data-start=\"1419\" data-end=\"1422\" \/>1 \u00e9cran de remplacement neuf, emball\u00e9 avec soin pour une livraison s\u00e9curis\u00e9e.<\/p>\n<p>&nbsp;<\/p>\n<p>&nbsp;<\/p>\n<p>&nbsp;<\/p>\n","protected":false},"excerpt":{"rendered":"<p>\u00c9cran LCD OLED 15,6&Prime; neuf pour ASUS Vivobook (M3500Q, K3500P, M5100U, M6500, M3500QC). R\u00e9solution Full HD 1920 x 1200, finition brillante, connecteur 30 broches, non tactile. Bandes autocollantes incluses pour une installation facile.<\/p>\n","protected":false},"featured_media":17935,"template":"","meta":[],"product_brand":[],"product_cat":[105,95],"product_tag":[66],"class_list":{"0":"post-17907","1":"product","2":"type-product","3":"status-publish","4":"has-post-thumbnail","6":"product_cat-15-6-new-laptop-screens-lcd-panels","7":"product_cat-new-laptop-screens-lcd-panels","8":"product_tag-asus","10":"first","11":"instock","12":"taxable","13":"shipping-taxable","14":"purchasable","15":"product-type-simple"},"_links":{"self":[{"href":"https:\/\/boreait.com\/fr\/wp-json\/wp\/v2\/product\/17907","targetHints":{"allow":["GET"]}}],"collection":[{"href":"https:\/\/boreait.com\/fr\/wp-json\/wp\/v2\/product"}],"about":[{"href":"https:\/\/boreait.com\/fr\/wp-json\/wp\/v2\/types\/product"}],"wp:featuredmedia":[{"embeddable":true,"href":"https:\/\/boreait.com\/fr\/wp-json\/wp\/v2\/media\/17935"}],"wp:attachment":[{"href":"https:\/\/boreait.com\/fr\/wp-json\/wp\/v2\/media?parent=17907"}],"wp:term":[{"taxonomy":"product_brand","embeddable":true,"href":"https:\/\/boreait.com\/fr\/wp-json\/wp\/v2\/product_brand?post=17907"},{"taxonomy":"product_cat","embeddable":true,"href":"https:\/\/boreait.com\/fr\/wp-json\/wp\/v2\/product_cat?post=17907"},{"taxonomy":"product_tag","embeddable":true,"href":"https:\/\/boreait.com\/fr\/wp-json\/wp\/v2\/product_tag?post=17907"}],"curies":[{"name":"wp","href":"https:\/\/api.w.org\/{rel}","templated":true}]}}